{"id":968,"date":"2021-04-09T16:17:15","date_gmt":"2021-04-09T14:17:15","guid":{"rendered":"https:\/\/sport-goslar.de\/verein-shop\/?post_type=product&#038;p=968"},"modified":"2024-05-07T17:43:15","modified_gmt":"2024-05-07T15:43:15","slug":"duschtuch-lehrter-sport-verein","status":"publish","type":"product","link":"https:\/\/sport-goslar.de\/verein-shop\/produkt\/duschtuch-lehrter-sport-verein\/","title":{"rendered":"Duschtuch Lehrter Sport Verein"},"content":{"rendered":"<p>Hallo Mitglieder des Lehrter Sport Vereins,<\/p>\n<p>habt ihr schon unseren coolen Onlineshop f\u00fcr den Lehrter SV entdeckt? Wir sind richtig begeistert, euch die M\u00f6glichkeit zu geben, eure Vereinskollektion online zu zeigen und die besten Sachen f\u00fcr euer Team zu finden. Und wisst ihr was? Das gilt nicht nur f\u00fcr uns, sondern wir k\u00f6nnen auch f\u00fcr andere Vereine individuelle Shops machen! Unser Team steht bereit, um euch pers\u00f6nlich zu beraten und den perfekten Shop f\u00fcr euer Team zu erstellen.<\/p>\n<p>Egal, ob ihr auf dem Platz, im Wasser oder in der Halle rockt oder einfach nur als Breitensportverein abh\u00e4ngt \u2013 wir sind f\u00fcr alle am Start, um euer Team aufs n\u00e4chste Level zu bringen! Dank unserer guten Connections zu den Big Playern in der Sportartikelwelt, kriegt ihr bei uns die fettsten Deals und coolsten Sponsoring-Deals abgegriffen. Also, lasst uns zusammen Gas geben und eure Vereinskollektion aufpimpen!<\/p>\n<p>&nbsp;<\/p>\n<p>Hier sind ein paar Gr\u00fcnde, warum ihr euch unbedingt f\u00fcr uns entscheiden solltet:<\/p>\n<p>&nbsp;<\/p>\n<ol>\n<li>**Individuelle Beratung vom Feinsten**: Wir checken mit euch ab, was zu euch passt und welche Hersteller die richtigen Moves machen.<\/li>\n<\/ol>\n<p>&nbsp;<\/p>\n<ol start=\"2\">\n<li>**Top-Konditionen und Gratisware**: Als Partner von Landesverb\u00e4nden und unz\u00e4hligen Vereinen haben wir die Connections, um euch die fettesten Konditionen zu liefern.<\/li>\n<\/ol>\n<p>&nbsp;<\/p>\n<ol start=\"3\">\n<li>**Kostenloser Onlineshop-Party**: Wir werfen den Onlineshop an den Start, bef\u00fcllen ihn mit euren Lieblingsst\u00fccken und machen die Preise so hei\u00df, dass ihr euch die Finger verbrennt \u2013 und das alles ohne Extrakosten!<\/li>\n<\/ol>\n<p>&nbsp;<\/p>\n<ol start=\"4\">\n<li>**Einheitlicher Style f\u00fcr euer Team**: Mit einem einheitlichen und professionellen Auftritt st\u00e4rken wir das Teamgef\u00fchl und geben eurem Verein den richtigen Swag \u2013 ob auf dem Platz oder auf der Trib\u00fcne!<\/li>\n<\/ol>\n<p>&nbsp;<\/p>\n<ol start=\"5\">\n<li>**Ehrenamtliche k\u00f6nnen chillen**: Dank unseres Onlineshops k\u00f6nnen sich eure Teammates ganz entspannt die coolsten Teile ordern, w\u00e4hrend die Verantwortlichen sich zur\u00fccklehnen und entspannt die F\u00fc\u00dfe hochlegen.<\/li>\n<\/ol>\n<p>&nbsp;<\/p>\n<ol start=\"6\">\n<li>**Pers\u00f6nliche Betreuung Deluxe**: Euer pers\u00f6nlicher Ansprechpartner steht euch rund um die Uhr zur Seite \u2013 vom richtigen Print bis zur P\u00fcnktlichkeit der Lieferung!<\/li>\n<\/ol>\n<p>&nbsp;<\/p>\n<p>&nbsp;<\/p>\n<p>&nbsp;<\/p>\n<p>&nbsp;<\/p>\n<p>&nbsp;<\/p>\n<p>&nbsp;<\/p>\n<p>&nbsp;<\/p>\n<p>Ware die invividuell f\u00fcr euch veredelt wird (also z.B. mit Spielernamen, Nummern, Sponsorenlogos, Vereinswappen, Initalien, etc bedruckt\/beflockt wird) gilt als Sonderanfertigung und ist von einem Umtausch leider ausgeschlossen.<\/p>\n","protected":false},"excerpt":{"rendered":"<p><strong>Duschtuch Lehrter SV<br \/>\n<\/strong><\/p>\n<div class=\"woocommerce-product-details__short-description\">\n<p>Duschtuch mit Sublimationsdruck mit eurem individuellem Vereinwappen und Farben! Ein optisches Highlight in den Ma\u00dfen 70 x 140 cm. Wir veredeln dies mit einem hochwertigen Sublimationsdruck den wir individuell auftragen. Beim Sublimationdruck-Verfahren wird die Farbe direkt auf dem Material bei einer Temperatur von ca. 200\u00b0C eingedampft (sublimieren) Die Farbe bleibt dabei direkt an jeder einzelnen Faser haften und wird nicht oben drauf mit einer harten Tr\u00e4gerschicht aufgeb\u00fcgelt. Die Farbpigmente sind somit ein Teil des Stoffes und werden nicht aufgeklebt wie z.B. beim Plotterverfahren \u00fcblich. Die HALTBARKEIT ist durch das direkte eindampfen der Farbe in das Material mit keiner andere Methode vergleichbar! Der Sublimationddruck verliert sich bei unz\u00e4hligen hei\u00dfen W\u00e4schen nie an Brillanz. Die UV- und Farbbest\u00e4ndigkeit sucht seinesgleichen. Eine ist Seite ist aus 100% Polyester, das nur bei diesem Material die Drucktechnik m\u00f6glich ist. Die andere Seite ist aus unbedruckter Baumwolle und nimmt die Feutigkeit perfekt auf.<\/p>\n<\/div>\n<p>Gr\u00f6\u00dfe\u00a0 L<\/p>\n<p>Lieferzeit: ca 7- 14 Tage<\/p>\n<table border=\"1\" cellspacing=\"0\" cellpadding=\"0\">\n<tbody>\n<tr>\n<td><strong>Menge<\/strong><\/td>\n<td><strong>Preis<\/strong><\/td>\n<\/tr>\n<tr>\n<td>1 &#8211; 4<\/td>\n<td>35,99 \u20ac<\/td>\n<\/tr>\n<tr>\n<td>5 &#8211; 9<\/td>\n<td>33,99 \u20ac<\/td>\n<\/tr>\n<tr>\n<td>10-20<\/td>\n<td>32,99 \u20ac<\/td>\n<\/tr>\n<\/tbody>\n<\/table>\n<p>&nbsp;<\/p>\n","protected":false},"featured_media":970,"template":"","meta":[],"product_brand":[],"product_cat":[257,222],"product_tag":[],"class_list":{"0":"post-968","1":"product","2":"type-product","3":"status-publish","4":"has-post-thumbnail","6":"product_cat-handtuecher-badepantoletten-lsv","7":"product_cat-lehrter-sv","8":"description-off","10":"first","11":"instock","12":"sale","13":"taxable","14":"shipping-taxable","15":"purchasable","16":"product-type-variable"},"_links":{"self":[{"href":"https:\/\/sport-goslar.de\/verein-shop\/wp-json\/wp\/v2\/product\/968","targetHints":{"allow":["GET"]}}],"collection":[{"href":"https:\/\/sport-goslar.de\/verein-shop\/wp-json\/wp\/v2\/product"}],"about":[{"href":"https:\/\/sport-goslar.de\/verein-shop\/wp-json\/wp\/v2\/types\/product"}],"wp:featuredmedia":[{"embeddable":true,"href":"https:\/\/sport-goslar.de\/verein-shop\/wp-json\/wp\/v2\/media\/970"}],"wp:attachment":[{"href":"https:\/\/sport-goslar.de\/verein-shop\/wp-json\/wp\/v2\/media?parent=968"}],"wp:term":[{"taxonomy":"product_brand","embeddable":true,"href":"https:\/\/sport-goslar.de\/verein-shop\/wp-json\/wp\/v2\/product_brand?post=968"},{"taxonomy":"product_cat","embeddable":true,"href":"https:\/\/sport-goslar.de\/verein-shop\/wp-json\/wp\/v2\/product_cat?post=968"},{"taxonomy":"product_tag","embeddable":true,"href":"https:\/\/sport-goslar.de\/verein-shop\/wp-json\/wp\/v2\/product_tag?post=968"}],"curies":[{"name":"wp","href":"https:\/\/api.w.org\/{rel}","templated":true}]}}