{"id":963,"date":"2021-04-09T15:52:44","date_gmt":"2021-04-09T13:52:44","guid":{"rendered":"https:\/\/sport-goslar.de\/verein-shop\/?post_type=product&#038;p=963"},"modified":"2024-05-10T13:10:12","modified_gmt":"2024-05-10T11:10:12","slug":"hml-teamsock-basic-inklusive-vereinswappen","status":"publish","type":"product","link":"https:\/\/sport-goslar.de\/verein-shop\/produkt\/hml-teamsock-basic-inklusive-vereinswappen\/","title":{"rendered":"HML Teamsock Basic inklusive Vereinswappen"},"content":{"rendered":"<p>Hey Leute,<\/p>\n<p>seid ihr schon auf unseren hei\u00dfen Onlineshop f\u00fcr den<strong> Lehrter SV<\/strong> gesto\u00dfen?<\/p>\n<p>Wir sind richtig stolz darauf, euch die M\u00f6glichkeit zu bieten, eure Vereinskollektion online zu pr\u00e4sentieren und die absoluten Knallerprodukte f\u00fcr euer Team zu ergattern.<\/p>\n<p>Und wisst ihr was? Das ist nicht nur f\u00fcr den Lehrter SV gedacht, wir k\u00f6nnen auch f\u00fcr alle anderen Vereine individuelle Shops aus dem Boden stampfen!<\/p>\n<p>Unser Team steht bereit, um euch pers\u00f6nlich zu beraten und den besten Onlineshop \u00fcberhaupt zu kreieren.<\/p>\n<p>&nbsp;<\/p>\n<p>&nbsp;<\/p>\n<p>Willkommen bei Sport Goslar, deinem Spezialisten f\u00fcr Corporate Fashion! Wir sind deine Anlaufstelle f\u00fcr hochwertige Marken wie Jako, Hummel und Erima sowie zeitlose Basics mit einem unschlagbaren Preis-Leistungs-Verh\u00e4ltnis. Mit \u00fcber 900 designten Produkten und bis zu 250 verschiedenen Farbvariationen bieten wir f\u00fcr jede Herausforderung die passende L\u00f6sung.<\/p>\n<p>&nbsp;<\/p>\n<p>Als offizieller Ausstatter von f\u00fcnf Landesverb\u00e4nden wie dem Nieders\u00e4chsichen Leichtathletik Verbandes, des Landesschwimmverband Niedersachsen, des Nieders\u00e4chsischen Sportsch\u00fctzenverbandes, des Squash Verband Niedersachsen, sowie des Triathlon Verband Niedersachsen mit insgesamt 275.148 Mitgliedern aus 2909 angeschlossenen Vereinen sind wir der Ansprechpartner f\u00fcr Firmen, Schulen, Praxen, Sportvereine- und Verb\u00e4nde.<\/p>\n<p>&nbsp;<\/p>\n<p>Unser Fokus liegt auf Qualit\u00e4t und Individualit\u00e4t. Deshalb bieten wir nicht nur eine breite Auswahl an Produkten f\u00fcr die Bereiche Promotion, Sport, Freizeit, Business und Headwear, sondern auch ma\u00dfgeschneiderte textile Veredelungsm\u00f6glichkeiten. Von hochwertigem Siebdruck \u00fcber Flock bis hin zu den neuesten Sublimationsdrucktechniken verleihen wir deinen Textilien den perfekten Look.<\/p>\n<p>&nbsp;<\/p>\n<p>Als Full-Service-Anbieter stehen wir unseren Kunden mit langj\u00e4hrigem Expertenwissen und einem umfangreichen Serviceangebot zur Seite. Von der ganzheitlichen Beratung bis hin zur individuellen Gestaltung von Corporate Fashion Konzepten bieten wir alles aus einer Hand.<\/p>\n<p>&nbsp;<\/p>\n<p>Als Familienunternehmen mit einer Tradition seit 1894 legen wir besonderen Wert auf Nachhaltigkeit und einen fairen Umgang mit unserer Umwelt. Daher setzen wir auf innovative und langlebige Kollektionen aus Bio-Baumwolle und recyceltem Polyester. Wir sind der Profi f\u00fcr Bedruckung, Siebdruck, Transferdruck, Sublimationsdruck, Digitaldruck, Stick, Textilveredelung, Textilbeschriftung, Flexdruck, Flockdruck, Aufdruck, Logodruck, Logo-Bedruckung, T-Shirt-Druck, Werbetextilien, Stickereiarbeiten, Sticken, individualisierte Trikots und Sonderanfertigungen, Personalisierung, Stickerei-Service, Druckservice, Textilwerbung, Textildruck, Textilverarbeitung, Textilgestaltung und Sublimationsdruck in Hannover &#8211; Lehrte<\/p>\n<p>&nbsp;<\/p>\n<p>&nbsp;<\/p>\n","protected":false},"excerpt":{"rendered":"<p><strong>HML Teamsock Basic mit Vereinswappen und Jahreszahl<br \/>\n<\/strong><\/p>\n<p>Diese individuelle f\u00fcr den Verein angefertigte Socken erh\u00e4ltet ihr zurzeit nur direkt \u00fcber die Gesch\u00e4ftstelle eures Vereins<\/p>\n<p>&nbsp;<\/p>\n<p>Gr\u00f6\u00dfe\u00a0 35 &#8211; 50<\/p>\n<p>Lieferzeit: Sofort bei der GS des LSV verf\u00fcgbar!<\/p>\n<table border=\"1\" cellspacing=\"0\" cellpadding=\"0\">\n<tbody>\n<tr>\n<td><strong>Menge<\/strong><\/td>\n<td><strong>Preis<\/strong><\/td>\n<\/tr>\n<tr>\n<td>1 &#8211; 2<\/td>\n<td>11,50 \u20ac<\/td>\n<\/tr>\n<tr>\n<td>3 &#8211; 10<\/td>\n<td>11,50 \u20ac<\/td>\n<\/tr>\n<tr>\n<td>10-50<\/td>\n<td>11,50 \u20ac<\/td>\n<\/tr>\n<\/tbody>\n<\/table>\n<p>&nbsp;<\/p>\n","protected":false},"featured_media":966,"template":"","meta":[],"product_brand":[],"product_cat":[222,307,265,273],"product_tag":[],"class_list":{"0":"post-963","1":"product","2":"type-product","3":"status-publish","4":"has-post-thumbnail","6":"product_cat-lehrter-sv","7":"product_cat-teamline-1874","8":"product_cat-unterwaesche-socken-hml","9":"product_cat-unterwaesche-socken-lsv","10":"description-off","12":"first","13":"instock","14":"sale","15":"taxable","16":"shipping-taxable","17":"purchasable","18":"product-type-variable"},"_links":{"self":[{"href":"https:\/\/sport-goslar.de\/verein-shop\/wp-json\/wp\/v2\/product\/963","targetHints":{"allow":["GET"]}}],"collection":[{"href":"https:\/\/sport-goslar.de\/verein-shop\/wp-json\/wp\/v2\/product"}],"about":[{"href":"https:\/\/sport-goslar.de\/verein-shop\/wp-json\/wp\/v2\/types\/product"}],"wp:featuredmedia":[{"embeddable":true,"href":"https:\/\/sport-goslar.de\/verein-shop\/wp-json\/wp\/v2\/media\/966"}],"wp:attachment":[{"href":"https:\/\/sport-goslar.de\/verein-shop\/wp-json\/wp\/v2\/media?parent=963"}],"wp:term":[{"taxonomy":"product_brand","embeddable":true,"href":"https:\/\/sport-goslar.de\/verein-shop\/wp-json\/wp\/v2\/product_brand?post=963"},{"taxonomy":"product_cat","embeddable":true,"href":"https:\/\/sport-goslar.de\/verein-shop\/wp-json\/wp\/v2\/product_cat?post=963"},{"taxonomy":"product_tag","embeddable":true,"href":"https:\/\/sport-goslar.de\/verein-shop\/wp-json\/wp\/v2\/product_tag?post=963"}],"curies":[{"name":"wp","href":"https:\/\/api.w.org\/{rel}","templated":true}]}}