{"id":891,"date":"2021-04-06T17:03:21","date_gmt":"2021-04-06T15:03:21","guid":{"rendered":"https:\/\/sport-goslar.de\/verein-shop\/?post_type=product&#038;p=891"},"modified":"2021-04-21T16:39:00","modified_gmt":"2021-04-21T14:39:00","slug":"zusaetzlicher-spielername","status":"publish","type":"product","link":"https:\/\/sport-goslar.de\/verein-shop\/produkt\/zusaetzlicher-spielername\/","title":{"rendered":"Zus\u00e4tzlicher SPIELERNAME"},"content":{"rendered":"","protected":false},"excerpt":{"rendered":"<p><strong>Hier k\u00f6nnt ihr den Namen f\u00fcr eure Hoodies extra kaufen!<\/strong> Bitte vergesst nicht uns am Ende der Bestellung \u00fcber die Bemerkungzeile den Namen mitzuteilen und bei mehreren Teilen die Gr\u00f6\u00dfe und Farbe oder sendet uns eine Namensliste zus\u00e4tzlich per E-Mail<\/p>\n<p>&nbsp;<\/p>\n<p>Lieferzeit: ca 10 &#8211; 20 Tage<\/p>\n<table border=\"1\" cellspacing=\"0\" cellpadding=\"0\">\n<tbody>\n<tr>\n<td><strong>Menge<\/strong><\/td>\n<td><strong>Preis<\/strong><\/td>\n<\/tr>\n<tr>\n<td>1 &#8211; 3<\/td>\n<td>6,99 \u20ac<\/td>\n<\/tr>\n<tr>\n<td>5 &#8211; 9<\/td>\n<td>6,50 \u20ac<\/td>\n<\/tr>\n<tr>\n<td>10-20<\/td>\n<td>5,99 \u20ac<\/td>\n<\/tr>\n<\/tbody>\n<\/table>\n<p>&nbsp;<\/p>\n","protected":false},"featured_media":895,"template":"","meta":[],"product_brand":[],"product_cat":[144,140],"product_tag":[],"class_list":{"0":"post-891","1":"product","2":"type-product","3":"status-publish","4":"has-post-thumbnail","6":"product_cat-kollektion-mellendorfer-tv","7":"product_cat-mellendorfer-tv","8":"description-off","10":"first","11":"instock","12":"sale","13":"taxable","14":"shipping-taxable","15":"purchasable","16":"product-type-variable"},"_links":{"self":[{"href":"https:\/\/sport-goslar.de\/verein-shop\/wp-json\/wp\/v2\/product\/891","targetHints":{"allow":["GET"]}}],"collection":[{"href":"https:\/\/sport-goslar.de\/verein-shop\/wp-json\/wp\/v2\/product"}],"about":[{"href":"https:\/\/sport-goslar.de\/verein-shop\/wp-json\/wp\/v2\/types\/product"}],"wp:featuredmedia":[{"embeddable":true,"href":"https:\/\/sport-goslar.de\/verein-shop\/wp-json\/wp\/v2\/media\/895"}],"wp:attachment":[{"href":"https:\/\/sport-goslar.de\/verein-shop\/wp-json\/wp\/v2\/media?parent=891"}],"wp:term":[{"taxonomy":"product_brand","embeddable":true,"href":"https:\/\/sport-goslar.de\/verein-shop\/wp-json\/wp\/v2\/product_brand?post=891"},{"taxonomy":"product_cat","embeddable":true,"href":"https:\/\/sport-goslar.de\/verein-shop\/wp-json\/wp\/v2\/product_cat?post=891"},{"taxonomy":"product_tag","embeddable":true,"href":"https:\/\/sport-goslar.de\/verein-shop\/wp-json\/wp\/v2\/product_tag?post=891"}],"curies":[{"name":"wp","href":"https:\/\/api.w.org\/{rel}","templated":true}]}}