{"id":704,"date":"2021-02-22T10:05:46","date_gmt":"2021-02-22T09:05:46","guid":{"rendered":"http:\/\/sport-goslar.de\/verein-shop\/?post_type=product&#038;p=704"},"modified":"2024-03-11T18:14:44","modified_gmt":"2024-03-11T17:14:44","slug":"hml-go-pant-cotton-men","status":"publish","type":"product","link":"https:\/\/sport-goslar.de\/verein-shop\/produkt\/hml-go-pant-cotton-men\/","title":{"rendered":"HML Go Pant Cotton Men"},"content":{"rendered":"<p>Hey Sportfans,<\/p>\n<p>habt ihr schon unseren ultra-krassen Onlineshop f\u00fcr Vereine entdeckt? Wir sind richtig stolz darauf, euch die M\u00f6glichkeit zu bieten, eure Vereinskollektion online zu pr\u00e4sentieren und die absoluten Knallerprodukte f\u00fcr euer Team zu ergattern.<\/p>\n<p>Und was soll ich sagen? Unser Shop ist nicht nur f\u00fcr Vereine in Niedersachsen gedacht, sondern auch f\u00fcr andere Vereine in ganz Deutschland geeignet! Also, lasst uns jetzt gemeinsam durchstarten und euren perfekten Teamshop auf die Beine stellen!<\/p>\n","protected":false},"excerpt":{"rendered":"<p><strong>Herren Jogginhose f\u00fcr Freizeit oder Torh\u00fcter<br \/>\n<\/strong><\/p>\n<p>Wenn es l\u00e4ssig sein soll ziehen Sie die legere HMLGO COTTON PANT komplett mit Kn\u00f6chelchevrons, H\u00fcfttaschen und einem bedruckten hummel\u00ae-Logo an und genie\u00dfen den extremen Komfort eines weichen Sweat-Materials. Weiches Sweat-Gewebe, Kn\u00f6chel-Chevrons, H\u00fcfttaschen, gedrucktes Logo, Qualit\u00e4t: 80 % Baumwolle, 20 % Polyester Art. 203530<\/p>\n<p>UVP 44,95 \u20ac<\/p>\n<p>Fb 2001 =schwarz\/wei\u00df<\/p>\n<p>Gr\u00f6\u00dfe\u00a0 S &#8211; 3XL<\/p>\n<p>Lieferzeit: ca 3 &#8211; 10 Tage<\/p>\n<table border=\"1\" cellspacing=\"0\" cellpadding=\"0\">\n<tbody>\n<tr>\n<td><strong>Menge<\/strong><\/td>\n<td><strong>Preis<\/strong><\/td>\n<\/tr>\n<tr>\n<td>1 &#8211; 2<\/td>\n<td>29,99 \u20ac<\/td>\n<\/tr>\n<tr>\n<td>3 &#8211; 9<\/td>\n<td>26,99 \u20ac<\/td>\n<\/tr>\n<tr>\n<td>10-50<\/td>\n<td>25,99 \u20ac<\/td>\n<\/tr>\n<\/tbody>\n<\/table>\n<p>&nbsp;<\/p>\n<p>&nbsp;<\/p>\n<p>&nbsp;<\/p>\n<table border=\"1\" cellspacing=\"0\" cellpadding=\"0\">\n<tbody>\n<tr>\n<td><\/td>\n<td><\/td>\n<\/tr>\n<tr>\n<td><\/td>\n<td><\/td>\n<\/tr>\n<tr>\n<td><\/td>\n<td><\/td>\n<\/tr>\n<tr>\n<td><\/td>\n<td><\/td>\n<\/tr>\n<\/tbody>\n<\/table>\n<p>&nbsp;<\/p>\n<p>&nbsp;<\/p>\n","protected":false},"featured_media":729,"template":"","meta":[],"product_brand":[],"product_cat":[223,214,222,219,140,220,398,281,262,277,270,190,291,288,218,15],"product_tag":[],"class_list":{"0":"post-704","1":"product","2":"type-product","3":"status-publish","4":"has-post-thumbnail","6":"product_cat-fc-lehrte","7":"product_cat-hummel","8":"product_cat-lehrter-sv","9":"product_cat-lsn-shop","10":"product_cat-mellendorfer-tv","11":"product_cat-mtv-wolfenbuettel","12":"product_cat-short-hosen-tkj-sarstedt","13":"product_cat-short-u-hosen-fcl","14":"product_cat-short-und-hosen-hml","15":"product_cat-short-u-hosen-lsn","16":"product_cat-short-u-hosen-lsv","17":"product_cat-short-und-hosen-mellendorfer-tv","18":"product_cat-short-u-hosen-mtv-wolfenbuettel","19":"product_cat-short-u-hosen-tvn","20":"product_cat-tvn-shop","21":"product_cat-vereine","22":"description-off","24":"first","25":"instock","26":"sale","27":"taxable","28":"shipping-taxable","29":"purchasable","30":"product-type-variable"},"_links":{"self":[{"href":"https:\/\/sport-goslar.de\/verein-shop\/wp-json\/wp\/v2\/product\/704","targetHints":{"allow":["GET"]}}],"collection":[{"href":"https:\/\/sport-goslar.de\/verein-shop\/wp-json\/wp\/v2\/product"}],"about":[{"href":"https:\/\/sport-goslar.de\/verein-shop\/wp-json\/wp\/v2\/types\/product"}],"wp:featuredmedia":[{"embeddable":true,"href":"https:\/\/sport-goslar.de\/verein-shop\/wp-json\/wp\/v2\/media\/729"}],"wp:attachment":[{"href":"https:\/\/sport-goslar.de\/verein-shop\/wp-json\/wp\/v2\/media?parent=704"}],"wp:term":[{"taxonomy":"product_brand","embeddable":true,"href":"https:\/\/sport-goslar.de\/verein-shop\/wp-json\/wp\/v2\/product_brand?post=704"},{"taxonomy":"product_cat","embeddable":true,"href":"https:\/\/sport-goslar.de\/verein-shop\/wp-json\/wp\/v2\/product_cat?post=704"},{"taxonomy":"product_tag","embeddable":true,"href":"https:\/\/sport-goslar.de\/verein-shop\/wp-json\/wp\/v2\/product_tag?post=704"}],"curies":[{"name":"wp","href":"https:\/\/api.w.org\/{rel}","templated":true}]}}