{"id":691,"date":"2021-02-22T09:42:01","date_gmt":"2021-02-22T08:42:01","guid":{"rendered":"http:\/\/sport-goslar.de\/verein-shop\/?post_type=product&#038;p=691"},"modified":"2024-03-11T18:17:28","modified_gmt":"2024-03-11T17:17:28","slug":"hml-authentic-training-pant-unisex","status":"publish","type":"product","link":"https:\/\/sport-goslar.de\/verein-shop\/produkt\/hml-authentic-training-pant-unisex\/","title":{"rendered":"HML Authentic Training Pant Unisex"},"content":{"rendered":"<p>Hallo Sportfans,<\/p>\n<p>habt ihr schon unseren super praktischen Onlineshop f\u00fcr Vereine in Niedersachsen entdeckt? Wir freuen uns, euch die M\u00f6glichkeit zu bieten, eure Vereinskollektion online zu pr\u00e4sentieren und die besten Produkte f\u00fcr euer Team zu finden.<\/p>\n<p>Und das Beste? Unser Shop ist nicht nur f\u00fcr Vereine und Landesverb\u00e4nde in Niedersachse gedacht, sondern auch f\u00fcr andere Vereine in ganz Deutschland geeignet!<\/p>\n<p>&nbsp;<\/p>\n<p>Lasst uns zusammenarbeiten, um den idealen Shop f\u00fcr euer Team zu gestalten.<\/p>\n","protected":false},"excerpt":{"rendered":"<p><strong>Trainingshose (enge Beinform)<br \/>\n<\/strong><\/p>\n<p>Die hmlAUTHENTIC TRAINING PANT bietet optimalen Komfort und Leistung beim Training oder im Spiel und hilft dabei, deine maximale Leistung zu erreichen und gleichzeitig dein Bestes zu geben. Diese eng geschnittene Hose ist aus weichem Stoff gefertigt und hat eine bequeme Zugschnur an der Taille. Sie zeichnet sich durch das hummel\u00ae Bumblebee\u00ae Logo sowie vier kultige hummel\u00ae Winkel an der Knieau\u00dfenseite aus. Ein perfekter Partner f\u00fcr jedes Top aus dem hummel\u00ae AUTHENTIC Sortiment. Bumblebee\u00ae Aufn\u00e4her und kultige Winkel, weiches Material, Zugschnur an der Taille, Qualit\u00e4t: 100 % Humel bietet diese Hose nicht in einem speziellen Damenschnitt an. Polyester, Art 204933<\/p>\n<p>UVP 44,95 \u20ac<\/p>\n<p>Fb 2114 =schwarz\/wei\u00df<\/p>\n<p>Gr\u00f6\u00dfe\u00a0 S &#8211; 3XL<\/p>\n<p>Lieferzeit: ca 3 &#8211; 10 Tage<\/p>\n<table border=\"1\" cellspacing=\"0\" cellpadding=\"0\">\n<tbody>\n<tr>\n<td><strong>Menge<\/strong><\/td>\n<td><strong>Preis<\/strong><\/td>\n<\/tr>\n<tr>\n<td>1 &#8211; 4<\/td>\n<td>29,99 \u20ac<\/td>\n<\/tr>\n<tr>\n<td>5 &#8211; 19<\/td>\n<td>27,99 \u20ac<\/td>\n<\/tr>\n<tr>\n<td>20-50<\/td>\n<td>26,99 \u20ac<\/td>\n<\/tr>\n<\/tbody>\n<\/table>\n<p>&nbsp;<\/p>\n","protected":false},"featured_media":690,"template":"","meta":[],"product_brand":[],"product_cat":[223,214,222,219,140,220,281,262,277,270,190,291,288,218,15],"product_tag":[],"class_list":{"0":"post-691","1":"product","2":"type-product","3":"status-publish","4":"has-post-thumbnail","6":"product_cat-fc-lehrte","7":"product_cat-hummel","8":"product_cat-lehrter-sv","9":"product_cat-lsn-shop","10":"product_cat-mellendorfer-tv","11":"product_cat-mtv-wolfenbuettel","12":"product_cat-short-u-hosen-fcl","13":"product_cat-short-und-hosen-hml","14":"product_cat-short-u-hosen-lsn","15":"product_cat-short-u-hosen-lsv","16":"product_cat-short-und-hosen-mellendorfer-tv","17":"product_cat-short-u-hosen-mtv-wolfenbuettel","18":"product_cat-short-u-hosen-tvn","19":"product_cat-tvn-shop","20":"product_cat-vereine","21":"description-off","23":"first","24":"instock","25":"sale","26":"taxable","27":"shipping-taxable","28":"purchasable","29":"product-type-variable"},"_links":{"self":[{"href":"https:\/\/sport-goslar.de\/verein-shop\/wp-json\/wp\/v2\/product\/691","targetHints":{"allow":["GET"]}}],"collection":[{"href":"https:\/\/sport-goslar.de\/verein-shop\/wp-json\/wp\/v2\/product"}],"about":[{"href":"https:\/\/sport-goslar.de\/verein-shop\/wp-json\/wp\/v2\/types\/product"}],"wp:featuredmedia":[{"embeddable":true,"href":"https:\/\/sport-goslar.de\/verein-shop\/wp-json\/wp\/v2\/media\/690"}],"wp:attachment":[{"href":"https:\/\/sport-goslar.de\/verein-shop\/wp-json\/wp\/v2\/media?parent=691"}],"wp:term":[{"taxonomy":"product_brand","embeddable":true,"href":"https:\/\/sport-goslar.de\/verein-shop\/wp-json\/wp\/v2\/product_brand?post=691"},{"taxonomy":"product_cat","embeddable":true,"href":"https:\/\/sport-goslar.de\/verein-shop\/wp-json\/wp\/v2\/product_cat?post=691"},{"taxonomy":"product_tag","embeddable":true,"href":"https:\/\/sport-goslar.de\/verein-shop\/wp-json\/wp\/v2\/product_tag?post=691"}],"curies":[{"name":"wp","href":"https:\/\/api.w.org\/{rel}","templated":true}]}}