{"id":567,"date":"2021-02-19T15:19:35","date_gmt":"2021-02-19T14:19:35","guid":{"rendered":"http:\/\/sport-goslar.de\/verein-shop\/?post_type=product&#038;p=567"},"modified":"2024-05-07T17:17:34","modified_gmt":"2024-05-07T15:17:34","slug":"hml-first-performance-jersey-longsleeve-men","status":"publish","type":"product","link":"https:\/\/sport-goslar.de\/verein-shop\/produkt\/hml-first-performance-jersey-longsleeve-men\/","title":{"rendered":"HML First Performance Jersey Longsleeve Men"},"content":{"rendered":"<p>Hey Sportvereine und Landesverb\u00e4nde,<\/p>\n<p>&nbsp;<\/p>\n<p>Wisst ihr schon, was ihr verpasst? Unser cooler Onlineshop ist der Place-to-be f\u00fcr alle, die ihren Verein stylisch und professionell ausstatten wollen. Und das Beste? Wir wollen nicht nur f\u00fcr uns alleine die Party rocken \u2013 nein, wir wollen auch anderen Vereinen die Chance geben, Teil des Clubs zu werden! Unser Team steht in den Startl\u00f6chern, um euch mit einem individuellen Onlineshop zu versorgen, der eurem Verein ordentlich Dampf macht. Zusammen schnacken wir \u00fcber eure Style-Pr\u00e4ferenzen und rocken dann die Bude \u2013 ohne dass ihr auch nur einen Cent extra blechen m\u00fcsst!<\/p>\n<p>&nbsp;<\/p>\n<p>Egal, ob ihr auf dem Platz Fu\u00dfball, Handball oder Volleyball rockt oder einfach nur als Breitensportverein abh\u00e4ngt \u2013 wir sind f\u00fcr alle am Start, um euer Team aufs n\u00e4chste Level zu bringen! Dank unserer guten Connections zu den Big Playern in der Sportartikelwelt, kriegt ihr bei uns die fettsten Deals und coolsten Sponsoring-Deals abgegriffen. Also, lasst uns zusammen Gas geben und eure Vereinskollektion aufpimpen!<\/p>\n<p>&nbsp;<\/p>\n<p>Hier sind ein paar Gr\u00fcnde, warum ihr euch unbedingt f\u00fcr uns entscheiden solltet:<\/p>\n<p>&nbsp;<\/p>\n<ol>\n<li>**Individuelle Beratung vom Feinsten**: Wir checken mit euch ab, was zu euch passt und welche Hersteller die richtigen Moves machen.<\/li>\n<\/ol>\n<p>&nbsp;<\/p>\n<ol start=\"2\">\n<li>**Top-Konditionen und Gratisware**: Als Partner von Landesverb\u00e4nden und unz\u00e4hligen Vereinen haben wir die Connections, um euch die fettesten Konditionen zu liefern.<\/li>\n<\/ol>\n<p>&nbsp;<\/p>\n<ol start=\"3\">\n<li>**Kostenloser Onlineshop-Party**: Wir werfen den Onlineshop an den Start, bef\u00fcllen ihn mit euren Lieblingsst\u00fccken und machen die Preise so hei\u00df, dass ihr euch die Finger verbrennt \u2013 und das alles ohne Extrakosten!<\/li>\n<\/ol>\n<p>&nbsp;<\/p>\n<ol start=\"4\">\n<li>**Einheitlicher Style f\u00fcr euer Team**: Mit einem einheitlichen und professionellen Auftritt st\u00e4rken wir das Teamgef\u00fchl und geben eurem Verein den richtigen Swag \u2013 ob auf dem Platz oder auf der Trib\u00fcne!<\/li>\n<\/ol>\n<p>&nbsp;<\/p>\n<ol start=\"5\">\n<li>**Ehrenamtliche k\u00f6nnen chillen**: Dank unseres Onlineshops k\u00f6nnen sich eure Teammates ganz entspannt die coolsten Teile ordern, w\u00e4hrend die Verantwortlichen sich zur\u00fccklehnen und entspannt die F\u00fc\u00dfe hochlegen.<\/li>\n<\/ol>\n<p>&nbsp;<\/p>\n<ol start=\"6\">\n<li>**Pers\u00f6nliche Betreuung Deluxe**: Euer pers\u00f6nlicher Ansprechpartner steht euch rund um die Uhr zur Seite \u2013 vom richtigen Print bis zur P\u00fcnktlichkeit der Lieferung!<\/li>\n<\/ol>\n<p>&nbsp;<\/p>\n<p>&nbsp;<\/p>\n<p><strong>Ihr wollt noch mehr?<\/strong><\/p>\n<p>Dann seid ihr bei dem Spezialisten f\u00fcr individuelle Handball-, Vereins- und Team-Ausstattung genau richtig! Bei uns erhaltet ihr nicht nur ma\u00dfgeschneiderte Trikots, die nach euren W\u00fcnschen designt werden, sondern auch eine Vielzahl weiterer Sonderanfertigungen wie Beach Handball Tops, Sportsocken mit Vereinswappen, Handt\u00fccher und sogar Badet\u00fccher im individuellen Vereinslook.<\/p>\n<p>Wir bieten eine breite Palette an Druck- und Veredelungstechniken an, darunter Siebdruck, Bestickung, Flexdruck, Direktflock, Flockdruck, Transferdruck, Digitaldruck und sogar 3D-Flock. Egal, welchen Look ihr euch f\u00fcr euer Team vorstellt, wir k\u00f6nnen es umsetzen!<\/p>\n<p>&nbsp;<\/p>\n<p>Wir legen gro\u00dfen Wert auf Nachhaltigkeit und Qualit\u00e4t, daher garantieren wir Produkte, die auf h\u00f6chstem Niveau produziert werden. Unsere Stickereien sind besonders edel und langlebig.Wir beraten euch gerne pers\u00f6nlich am Telefon oder vor Ort, um sicherzustellen, dass eure Vorstellungen perfekt umgesetzt werden.<\/p>\n<p>&nbsp;<\/p>\n<p>Egal, ob es um Teambekleidung f\u00fcr euren Verein, Arbeitskleidung f\u00fcr den Alltag oder Veranstaltungen geht \u2013 wir haben die L\u00f6sung.Als Ausstatter namhafter Unternehmen, Vereine und Landesverb\u00e4nde setzen wir euren Verein mit hochwertigen Druck- und Veredelungstechniken in Szene. Unsere Produkte sind nicht nur umweltfreundlich, sondern auch strapazierf\u00e4hig und langlebig. Wir setzen auf hochwertige Materialien und Techniken, damit eure Ausr\u00fcstung auch nach vielen Eins\u00e4tzen wie neu aussieht.<\/p>\n<p>&nbsp;<\/p>\n<p>Vertraut auf unsere Fachkompetenz und \u00fcber 125 Jahre Erfahrung im Bereich Sportausr\u00fcstung. Sport Goslar \u2013 euer Partner f\u00fcr hochwertige Teamwear und individuelle Textilveredelung<\/p>\n<p>&nbsp;<\/p>\n<p>Wir freuen uns darauf, von euch zu h\u00f6ren und gemeinsam mit euch durchzustarten!<\/p>\n<p>&nbsp;<\/p>\n<p>Ich freue mich auf Eure Anfragen<\/p>\n<p>Sven Goslar<\/p>\n","protected":false},"excerpt":{"rendered":"<p><strong>Herren Baselayer Longsleeve<br \/>\n<\/strong><\/p>\n<p>Funktionelles Langarmshirt zum unterziehen. Im hummel\u00ae HML FIRST PERFORMANCE JERSEY L \/ S bist du ganz vorne dabei. Dieses stylische, lang\u00e4rmelige T-Shirt wurde im Hinblick auf Leistung und Perfektion pr\u00e4zisionsgestaltet und verf\u00fcgt \u00fcber Maxi-Flex-Unterarmeins\u00e4tze f\u00fcr optimale Beweglichkeit. Pr\u00e4zisions-Design, Maxi-Flex-Unterarm-Eins\u00e4tze f\u00fcr optimale Beweglichkeit, Raglan-\u00c4rmel,Qualit\u00e4t: 88 % Polyester, 12 % Elasthan Art 204502<\/p>\n<p>UVP 34,95 \u20ac<\/p>\n<p>Fb 2001=schwarz<\/p>\n<p>Fb 9001=wei\u00df<\/p>\n<p>Gr\u00f6\u00dfe\u00a0 S &#8211; XXL<\/p>\n<p>Lieferzeit: ca 3 &#8211; 10 Tage<\/p>\n<table border=\"1\" cellspacing=\"0\" cellpadding=\"0\">\n<tbody>\n<tr>\n<td><strong>Menge<\/strong><\/td>\n<td><strong>Preis<\/strong><\/td>\n<\/tr>\n<tr>\n<td>1 &#8211; 2<\/td>\n<td>24,99 \u20ac<\/td>\n<\/tr>\n<tr>\n<td>3 &#8211; 9<\/td>\n<td>21,99 \u20ac<\/td>\n<\/tr>\n<tr>\n<td>10-50<\/td>\n<td>20,99 \u20ac<\/td>\n<\/tr>\n<\/tbody>\n<\/table>\n<p>&nbsp;<\/p>\n","protected":false},"featured_media":571,"template":"","meta":[],"product_brand":[],"product_cat":[223,214,222,140,220,284,265,273,150,294,15],"product_tag":[],"class_list":{"0":"post-567","1":"product","2":"type-product","3":"status-publish","4":"has-post-thumbnail","6":"product_cat-fc-lehrte","7":"product_cat-hummel","8":"product_cat-lehrter-sv","9":"product_cat-mellendorfer-tv","10":"product_cat-mtv-wolfenbuettel","11":"product_cat-unterwaesche-socken-fcl","12":"product_cat-unterwaesche-socken-hml","13":"product_cat-unterwaesche-socken-lsv","14":"product_cat-unterwaesche-socken-mellendorfer-tv","15":"product_cat-unterwaesche-socken-mtv-wolfenbuettel","16":"product_cat-vereine","17":"description-off","19":"first","20":"instock","21":"sale","22":"taxable","23":"shipping-taxable","24":"purchasable","25":"product-type-variable"},"_links":{"self":[{"href":"https:\/\/sport-goslar.de\/verein-shop\/wp-json\/wp\/v2\/product\/567","targetHints":{"allow":["GET"]}}],"collection":[{"href":"https:\/\/sport-goslar.de\/verein-shop\/wp-json\/wp\/v2\/product"}],"about":[{"href":"https:\/\/sport-goslar.de\/verein-shop\/wp-json\/wp\/v2\/types\/product"}],"wp:featuredmedia":[{"embeddable":true,"href":"https:\/\/sport-goslar.de\/verein-shop\/wp-json\/wp\/v2\/media\/571"}],"wp:attachment":[{"href":"https:\/\/sport-goslar.de\/verein-shop\/wp-json\/wp\/v2\/media?parent=567"}],"wp:term":[{"taxonomy":"product_brand","embeddable":true,"href":"https:\/\/sport-goslar.de\/verein-shop\/wp-json\/wp\/v2\/product_brand?post=567"},{"taxonomy":"product_cat","embeddable":true,"href":"https:\/\/sport-goslar.de\/verein-shop\/wp-json\/wp\/v2\/product_cat?post=567"},{"taxonomy":"product_tag","embeddable":true,"href":"https:\/\/sport-goslar.de\/verein-shop\/wp-json\/wp\/v2\/product_tag?post=567"}],"curies":[{"name":"wp","href":"https:\/\/api.w.org\/{rel}","templated":true}]}}