{"id":561,"date":"2021-02-19T15:02:02","date_gmt":"2021-02-19T14:02:02","guid":{"rendered":"http:\/\/sport-goslar.de\/verein-shop\/?post_type=product&#038;p=561"},"modified":"2024-03-11T18:32:06","modified_gmt":"2024-03-11T17:32:06","slug":"hml-core-back-pack","status":"publish","type":"product","link":"https:\/\/sport-goslar.de\/verein-shop\/produkt\/hml-core-back-pack\/","title":{"rendered":"HML Core Back Pack"},"content":{"rendered":"<p>Hey Team, Vereine und Mannschaften!<\/p>\n<p>Seid ihr schon auf unseren brandneuen Onlineshop f\u00fcr Vereine gesto\u00dfen?<\/p>\n<p>Wir sind hocherfreut, euch die M\u00f6glichkeit zu bieten, eure Vereinskollektionen online zu pr\u00e4sentieren und die optimalen Produkte f\u00fcr euer Team zu sichern. Aber hier ist der Clou: Diese M\u00f6glichkeit ist nicht nur auf uns beschr\u00e4nkt \u2013 wir m\u00f6chten auch anderen Vereinen und Verb\u00e4nden die Gelegenheit geben, einen ma\u00dfgeschneiderten Shop zu erhalten!<\/p>\n<p>Unser erfahrenes Team steht bereit, um euren Verein\/Verband individuell zu beraten und den perfekten Onlineshop zu gestalten. Gemeinsam analysieren wir eure Bed\u00fcrfnisse und w\u00e4hlen die passenden Produkte aus \u2013 und das alles ohne zus\u00e4tzliche Kosten f\u00fcr euren Verein!<\/p>\n<p>Wir unterst\u00fctzen euch alle und tragen dazu bei, dass ihr eure Teams mit Stolz repr\u00e4sentieren k\u00f6nnt. Dank unserer engen Beziehungen zu f\u00fchrenden Partnern in der Sportartikelindustrie k\u00f6nnen wir euch exklusive Konditionen und attraktive Sponsoring-Vereinbarungen bieten. Lasst uns gemeinsam euren Teamgeist st\u00e4rken und eure Vereinskollektionen auf ein neues Level heben!<\/p>\n<p>Kontaktiert uns noch heute und erfahrt, wie wir euch helfen k\u00f6nnen, euren eigenen Onlineshop zu erstellen und eure Teams professionell auszustatten. Wir freuen uns darauf, von euch zu h\u00f6ren und gemeinsam mit euch durchzustarten!<\/p>\n<p>&nbsp;<\/p>\n<p>Jetzt Shop einrichten:<\/p>\n<p>Gemeinsam besprechen wir mit euch die individuelle Kollektion f\u00fcr euer Team. In pers\u00f6nlichen Gespr\u00e4chen beraten wir euch, welcher deutsche oder europ\u00e4ische Hersteller am besten zu eurem Verband passt.<\/p>\n<p>&nbsp;<\/p>\n<p>Bestkonditionen und Gratisware sichern:<\/p>\n<p>Profitiert von unseren erstklassigen Konditionen und attraktiven Sponsoring-Vereinbarungen. Als Ausr\u00fcster verschiedener Landesverb\u00e4nde mit einer gro\u00dfen Mitgliederzahl haben wir exzellente Beziehungen zu spannenden Partnern in der Sportartikelindustrie.<\/p>\n<p>&nbsp;<\/p>\n<p>Eure Kollektion online ohne zus\u00e4tzliche Kosten:<\/p>\n<p>Bei uns entstehen keine Kosten f\u00fcr euren Verbandsshop. Wir programmieren den Onlineshop, bef\u00fcllen ihn mit den von euch ausgesuchten Artikeln, hinterlegen die Sonderpreise und \u00fcbernehmen die Pflege.<\/p>\n<p>&nbsp;<\/p>\n<p>Das &#8222;MIA SAN MIA&#8220; \u2013 Gef\u00fchl f\u00fcr euer Team:<\/p>\n<p>Ein einheitlicher, professioneller Auftritt st\u00e4rkt das Wir-Gef\u00fchl in eurem Team. Ob als Sportverband oder Fan \u2013 euer Team, eure Farben!<\/p>\n<p>&nbsp;<\/p>\n<p>Entlastung von Ehrenamtlichen:<\/p>\n<p>Jedes Teammitglied kann sich die Artikel einfach und bequem \u00fcber den individuellen Onlineshop bestellen. Die Verantwortlichen im Verband k\u00f6nnen sich ab sofort auf das Wesentliche konzentrieren.<\/p>\n<p>&nbsp;<\/p>\n<p>Pers\u00f6nliche Betreuung:<\/p>\n<p>Egal wo der Schuh dr\u00fcckt \u2013 euer pers\u00f6nlicher Ansprechpartner steht euch individuell zur Seite, von der richtigen Beflockung \u00fcber die Artikelauswahl bis hin zu Lieferterminen oder Sonderanfertigungen.&#8220;<\/p>\n<p>&nbsp;<\/p>\n","protected":false},"excerpt":{"rendered":"<p><strong>Hummel Rucksack <\/strong><strong>Core <\/strong><\/p>\n<p>Ein klassischer hummel\u00ae Rucksack mit Platz f\u00fcr einen Laptop und mit verstellbaren Tr\u00e4gern, einer gepolsterten R\u00fcckseite und erweiterbaren Taschen. Der Rucksack verf\u00fcgt \u00fcber ein gedrucktes Logo und klassische Winkel sowie eine Rei\u00dfverschlusstasche vorne. Gepolsterte R\u00fcckseite, f\u00fcr Laptop kompatibel, erweiterbare Tasche, Rei\u00dfverschlusstasche vorne. H\u00f6he 44,5cm, Breite 34 cm , Tiefe 19cm Art. 206996<\/p>\n<p>UVP 39,99 \u20ac<\/p>\n<p>Fb 2001 = schwarz<\/p>\n<p>Fb 3062 = rot<\/p>\n<p>Fb 7045 = royal<\/p>\n<p>Fb 3583 = bordo<\/p>\n<p>Lieferzeit: ca 3 \u2013 10 Tage<\/p>\n<table border=\"1\" cellspacing=\"0\" cellpadding=\"0\">\n<tbody>\n<tr>\n<td><strong>Menge<\/strong><\/td>\n<td><strong>Preis<\/strong><\/td>\n<\/tr>\n<tr>\n<td>1 &#8211; 4<\/td>\n<td>27,99<\/td>\n<\/tr>\n<tr>\n<td>5 &#8211; 29<\/td>\n<td>24,99 \u20ac<\/td>\n<\/tr>\n<tr>\n<td>30-50<\/td>\n<td>23,99 \u20ac<\/td>\n<\/tr>\n<\/tbody>\n<\/table>\n<p>&nbsp;<\/p>\n","protected":false},"featured_media":557,"template":"","meta":[],"product_brand":[],"product_cat":[223,214,222,219,140,220,271,292,282,263,278,146,399,289,218,15],"product_tag":[],"class_list":{"0":"post-561","1":"product","2":"type-product","3":"status-publish","4":"has-post-thumbnail","6":"product_cat-fc-lehrte","7":"product_cat-hummel","8":"product_cat-lehrter-sv","9":"product_cat-lsn-shop","10":"product_cat-mellendorfer-tv","11":"product_cat-mtv-wolfenbuettel","12":"product_cat-rucksaecke-taschen-lsv","13":"product_cat-rucksaecke-taschen-mtv","14":"product_cat-taschen-rucksaecke-fcl","15":"product_cat-taschen-rucksaecke-hml","16":"product_cat-taschen-rucksaecke-lsn","17":"product_cat-taschen-rucksaecke-mellendorfer-tv","18":"product_cat-taschen-rucksaecke-tkj","19":"product_cat-taschen-rucksaecke-tvn","20":"product_cat-tvn-shop","21":"product_cat-vereine","22":"description-off","24":"first","25":"instock","26":"sale","27":"taxable","28":"shipping-taxable","29":"purchasable","30":"product-type-variable"},"_links":{"self":[{"href":"https:\/\/sport-goslar.de\/verein-shop\/wp-json\/wp\/v2\/product\/561","targetHints":{"allow":["GET"]}}],"collection":[{"href":"https:\/\/sport-goslar.de\/verein-shop\/wp-json\/wp\/v2\/product"}],"about":[{"href":"https:\/\/sport-goslar.de\/verein-shop\/wp-json\/wp\/v2\/types\/product"}],"wp:featuredmedia":[{"embeddable":true,"href":"https:\/\/sport-goslar.de\/verein-shop\/wp-json\/wp\/v2\/media\/557"}],"wp:attachment":[{"href":"https:\/\/sport-goslar.de\/verein-shop\/wp-json\/wp\/v2\/media?parent=561"}],"wp:term":[{"taxonomy":"product_brand","embeddable":true,"href":"https:\/\/sport-goslar.de\/verein-shop\/wp-json\/wp\/v2\/product_brand?post=561"},{"taxonomy":"product_cat","embeddable":true,"href":"https:\/\/sport-goslar.de\/verein-shop\/wp-json\/wp\/v2\/product_cat?post=561"},{"taxonomy":"product_tag","embeddable":true,"href":"https:\/\/sport-goslar.de\/verein-shop\/wp-json\/wp\/v2\/product_tag?post=561"}],"curies":[{"name":"wp","href":"https:\/\/api.w.org\/{rel}","templated":true}]}}