{"id":545,"date":"2021-02-19T13:49:00","date_gmt":"2021-02-19T12:49:00","guid":{"rendered":"http:\/\/sport-goslar.de\/verein-shop\/?post_type=product&#038;p=545"},"modified":"2025-04-28T10:02:44","modified_gmt":"2025-04-28T08:02:44","slug":"hml-core-trolley","status":"publish","type":"product","link":"https:\/\/sport-goslar.de\/verein-shop\/produkt\/hml-core-trolley\/","title":{"rendered":"HML Core Trolley"},"content":{"rendered":"<p>Hey Vereinsmitglieder und Mannschaften!<\/p>\n<p>Seid ihr schon auf unseren brandneuen Onlineshop f\u00fcr Vereine gesto\u00dfen?<\/p>\n<p>Wir sind hocherfreut, euch die M\u00f6glichkeit zu bieten, eure Vereinskollektionen online zu pr\u00e4sentieren und die optimalen Produkte f\u00fcr euer Team zu sichern. Aber hier ist der Clou: Diese M\u00f6glichkeit ist nicht nur auf uns beschr\u00e4nkt \u2013 wir m\u00f6chten auch anderen Vereinen und Verb\u00e4nden die Gelegenheit geben, einen ma\u00dfgeschneiderten Vereinsshop zu erhalten!<\/p>\n<p>Unser erfahrenes Team steht bereit, um euren Verein\/Verband individuell zu beraten und den perfekten Teamsshop zu gestalten. Gemeinsam analysieren wir eure Bed\u00fcrfnisse und w\u00e4hlen die passenden Produkte aus \u2013 und das alles ohne zus\u00e4tzliche Kosten f\u00fcr euren Verein!<\/p>\n<p>Wir unterst\u00fctzen euch alle und tragen dazu bei, dass ihr eure Teams mit Stolz repr\u00e4sentieren k\u00f6nnt. Dank unserer engen Beziehungen zu f\u00fchrenden Partnern in der Sportartikelindustrie k\u00f6nnen wir euch exklusive Konditionen und attraktive Sponsoring-Vereinbarungen bieten. Lasst uns gemeinsam euren Teamgeist st\u00e4rken und eure Vereinskollektionen auf ein neues Level heben!<\/p>\n<p>Kontaktiert uns noch heute und erfahrt, wie wir euch helfen k\u00f6nnen, euren eigenen Vereins-Onlineshop zu erstellen und eure Teams professionell auszustatten. Wir freuen uns darauf, von euch zu h\u00f6ren und gemeinsam mit euch durchzustarten!<\/p>\n<p>&nbsp;<\/p>\n<p>Jetzt Teamsshop einrichten:<\/p>\n<p>Gemeinsam besprechen wir mit euch die individuelle Kollektion f\u00fcr euer Team. In pers\u00f6nlichen Gespr\u00e4chen beraten wir euch, welcher deutsche oder europ\u00e4ische Hersteller am besten zu eurem Verband passt.<\/p>\n<p>&nbsp;<\/p>\n<p>Bestkonditionen und Gratisware sichern:<\/p>\n<p>Profitiert von unseren erstklassigen Konditionen und attraktiven Sponsoring-Vereinbarungen. Als Ausr\u00fcster verschiedener Landesverb\u00e4nde mit einer gro\u00dfen Mitgliederzahl haben wir exzellente Beziehungen zu spannenden Partnern in der Sportartikelindustrie.<\/p>\n<p>&nbsp;<\/p>\n<p>Eure Kollektion online ohne zus\u00e4tzliche Kosten:<\/p>\n<p>Bei uns entstehen keine Kosten f\u00fcr euren Verbandsshop. Wir programmieren den Onlineshop, bef\u00fcllen ihn mit den von euch ausgesuchten Artikeln, hinterlegen die Sonderpreise und \u00fcbernehmen die Pflege.<\/p>\n<p>&nbsp;<\/p>\n<p>Das &#8222;MIA SAN MIA&#8220; \u2013 Gef\u00fchl f\u00fcr euer Team:<\/p>\n<p>Ein einheitlicher, professioneller Auftritt st\u00e4rkt das Wir-Gef\u00fchl in eurem Team. Ob als Sportverband oder Fan \u2013 euer Team, eure Farben!<\/p>\n<p>&nbsp;<\/p>\n<p>Entlastung von Ehrenamtlichen:<\/p>\n<p>Jedes Teammitglied kann sich die Artikel einfach und bequem \u00fcber den individuellen Onlineshop bestellen. Die Verantwortlichen im Verband k\u00f6nnen sich ab sofort auf das Wesentliche konzentrieren.<\/p>\n<p>&nbsp;<\/p>\n<p>Pers\u00f6nliche Betreuung:<\/p>\n<p>Egal wo der Schuh dr\u00fcckt \u2013 euer pers\u00f6nlicher Ansprechpartner steht euch individuell zur Seite, von der richtigen Beflockung \u00fcber die Artikelauswahl bis hin zu Lieferterminen oder Sonderanfertigungen.&#8220;<\/p>\n<p>&nbsp;<\/p>\n","protected":false},"excerpt":{"rendered":"<p><strong>Hummel Core 2.0 Trolley mit Rollen<br \/>\n<\/strong><\/p>\n<p>Der CORE TROLLEY erm\u00f6glicht eine einfache Mobilit\u00e4t durch die Verwendung seiner gepolsterten Griffe (nur Gr\u00f6\u00dfen Mittel\/Gro\u00df), eines ausziehbaren Griffs und zweier R\u00e4der am Boden f\u00fcr ein einfaches Gleiten. Die hummel\u00ae Trolleytasche ist aus einem gewebten Stoff gefertigt, um die Festigkeit, Leistung und Haltbarkeit zu verbessern. Der hmlCORE 2.0 TROLLEY ist dank seines Polyestergewebes praktisch und strapazierf\u00e4hig. Diese Tasche von hummel bietet dank der gepolsterten Griffe hohen Tragekomfort. Als Trolley mit zwei R\u00e4dern l\u00e4sst er sich leicht transportieren \u2013 ideal f\u00fcr den Weg ins Fitnessstudio oder in den Park.Ma\u00dfe:\u00a0\u00a0 L\u00e4nge 64 cm \/ Breite 29 cm \/ H\u00f6he 31 cm. Art. 227172-M<\/p>\n<p>UVP 84,99 \u20ac<\/p>\n<p>Fb 2001 = schwarz<\/p>\n<p>Gr\u00f6\u00dfe\u00a0 M<\/p>\n<p>Lieferzeit: ca 3 \u2013 10 Tage<\/p>\n<table border=\"1\" cellspacing=\"0\" cellpadding=\"0\">\n<tbody>\n<tr>\n<td><strong>Menge<\/strong><\/td>\n<td><strong>Preis<\/strong><\/td>\n<\/tr>\n<tr>\n<td>1 &#8211; 2<\/td>\n<td>55,99 \u20ac<\/td>\n<\/tr>\n<tr>\n<td>3 &#8211; 9<\/td>\n<td>53,99 \u20ac<\/td>\n<\/tr>\n<tr>\n<td>11-50<\/td>\n<td>52,99 \u20ac<\/td>\n<\/tr>\n<\/tbody>\n<\/table>\n<p>&nbsp;<\/p>\n","protected":false},"featured_media":3859,"template":"","meta":[],"product_brand":[],"product_cat":[223,214,222,219,140,220,271,292,282,263,278,146,399,289,327,218,15],"product_tag":[],"class_list":{"0":"post-545","1":"product","2":"type-product","3":"status-publish","4":"has-post-thumbnail","6":"product_cat-fc-lehrte","7":"product_cat-hummel","8":"product_cat-lehrter-sv","9":"product_cat-lsn-shop","10":"product_cat-mellendorfer-tv","11":"product_cat-mtv-wolfenbuettel","12":"product_cat-rucksaecke-taschen-lsv","13":"product_cat-rucksaecke-taschen-mtv","14":"product_cat-taschen-rucksaecke-fcl","15":"product_cat-taschen-rucksaecke-hml","16":"product_cat-taschen-rucksaecke-lsn","17":"product_cat-taschen-rucksaecke-mellendorfer-tv","18":"product_cat-taschen-rucksaecke-tkj","19":"product_cat-taschen-rucksaecke-tvn","20":"product_cat-taschen-rucksaecke-wsvstm","21":"product_cat-tvn-shop","22":"product_cat-vereine","23":"description-off","25":"first","26":"instock","27":"sale","28":"taxable","29":"shipping-taxable","30":"purchasable","31":"product-type-variable"},"_links":{"self":[{"href":"https:\/\/sport-goslar.de\/verein-shop\/wp-json\/wp\/v2\/product\/545","targetHints":{"allow":["GET"]}}],"collection":[{"href":"https:\/\/sport-goslar.de\/verein-shop\/wp-json\/wp\/v2\/product"}],"about":[{"href":"https:\/\/sport-goslar.de\/verein-shop\/wp-json\/wp\/v2\/types\/product"}],"wp:featuredmedia":[{"embeddable":true,"href":"https:\/\/sport-goslar.de\/verein-shop\/wp-json\/wp\/v2\/media\/3859"}],"wp:attachment":[{"href":"https:\/\/sport-goslar.de\/verein-shop\/wp-json\/wp\/v2\/media?parent=545"}],"wp:term":[{"taxonomy":"product_brand","embeddable":true,"href":"https:\/\/sport-goslar.de\/verein-shop\/wp-json\/wp\/v2\/product_brand?post=545"},{"taxonomy":"product_cat","embeddable":true,"href":"https:\/\/sport-goslar.de\/verein-shop\/wp-json\/wp\/v2\/product_cat?post=545"},{"taxonomy":"product_tag","embeddable":true,"href":"https:\/\/sport-goslar.de\/verein-shop\/wp-json\/wp\/v2\/product_tag?post=545"}],"curies":[{"name":"wp","href":"https:\/\/api.w.org\/{rel}","templated":true}]}}