{"id":509,"date":"2021-02-19T11:40:16","date_gmt":"2021-02-19T10:40:16","guid":{"rendered":"http:\/\/sport-goslar.de\/verein-shop\/?post_type=product&#038;p=509"},"modified":"2024-03-13T15:32:40","modified_gmt":"2024-03-13T14:32:40","slug":"hml-core-sports-bag-groesse-s","status":"publish","type":"product","link":"https:\/\/sport-goslar.de\/verein-shop\/produkt\/hml-core-sports-bag-groesse-s\/","title":{"rendered":"HML Core Sports Bag Gr\u00f6\u00dfe S"},"content":{"rendered":"<p>Willkommen beim Vereins-Onlineshop von Sport Goslar \u2013 dem ultimativen Ort f\u00fcr Vereine und Mannschaften, die den Sport leben und atmen. Hier bei uns gibt es mehr Fu\u00dfball, Handball, Leichtathletik und Volleyball als ihr euch vorstellen k\u00f6nnt. Wir sind eine Truppe von Sportfanatikern, vom Chef bis zum Nachwuchs, und unser Herz schl\u00e4gt im Takt des Sports.<\/p>\n<p>&nbsp;<\/p>\n<p>Gemeinsam wollen wir euren Teamgeist st\u00e4rken und eure Vereinskollektion auf ein neues Level heben. Kontaktiert uns noch heute, um zu erfahren, wie wir euch helfen k\u00f6nnen, euren eigenen Onlineshop zu erstellen und euer Team professionell auszustatten. Lasst uns gemeinsam durchstarten und die Grenzen des Sports sprengen!<\/p>\n<p>&nbsp;<\/p>\n<p><strong>Jetzt Shop einrichten:<\/strong><\/p>\n<p>Lasst uns zusammenkommen und eure individuelle Kollektion f\u00fcr euer Team besprechen. In einem pers\u00f6nlichen Gespr\u00e4ch beraten wir euch, welcher deutsche oder europ\u00e4ische Hersteller am besten zu eurem Verein, eurer Firma oder auch zum Verband passt.<\/p>\n<p>&nbsp;<\/p>\n<p><strong>Bestkonditionen und Gratisware sichern:<\/strong><\/p>\n<p>Wir m\u00f6chten auch euer Team professionell ausstatten und gro\u00dfz\u00fcgig unterst\u00fctzen. Als Ausr\u00fcster von verschiedenen Landesverb\u00e4nden mit insgesamt 283.920 Mitgliedern aus 2.971 angeschlossenen Vereinen haben wir au\u00dferordentlich gute Beziehungen zu sehr interessanten Partnern in der Sportartikelindustrie. Sichert euch jetzt TOP-Konditionen und attraktive Sponsoring-Vereinbarungen.<\/p>\n<p>&nbsp;<\/p>\n<p><strong>Eure Kollektion Online ohne zus\u00e4tzliche Kosten!<\/strong><\/p>\n<p>Keine Sorge, es entstehen keine Kosten f\u00fcr euren Vereinsshop. Wir programmieren den Onlineshop, bef\u00fcllen ihn mit den von euch ausgesuchten Artikeln, hinterlegen die Sonderpreise und \u00fcbernehmen die Pflege.<\/p>\n<p>&nbsp;<\/p>\n<p>D<strong>as \u201eMIA SAN MIA\u201c \u2013 Gef\u00fchl f\u00fcr dein Team!<\/strong><\/p>\n<p>Durch einen einheitlichen, professionellen Auftritt st\u00e4rken wir das WIR-Gef\u00fchl in eurem Team. Ob als Sportverein, Fan, Firma oder Landesverband \u2013 DEIN TEAM, EURE FARBEN!<\/p>\n<p>&nbsp;<\/p>\n<p><strong>Entlastung von Ehrenamtlichen!<\/strong><\/p>\n<p>Jedes Teammitglied kann sich die Artikel einfach und bequem \u00fcber den individuellen Onlineshop bestellen. Die Verantwortlichen in einem Verein oder Team k\u00f6nnen sich ab sofort auf das Wesentliche konzentrieren.<\/p>\n<p>&nbsp;<\/p>\n<p><strong>Pers\u00f6nliche Betreuung!<\/strong><\/p>\n<p>Egal wo der Schuh dr\u00fcckt, euer pers\u00f6nlicher Ansprechpartner ber\u00e4t euch individuell zu allen Fragen von der richtigen Beflockung \u00fcber die Artikelauswahl bis hin zu Lieferterminen oder Sonderanfertigungen.<\/p>\n<p>&nbsp;<\/p>\n<p>F\u00fcr R\u00fcckfragen stehe ich Euch jederzeit sehr gern zur Verf\u00fcgung!<\/p>\n<p>Sven Goslar<\/p>\n","protected":false},"excerpt":{"rendered":"<p><strong>Hummel Core Sporttasche Gr\u00f6\u00dfe S<\/strong><\/p>\n<p>Mit der gef\u00fctterten hummel\u00ae CORE SPORTS BAG halten Sie Ordnung. Innen gef\u00fcttert , Rei\u00dfverschlusstasche, auff\u00e4llige Insignien, Innentasche mit Rei\u00dfverschluss, Qualit\u00e4t: 100 % Polyester, mit PU-Beschichtung auf der R\u00fcckseite Diese Sporttasche in perfekter Gr\u00f6\u00dfe bietet alles, inklusive Schulter- und Handschlaufen, Top Preis-Leistung, 31 Liter Volumen. Art. 204012<\/p>\n<p>UVP 34,99 \u20ac<\/p>\n<p>Fb 2001 = schwarz<\/p>\n<p>Fb 2006 = grau<\/p>\n<p>Fb 3081 = rot<\/p>\n<p>Gr\u00f6\u00dfe\u00a0 S<\/p>\n<p>Lieferzeit: ca 3 &#8211; 10 Tage<\/p>\n<table border=\"1\" cellspacing=\"0\" cellpadding=\"0\">\n<tbody>\n<tr>\n<td><strong>Menge<\/strong><\/td>\n<td><strong>Preis<\/strong><\/td>\n<\/tr>\n<tr>\n<td>1 &#8211; 2<\/td>\n<td>24,99 \u20ac<\/td>\n<\/tr>\n<tr>\n<td>3 &#8211; 19<\/td>\n<td>21,99 \u20ac<\/td>\n<\/tr>\n<tr>\n<td>20-50<\/td>\n<td>20,99 \u20ac<\/td>\n<\/tr>\n<\/tbody>\n<\/table>\n<p>&nbsp;<\/p>\n","protected":false},"featured_media":507,"template":"","meta":[],"product_brand":[],"product_cat":[223,214,222,219,140,220,271,292,282,263,278,146,399,289,327,218,15],"product_tag":[],"class_list":{"0":"post-509","1":"product","2":"type-product","3":"status-publish","4":"has-post-thumbnail","6":"product_cat-fc-lehrte","7":"product_cat-hummel","8":"product_cat-lehrter-sv","9":"product_cat-lsn-shop","10":"product_cat-mellendorfer-tv","11":"product_cat-mtv-wolfenbuettel","12":"product_cat-rucksaecke-taschen-lsv","13":"product_cat-rucksaecke-taschen-mtv","14":"product_cat-taschen-rucksaecke-fcl","15":"product_cat-taschen-rucksaecke-hml","16":"product_cat-taschen-rucksaecke-lsn","17":"product_cat-taschen-rucksaecke-mellendorfer-tv","18":"product_cat-taschen-rucksaecke-tkj","19":"product_cat-taschen-rucksaecke-tvn","20":"product_cat-taschen-rucksaecke-wsvstm","21":"product_cat-tvn-shop","22":"product_cat-vereine","23":"description-off","25":"first","26":"instock","27":"sale","28":"taxable","29":"shipping-taxable","30":"purchasable","31":"product-type-variable"},"_links":{"self":[{"href":"https:\/\/sport-goslar.de\/verein-shop\/wp-json\/wp\/v2\/product\/509","targetHints":{"allow":["GET"]}}],"collection":[{"href":"https:\/\/sport-goslar.de\/verein-shop\/wp-json\/wp\/v2\/product"}],"about":[{"href":"https:\/\/sport-goslar.de\/verein-shop\/wp-json\/wp\/v2\/types\/product"}],"wp:featuredmedia":[{"embeddable":true,"href":"https:\/\/sport-goslar.de\/verein-shop\/wp-json\/wp\/v2\/media\/507"}],"wp:attachment":[{"href":"https:\/\/sport-goslar.de\/verein-shop\/wp-json\/wp\/v2\/media?parent=509"}],"wp:term":[{"taxonomy":"product_brand","embeddable":true,"href":"https:\/\/sport-goslar.de\/verein-shop\/wp-json\/wp\/v2\/product_brand?post=509"},{"taxonomy":"product_cat","embeddable":true,"href":"https:\/\/sport-goslar.de\/verein-shop\/wp-json\/wp\/v2\/product_cat?post=509"},{"taxonomy":"product_tag","embeddable":true,"href":"https:\/\/sport-goslar.de\/verein-shop\/wp-json\/wp\/v2\/product_tag?post=509"}],"curies":[{"name":"wp","href":"https:\/\/api.w.org\/{rel}","templated":true}]}}