{"id":491,"date":"2021-02-19T11:06:42","date_gmt":"2021-02-19T10:06:42","guid":{"rendered":"http:\/\/sport-goslar.de\/verein-shop\/?post_type=product&#038;p=491"},"modified":"2024-05-07T12:32:19","modified_gmt":"2024-05-07T10:32:19","slug":"hml-protection-elbow-long-sleeve","status":"publish","type":"product","link":"https:\/\/sport-goslar.de\/verein-shop\/produkt\/hml-protection-elbow-long-sleeve\/","title":{"rendered":"HML Protection Elbow LONG Sleeve"},"content":{"rendered":"<p>Willkommen liebe Volleyballfreune! Seid ihr schon auf unseren brandneuen Onlineshop gesto\u00dfen?<\/p>\n<p>Hier habt ihr nicht nur die M\u00f6glichkeit, eure Vereinskollektionen zu pr\u00e4sentieren, sondern auch die besten Produkte f\u00fcr euer Team zu sichern.<\/p>\n<p>Doch das ist l\u00e4ngst nicht alles \u2013 wir m\u00f6chten auch anderen volleyballvereinen die M\u00f6glichkeit geben, ihre eigenen individuellen Shops zu bekommen! Unser erfahrenes Team steht bereit, um euch bei der Erstellung eures eigenen Onlineshops zu unterst\u00fctzen. Und das Beste daran? Es entstehen keine zus\u00e4tzlichen Kosten f\u00fcr euren Verein! Egal, ob ihr dem nieders\u00e4chsischen Volleyballverband angeh\u00f6rt oder einem anderen Verband, wir sind hier, um euch alle zu unterst\u00fctzen und sicherzustellen, dass ihr euer Team mit Stolz repr\u00e4sentieren k\u00f6nnt.<\/p>\n<p>Dank unserer starken Partnerschaften in der Sportartikelindustrie k\u00f6nnen wir euch erstklassige Konditionen und attraktive Sponsoring-Vereinbarungen bieten.<\/p>\n<p>Lasst uns gemeinsam euren Teamgeist st\u00e4rken und eure Vereinskollektionen auf ein neues Level bringen!<\/p>\n<p>Kontaktiert uns noch heute, um mehr \u00fcber die Erstellung eures eigenen Onlineshops zu erfahren.<\/p>\n<p>Wir freuen uns darauf, von euch zu h\u00f6ren und mit euch gemeinsam durchzustarten!&#8220;<\/p>\n<p>&nbsp;<\/p>\n","protected":false},"excerpt":{"rendered":"<p><strong>Ellenbogensch\u00fctzer Langl\u00e4nge<br \/>\n<\/strong><\/p>\n<p>Dieser Hummel Sch\u00fctzer wurde entwickelt, um eine optimale Leistung zu erzielen. Bei Sportarten mit hoher Intensit\u00e4t ben\u00f6tigen deine Muskeln Sauerstoff. Diese H\u00fclle sorgt f\u00fcr maximale Kompression am Knie, um die Durchblutung zu f\u00f6rdern und gleichzeitig die gesamte Bewegungsfreiheit der Gelenke zu unterst\u00fctzen. Sie verf\u00fcgt \u00fcber ein anatomisch konstruiertes Schaumstoffmuster mit hoher Schlagfestigkeit aus jedem Gelenkwinkel f\u00fcr maximalen Schutz. Profitiere von l\u00e4ngerer Ausdauer, gesteigerter Leistung, reduzierten Muskelkr\u00e4mpfen und schnellerer Erholung. Trage die Kompressionsh\u00fclle, wenn du dich schnell erholen, das Verletzungsrisiko verringern und vor und nach dem Training einen ges\u00fcnderen K\u00f6rper m\u00f6chtest. Besonders schlagfester Schutzschaum, anatomisch konstruiertes Schaummuster. Kompressionsschutzh\u00fclle, Aufprallschutz bei allen Gelenkwinkeln, volle Bewegungsfreiheit. Qualit\u00e4t: 80 % Nylon, 20 % Elasthan. Besonders schlagfester Schutzschaum. XS=30-33 cm, S=33-37 cm, M=37-39 cm, L=39-42 cm and XL= 42-47 cm. Kompressionsschutzh\u00fclle. Aufprallschutz bei allen Gelenkwinkeln. Art.204684<\/p>\n<p>UVP 29,95 \u20ac<\/p>\n<p>Fb 2001=schwarz<\/p>\n<p>Fb 9001=wei\u00df<\/p>\n<p>Gr\u00f6\u00dfe\u00a0 XS &#8211; XL<\/p>\n<p>Lieferzeit: ca 3 &#8211; 10 Tage<\/p>\n<table border=\"1\" cellspacing=\"0\" cellpadding=\"0\">\n<tbody>\n<tr>\n<td><strong>Menge<\/strong><\/td>\n<td><strong>Preis<\/strong><\/td>\n<\/tr>\n<tr>\n<td>1 &#8211; 2<\/td>\n<td>20,99 \u20ac<\/td>\n<\/tr>\n<tr>\n<td>3 &#8211; 29<\/td>\n<td>18,99 \u20ac<\/td>\n<\/tr>\n<tr>\n<td>30-50<\/td>\n<td>18,50 \u20ac<\/td>\n<\/tr>\n<\/tbody>\n<\/table>\n<p>&nbsp;<\/p>\n","protected":false},"featured_media":526,"template":"","meta":[],"product_brand":[],"product_cat":[214,222,140,220,397,266,274,149,296],"product_tag":[],"class_list":{"0":"post-491","1":"product","2":"type-product","3":"status-publish","4":"has-post-thumbnail","6":"product_cat-hummel","7":"product_cat-lehrter-sv","8":"product_cat-mellendorfer-tv","9":"product_cat-mtv-wolfenbuettel","10":"product_cat-schuetzer-bandagen","11":"product_cat-schuetzer-bandagen-hml","12":"product_cat-schuetzer-bandagen-lsv","13":"product_cat-schuetzer-bandagen-mellendorfer-tv","14":"product_cat-schuetzer-bandagen-mtv","15":"description-off","17":"first","18":"instock","19":"sale","20":"taxable","21":"shipping-taxable","22":"purchasable","23":"product-type-variable"},"_links":{"self":[{"href":"https:\/\/sport-goslar.de\/verein-shop\/wp-json\/wp\/v2\/product\/491","targetHints":{"allow":["GET"]}}],"collection":[{"href":"https:\/\/sport-goslar.de\/verein-shop\/wp-json\/wp\/v2\/product"}],"about":[{"href":"https:\/\/sport-goslar.de\/verein-shop\/wp-json\/wp\/v2\/types\/product"}],"wp:featuredmedia":[{"embeddable":true,"href":"https:\/\/sport-goslar.de\/verein-shop\/wp-json\/wp\/v2\/media\/526"}],"wp:attachment":[{"href":"https:\/\/sport-goslar.de\/verein-shop\/wp-json\/wp\/v2\/media?parent=491"}],"wp:term":[{"taxonomy":"product_brand","embeddable":true,"href":"https:\/\/sport-goslar.de\/verein-shop\/wp-json\/wp\/v2\/product_brand?post=491"},{"taxonomy":"product_cat","embeddable":true,"href":"https:\/\/sport-goslar.de\/verein-shop\/wp-json\/wp\/v2\/product_cat?post=491"},{"taxonomy":"product_tag","embeddable":true,"href":"https:\/\/sport-goslar.de\/verein-shop\/wp-json\/wp\/v2\/product_tag?post=491"}],"curies":[{"name":"wp","href":"https:\/\/api.w.org\/{rel}","templated":true}]}}