{"id":468,"date":"2021-02-19T10:18:32","date_gmt":"2021-02-19T09:18:32","guid":{"rendered":"http:\/\/sport-goslar.de\/verein-shop\/?post_type=product&#038;p=468"},"modified":"2024-03-08T17:51:07","modified_gmt":"2024-03-08T16:51:07","slug":"hml-authentic-poly-zip-hoodie-kids","status":"publish","type":"product","link":"https:\/\/sport-goslar.de\/verein-shop\/produkt\/hml-authentic-poly-zip-hoodie-kids\/","title":{"rendered":"HML Authentic Poly Zip Hoodie Kids"},"content":{"rendered":"<p>Hey Spieler, Fans und Trainer!<\/p>\n<p>Schon mal in unserem coolen Onlineshop vorbeigeschaut?<\/p>\n<p>Wir sind wirklich stolz darauf, euch die M\u00f6glichkeit zu bieten, eure Vereinskollektion online zu pr\u00e4sentieren und die besten Produkte f\u00fcr euer Team zu ergattern. Aber wusstet ihr schon? Diese gro\u00dfartige Gelegenheit m\u00f6chten wir nicht nur f\u00fcr uns behalten \u2013 wir m\u00f6chten auch anderen Vereinen die Chance geben, einen individuellen Shop zu erhalten!<\/p>\n<p>Unser Team steht bereit, um euren Verein oder euer Team individuell zu beraten und den perfekten Onlineshop zu erstellen. Gemeinsam besprechen wir, welche Produkte am besten zu euch passen und k\u00fcmmern uns dann um den Rest. Und das Beste daran? Es entstehen keine zus\u00e4tzlichen Kosten f\u00fcr euren Verein!<\/p>\n<p>Egal ob Handball, Fussball, Volleyball oder Leichathletik, wir m\u00f6chten euch alle unterst\u00fctzen und dazu beitragen, dass ihr euer Team mit Stolz repr\u00e4sentieren k\u00f6nnt. Unsere engen Beziehungen zu f\u00fchrenden Partnern in der Sportartikelindustrie erm\u00f6glichen es uns, euch erstklassige Konditionen und attraktive Sponsoring-Vereinbarungen anzubieten.<\/p>\n<p>Also lasst uns gemeinsam euren Teamgeist st\u00e4rken und eure Vereinskollektion auf ein neues Level heben. Kontaktiert uns noch heute und erfahrt, wie wir euch helfen k\u00f6nnen, euren eigenen Onlineshop zu erstellen und euer Team professionell auszustatten.<\/p>\n<p>&nbsp;<\/p>\n<p>Wir freuen uns darauf, von euch zu h\u00f6ren und gemeinsam mit euch durchzustarten!<\/p>\n","protected":false},"excerpt":{"rendered":"<p><strong>Kinder Authentic Kapuzenjacke<br \/>\n<\/strong><\/p>\n<p>Aus der HMLAuthentic Teamline mit einer Laufzeit bis 2023. Kuschelige Hummel Kapuzenjacke aus strukturiertem Strickstoff. Vervollst\u00e4ndige dein Outfit mit dem HMLAUTHENTIC POLY ZIP HOODIE aus strukturiertem Polyesterstrick mit einen durchgehenden Frontrei\u00dfverschluss, durch den das Kleidungsst\u00fcck offen oder geschlossen getragen werden kann. Die gro\u00dfe Kapuze dieses Kapuzenpullovers h\u00e4lt dich kuschelig warm, wann immer du es brauchst, und die langen \u00c4rmel sind mit unseren charakteristischen Winkeln aus strukturiertem Webband versehen.. Breite B\u00fcndchen und Saum f\u00fcr zus\u00e4tzlichen Komfort, strapazierf\u00e4hige Qualit\u00e4t aus 100 % Polyester.<br \/>\nArt.204938<\/p>\n<p>UVP 54,95 \u20ac<\/p>\n<p>Fb 2006 =grey melange<\/p>\n<p>Fb 2001=schwarz<\/p>\n<p>Fb 3062=rot<\/p>\n<p>Gr\u00f6\u00dfe\u00a0 116 &#8211; 176<\/p>\n<p>Lieferzeit: ca 3 &#8211; 10 Tage<\/p>\n<table>\n<tbody>\n<tr>\n<td><strong>Menge<\/strong><\/td>\n<td><strong>Preis<\/strong><\/td>\n<\/tr>\n<tr>\n<td>1 &#8211; 5<\/td>\n<td>37,99 \u20ac<\/td>\n<\/tr>\n<tr>\n<td>5 &#8211; 19<\/td>\n<td>34,50 \u20ac<\/td>\n<\/tr>\n<tr>\n<td>20-50<\/td>\n<td>33,50 \u20ac<\/td>\n<\/tr>\n<\/tbody>\n<\/table>\n<p>&nbsp;<\/p>\n<p>&nbsp;<\/p>\n","protected":false},"featured_media":477,"template":"","meta":[],"product_brand":[],"product_cat":[223,214,280,261,269,141,290,276,222,140,220,287,15],"product_tag":[],"class_list":{"0":"post-468","1":"product","2":"type-product","3":"status-publish","4":"has-post-thumbnail","6":"product_cat-fc-lehrte","7":"product_cat-hummel","8":"product_cat-jacken-oberteile-lg-fcl","9":"product_cat-jacken-oberteile-lg-hml","10":"product_cat-jacken-oberteile-lg-lsv","11":"product_cat-jacken-oberteile-lg-mellendorfer-tv","12":"product_cat-jacken-oberteile-lg-mtv","13":"product_cat-jacken-oberteile-lsn","14":"product_cat-lehrter-sv","15":"product_cat-mellendorfer-tv","16":"product_cat-mtv-wolfenbuettel","17":"product_cat-tvn-oberteile-trainingsjacken","18":"product_cat-vereine","19":"description-off","21":"first","22":"instock","23":"sale","24":"taxable","25":"shipping-taxable","26":"purchasable","27":"product-type-variable"},"_links":{"self":[{"href":"https:\/\/sport-goslar.de\/verein-shop\/wp-json\/wp\/v2\/product\/468","targetHints":{"allow":["GET"]}}],"collection":[{"href":"https:\/\/sport-goslar.de\/verein-shop\/wp-json\/wp\/v2\/product"}],"about":[{"href":"https:\/\/sport-goslar.de\/verein-shop\/wp-json\/wp\/v2\/types\/product"}],"wp:featuredmedia":[{"embeddable":true,"href":"https:\/\/sport-goslar.de\/verein-shop\/wp-json\/wp\/v2\/media\/477"}],"wp:attachment":[{"href":"https:\/\/sport-goslar.de\/verein-shop\/wp-json\/wp\/v2\/media?parent=468"}],"wp:term":[{"taxonomy":"product_brand","embeddable":true,"href":"https:\/\/sport-goslar.de\/verein-shop\/wp-json\/wp\/v2\/product_brand?post=468"},{"taxonomy":"product_cat","embeddable":true,"href":"https:\/\/sport-goslar.de\/verein-shop\/wp-json\/wp\/v2\/product_cat?post=468"},{"taxonomy":"product_tag","embeddable":true,"href":"https:\/\/sport-goslar.de\/verein-shop\/wp-json\/wp\/v2\/product_tag?post=468"}],"curies":[{"name":"wp","href":"https:\/\/api.w.org\/{rel}","templated":true}]}}