{"id":456,"date":"2021-02-19T09:51:36","date_gmt":"2021-02-19T08:51:36","guid":{"rendered":"http:\/\/sport-goslar.de\/verein-shop\/?post_type=product&#038;p=456"},"modified":"2024-03-08T17:52:17","modified_gmt":"2024-03-08T16:52:17","slug":"hml-authentic-poly-zip-jacke-women","status":"publish","type":"product","link":"https:\/\/sport-goslar.de\/verein-shop\/produkt\/hml-authentic-poly-zip-jacke-women\/","title":{"rendered":"HML Authentic Poly Zip Jacke Women"},"content":{"rendered":"<p>Hey Spieler, Trainer und Betreuer!<\/p>\n<p>Schon mal in unserem coolen Onlineshop vorbeigeschaut?<\/p>\n<p>Wir sind wirklich stolz darauf, euch die M\u00f6glichkeit zu bieten, eure Vereinskollektion online zu pr\u00e4sentieren und die besten Produkte f\u00fcr euer Team zu ergattern. Aber wusstet ihr schon? Diese gro\u00dfartige Gelegenheit m\u00f6chten wir nicht nur f\u00fcr uns behalten \u2013 wir m\u00f6chten auch anderen Vereinen die Chance geben, einen individuellen Shop zu erhalten!<\/p>\n<p>Unser Team steht bereit, um euren Verein oder euer Team individuell zu beraten und den perfekten Onlineshop zu erstellen. Gemeinsam besprechen wir, welche Produkte am besten zu euch passen und k\u00fcmmern uns dann um den Rest. Und das Beste daran? Es entstehen keine zus\u00e4tzlichen Kosten f\u00fcr euren Verein!<\/p>\n<p>Egal ob Handball, Fussball, Volleyball oder Leichathletik, wir m\u00f6chten euch alle unterst\u00fctzen und dazu beitragen, dass ihr euer Team mit Stolz repr\u00e4sentieren k\u00f6nnt. Unsere engen Beziehungen zu f\u00fchrenden Partnern in der Sportartikelindustrie erm\u00f6glichen es uns, euch erstklassige Konditionen und attraktive Sponsoring-Vereinbarungen anzubieten.<\/p>\n<p>Also lasst uns gemeinsam euren Teamgeist st\u00e4rken und eure Vereinskollektion auf ein neues Level heben. Kontaktiert uns noch heute und erfahrt, wie wir euch helfen k\u00f6nnen, euren eigenen Onlineshop zu erstellen und euer Team professionell auszustatten.<\/p>\n<p>&nbsp;<\/p>\n<p>Ich freue mich auf eure Anfragen um gemeinsam mit euch durchzustarten!<\/p>\n","protected":false},"excerpt":{"rendered":"<p><strong>Damen Authentic Polyjacke<br \/>\n<\/strong><\/p>\n<p>Un\u00fcbertroffener Komfort und Leistungsunterst\u00fctzung sind die Erkennungsmerkmale dieser aus weichem Strick gefertigten hmlAUTHENTIC POLY ZIP JACKET. Praktische Rei\u00dfverschlusstaschen und Rippb\u00fcndchen machen diesen Artikel funktional und unterhaltsam f\u00fcr deine Kleinen. Wasserbasierte Logos und strukturiertes, gewebtes Winkelband sorgen daf\u00fcr, dass diese Jacke au\u00dferdem einen tollen hummel\u00ae Style pr\u00e4sentiert. Qualit\u00e4t: 100 % Polyester. Art. 205368<\/p>\n<p>UVP 49,95 \u20ac<\/p>\n<p>Fb 2006 =grey melange<\/p>\n<p>Fb 2001=schwarz<\/p>\n<p>Fb 3062=rot<\/p>\n<p>Gr\u00f6\u00dfe\u00a0 XS &#8211; XXL<\/p>\n<p>Lieferzeit: ca 3 &#8211; 10 Tage<\/p>\n<table border=\"1\" cellspacing=\"0\" cellpadding=\"0\">\n<tbody>\n<tr>\n<td><strong>Menge<\/strong><\/td>\n<td><strong>Preis<\/strong><\/td>\n<\/tr>\n<tr>\n<td>1 &#8211; 3<\/td>\n<td>32,99 \u20ac<\/td>\n<\/tr>\n<tr>\n<td>4 &#8211; 29<\/td>\n<td>30,99 \u20ac<\/td>\n<\/tr>\n<tr>\n<td>30-50<\/td>\n<td>29,99 \u20ac<\/td>\n<\/tr>\n<\/tbody>\n<\/table>\n<p>&nbsp;<\/p>\n","protected":false},"featured_media":522,"template":"","meta":[],"product_brand":[],"product_cat":[223,214,280,261,269,141,290,276,222,140,220,287,15],"product_tag":[],"class_list":{"0":"post-456","1":"product","2":"type-product","3":"status-publish","4":"has-post-thumbnail","6":"product_cat-fc-lehrte","7":"product_cat-hummel","8":"product_cat-jacken-oberteile-lg-fcl","9":"product_cat-jacken-oberteile-lg-hml","10":"product_cat-jacken-oberteile-lg-lsv","11":"product_cat-jacken-oberteile-lg-mellendorfer-tv","12":"product_cat-jacken-oberteile-lg-mtv","13":"product_cat-jacken-oberteile-lsn","14":"product_cat-lehrter-sv","15":"product_cat-mellendorfer-tv","16":"product_cat-mtv-wolfenbuettel","17":"product_cat-tvn-oberteile-trainingsjacken","18":"product_cat-vereine","19":"description-off","21":"first","22":"instock","23":"sale","24":"taxable","25":"shipping-taxable","26":"purchasable","27":"product-type-variable"},"_links":{"self":[{"href":"https:\/\/sport-goslar.de\/verein-shop\/wp-json\/wp\/v2\/product\/456","targetHints":{"allow":["GET"]}}],"collection":[{"href":"https:\/\/sport-goslar.de\/verein-shop\/wp-json\/wp\/v2\/product"}],"about":[{"href":"https:\/\/sport-goslar.de\/verein-shop\/wp-json\/wp\/v2\/types\/product"}],"wp:featuredmedia":[{"embeddable":true,"href":"https:\/\/sport-goslar.de\/verein-shop\/wp-json\/wp\/v2\/media\/522"}],"wp:attachment":[{"href":"https:\/\/sport-goslar.de\/verein-shop\/wp-json\/wp\/v2\/media?parent=456"}],"wp:term":[{"taxonomy":"product_brand","embeddable":true,"href":"https:\/\/sport-goslar.de\/verein-shop\/wp-json\/wp\/v2\/product_brand?post=456"},{"taxonomy":"product_cat","embeddable":true,"href":"https:\/\/sport-goslar.de\/verein-shop\/wp-json\/wp\/v2\/product_cat?post=456"},{"taxonomy":"product_tag","embeddable":true,"href":"https:\/\/sport-goslar.de\/verein-shop\/wp-json\/wp\/v2\/product_tag?post=456"}],"curies":[{"name":"wp","href":"https:\/\/api.w.org\/{rel}","templated":true}]}}