{"id":447,"date":"2021-02-19T09:32:00","date_gmt":"2021-02-19T08:32:00","guid":{"rendered":"http:\/\/sport-goslar.de\/verein-shop\/?post_type=product&#038;p=447"},"modified":"2024-03-12T16:27:44","modified_gmt":"2024-03-12T15:27:44","slug":"hml-authentic-half-zip-sweatshirt-damen","status":"publish","type":"product","link":"https:\/\/sport-goslar.de\/verein-shop\/produkt\/hml-authentic-half-zip-sweatshirt-damen\/","title":{"rendered":"HML Authentic Half Zip Sweatshirt Women"},"content":{"rendered":"<p>Hey Sportfans!<\/p>\n<p>Habt ihr schon unseren brandneuen Onlineshop f\u00fcr die inidviduelle Vereinskollektion entdeckt? Wir sind \u00fcberaus begeistert, euch die M\u00f6glichkeit zu bieten, eure Vereinskollektionen online zu pr\u00e4sentieren und die besten Produkte f\u00fcr eure Mannschaft zu sichern.<\/p>\n<p>Doch das ist noch l\u00e4ngst nicht alles \u2013 wir m\u00f6chten auch anderen Vereinen und Verb\u00e4nden die Chance geben, einen individuellen Shop zu erhalten! Unser erfahrenes Team steht bereit, um eurem Team individuell zu beraten und den perfekten Onlineshop zu gestalten.<\/p>\n<p>Gemeinsam besprechen wir, welche Produkte am besten zu euch passen \u2013 und das ohne zus\u00e4tzliche Kosten f\u00fcr euren Verein! Egal, ob ihr in Niedersachen seid oder einem anderen Landesverband in Deutschland angeh\u00f6rt, wir unterst\u00fctzen euch alle und tragen dazu bei, dass ihr euer Team mit Stolz repr\u00e4sentieren k\u00f6nnt. Dank unserer engen Beziehungen zu f\u00fchrenden Partnern in der Sportartikelindustrie k\u00f6nnen wir euch exklusive Konditionen und attraktive Sponsoring-Vereinbarungen bieten. Lasst uns gemeinsam euren Teamgeist st\u00e4rken und eure Vereinskollektionen auf ein neues Level heben! Kontaktiert uns noch heute und erfahrt, wie wir euch helfen k\u00f6nnen, euren eigenen Onlineshop zu erstellen und eure Teams professionell auszustatten. Wir freuen uns darauf, von euch zu h\u00f6ren und gemeinsam mit euch durchzustarten!<\/p>\n<p>&nbsp;<\/p>\n<p><strong>Jetzt Shop einrichten:<\/strong><\/p>\n<p>Gemeinsam besprechen wir mit euch die individuelle Kollektion f\u00fcr euer Team. In pers\u00f6nlichen Gespr\u00e4chen beraten wir euch, welcher deutsche oder europ\u00e4ische Hersteller am besten zu eurem Verein passt.<\/p>\n<p>&nbsp;<\/p>\n<p><strong>Bestkonditionen und Gratisware sichern:<\/strong><\/p>\n<p>Profitiert von unseren erstklassigen Konditionen und attraktiven Sponsoring-Vereinbarungen. Als Ausr\u00fcster verschiedener Landesverb\u00e4nde mit einer gro\u00dfen Mitgliederzahl haben wir exzellente Beziehungen zu spannenden Partnern in der Sportartikelindustrie.<\/p>\n<p>&nbsp;<\/p>\n<p><strong>Eure Kollektion online ohne zus\u00e4tzliche Kosten:<\/strong><\/p>\n<p>Bei uns entstehen keine Kosten f\u00fcr euren Teamshop. Wir programmieren den Onlineshop, bef\u00fcllen ihn mit den von euch ausgesuchten Artikeln, hinterlegen die Sonderpreise und \u00fcbernehmen die Pflege.<\/p>\n<p>&nbsp;<\/p>\n<p><strong>Das &#8222;MIA SAN MIA&#8220; \u2013 Gef\u00fchl f\u00fcr euer Team:<\/strong><\/p>\n<p>Ein einheitlicher, professioneller Auftritt st\u00e4rkt das Wir-Gef\u00fchl in eurem Team. Ob als Schwimmverband oder Fan \u2013 euer Team, eure Farben!<\/p>\n<p>&nbsp;<\/p>\n<p><strong>Entlastung von Ehrenamtlichen:<\/strong><\/p>\n<p>Jedes Teammitglied kann sich die Artikel einfach und bequem \u00fcber den individuellen Onlineshop bestellen. Die Verantwortlichen im Verband k\u00f6nnen sich ab sofort auf das Wesentliche konzentrieren.<\/p>\n<p>&nbsp;<\/p>\n<p><strong>Pers\u00f6nliche Betreuung:<\/strong><\/p>\n<p>Egal wo der Schuh dr\u00fcckt \u2013 euer pers\u00f6nlicher Ansprechpartner steht euch individuell zur Seite, von der richtigen Beflockung \u00fcber die Artikelauswahl bis hin zu Lieferterminen oder Sonderanfertigungen.<\/p>\n<p>&nbsp;<\/p>\n<p>Sehr gern beraten wir euch auch pers\u00f6nlich und individuell. Ich freue mich auf Euren Anruf!<\/p>\n<p>Sven Goslar<\/p>\n","protected":false},"excerpt":{"rendered":"<p><strong>Damen Authentic Trainings-Top<br \/>\n<\/strong><\/p>\n<p>Das leichte, schmal geschnittene hmlAUTHENTIC HALF ZIP SWEATSHIRT bietet alles, was du brauchst, um im Training oder an Spieltagen aufzufallen. Dieses stylische Sweatshirt bietet maximale Bel\u00fcftung sowie Wetterschutz und verf\u00fcgt \u00fcber vier kultige hummel\u00ae Winkel an den \u00c4rmeln und ein klassisches hummel\u00ae Bumblebee\u00ae Logo auf der Brust. Kombiniere es mit Shorts, Hosen oder Oberteilen aus der sportlichen hummel\u00ae AUTHENTIC Kollektion, um deinen Look abzurunden. Maximale Bel\u00fcftung, kultige Winkel an den \u00c4rmeln, klassisches Bumblebee\u00ae Logo, halber Rei\u00dfverschluss, Qualit\u00e4t: 100 %<br \/>\nArt.204929<\/p>\n<p>UVP 49,95 \u20ac<\/p>\n<p>Fb 2006 =grey melange<\/p>\n<p>Fb 2001=schwarz<\/p>\n<p>Fb 3062=rot<\/p>\n<p>Gr\u00f6\u00dfe\u00a0 XS &#8211; XXL<\/p>\n<p>Lieferzeit: ca 3 &#8211; 10 Tage<\/p>\n<p>&nbsp;<\/p>\n<table border=\"1\" cellspacing=\"0\" cellpadding=\"0\">\n<tbody>\n<tr>\n<td><strong>Menge<\/strong><\/td>\n<td><strong>Preis<\/strong><\/td>\n<\/tr>\n<tr>\n<td>1 &#8211; 4<\/td>\n<td>33,99 \u20ac<\/td>\n<\/tr>\n<tr>\n<td>5 &#8211; 19<\/td>\n<td>31,50 \u20ac<\/td>\n<\/tr>\n<tr>\n<td>20-50<\/td>\n<td>30,99 \u20ac<\/td>\n<\/tr>\n<\/tbody>\n<\/table>\n<p>&nbsp;<\/p>\n<p>&nbsp;<\/p>\n","protected":false},"featured_media":445,"template":"","meta":[],"product_brand":[],"product_cat":[223,214,280,261,269,141,290,276,222,140,220,287,15],"product_tag":[],"class_list":{"0":"post-447","1":"product","2":"type-product","3":"status-publish","4":"has-post-thumbnail","6":"product_cat-fc-lehrte","7":"product_cat-hummel","8":"product_cat-jacken-oberteile-lg-fcl","9":"product_cat-jacken-oberteile-lg-hml","10":"product_cat-jacken-oberteile-lg-lsv","11":"product_cat-jacken-oberteile-lg-mellendorfer-tv","12":"product_cat-jacken-oberteile-lg-mtv","13":"product_cat-jacken-oberteile-lsn","14":"product_cat-lehrter-sv","15":"product_cat-mellendorfer-tv","16":"product_cat-mtv-wolfenbuettel","17":"product_cat-tvn-oberteile-trainingsjacken","18":"product_cat-vereine","19":"description-off","21":"first","22":"instock","23":"sale","24":"taxable","25":"shipping-taxable","26":"purchasable","27":"product-type-variable"},"_links":{"self":[{"href":"https:\/\/sport-goslar.de\/verein-shop\/wp-json\/wp\/v2\/product\/447","targetHints":{"allow":["GET"]}}],"collection":[{"href":"https:\/\/sport-goslar.de\/verein-shop\/wp-json\/wp\/v2\/product"}],"about":[{"href":"https:\/\/sport-goslar.de\/verein-shop\/wp-json\/wp\/v2\/types\/product"}],"wp:featuredmedia":[{"embeddable":true,"href":"https:\/\/sport-goslar.de\/verein-shop\/wp-json\/wp\/v2\/media\/445"}],"wp:attachment":[{"href":"https:\/\/sport-goslar.de\/verein-shop\/wp-json\/wp\/v2\/media?parent=447"}],"wp:term":[{"taxonomy":"product_brand","embeddable":true,"href":"https:\/\/sport-goslar.de\/verein-shop\/wp-json\/wp\/v2\/product_brand?post=447"},{"taxonomy":"product_cat","embeddable":true,"href":"https:\/\/sport-goslar.de\/verein-shop\/wp-json\/wp\/v2\/product_cat?post=447"},{"taxonomy":"product_tag","embeddable":true,"href":"https:\/\/sport-goslar.de\/verein-shop\/wp-json\/wp\/v2\/product_tag?post=447"}],"curies":[{"name":"wp","href":"https:\/\/api.w.org\/{rel}","templated":true}]}}