{"id":420,"date":"2021-02-19T08:54:59","date_gmt":"2021-02-19T07:54:59","guid":{"rendered":"http:\/\/sport-goslar.de\/verein-shop\/?post_type=product&#038;p=420"},"modified":"2024-03-08T18:05:35","modified_gmt":"2024-03-08T17:05:35","slug":"hml-go-cotton-sweat-damen","status":"publish","type":"product","link":"https:\/\/sport-goslar.de\/verein-shop\/produkt\/hml-go-cotton-sweat-damen\/","title":{"rendered":"HML GO Cotton Sweat Women"},"content":{"rendered":"<p>&nbsp;<\/p>\n<p>Hey Sportvereine und Landesverb\u00e4nde,<\/p>\n<p>&nbsp;<\/p>\n<p>Wisst ihr schon, was ihr verpasst? Unser cooler Onlineshop ist der Place-to-be f\u00fcr alle, die ihren Verein stylisch und professionell ausstatten wollen. Und das Beste? Wir wollen nicht nur f\u00fcr uns alleine die Party rocken \u2013 nein, wir wollen auch anderen Vereinen die Chance geben, Teil des Clubs zu werden! Unser Team steht in den Startl\u00f6chern, um euch mit einem individuellen Onlineshop zu versorgen, der eurem Verein ordentlich Dampf macht. Zusammen schnacken wir \u00fcber eure Style-Pr\u00e4ferenzen und rocken dann die Bude \u2013 ohne dass ihr auch nur einen Cent extra blechen m\u00fcsst!<\/p>\n<p>&nbsp;<\/p>\n<p>Egal, ob ihr auf dem Platz Fu\u00dfball, Handball oder Volleyball rockt oder einfach nur als Breitensportverein abh\u00e4ngt \u2013 wir sind f\u00fcr alle am Start, um euer Team aufs n\u00e4chste Level zu bringen! Dank unserer guten Connections zu den Big Playern in der Sportartikelwelt, kriegt ihr bei uns die fettsten Deals und coolsten Sponsoring-Deals abgegriffen. Also, lasst uns zusammen Gas geben und eure Vereinskollektion aufpimpen!<\/p>\n<p>&nbsp;<\/p>\n<p>Hier sind ein paar Gr\u00fcnde, warum ihr euch unbedingt f\u00fcr uns entscheiden solltet:<\/p>\n<p>&nbsp;<\/p>\n<ol>\n<li>**Individuelle Beratung vom Feinsten**: Wir checken mit euch ab, was zu euch passt und welche Hersteller die richtigen Moves machen.<\/li>\n<\/ol>\n<p>&nbsp;<\/p>\n<ol start=\"2\">\n<li>**Top-Konditionen und Gratisware**: Als Partner von Landesverb\u00e4nden und unz\u00e4hligen Vereinen haben wir die Connections, um euch die fettesten Konditionen zu liefern.<\/li>\n<\/ol>\n<p>&nbsp;<\/p>\n<ol start=\"3\">\n<li>**Kostenloser Onlineshop-Party**: Wir werfen den Onlineshop an den Start, bef\u00fcllen ihn mit euren Lieblingsst\u00fccken und machen die Preise so hei\u00df, dass ihr euch die Finger verbrennt \u2013 und das alles ohne Extrakosten!<\/li>\n<\/ol>\n<p>&nbsp;<\/p>\n<ol start=\"4\">\n<li>**Einheitlicher Style f\u00fcr euer Team**: Mit einem einheitlichen und professionellen Auftritt st\u00e4rken wir das Teamgef\u00fchl und geben eurem Verein den richtigen Swag \u2013 ob auf dem Platz oder auf der Trib\u00fcne!<\/li>\n<\/ol>\n<p>&nbsp;<\/p>\n<ol start=\"5\">\n<li>**Ehrenamtliche k\u00f6nnen chillen**: Dank unseres Onlineshops k\u00f6nnen sich eure Teammates ganz entspannt die coolsten Teile ordern, w\u00e4hrend die Verantwortlichen sich zur\u00fccklehnen und entspannt die F\u00fc\u00dfe hochlegen.<\/li>\n<\/ol>\n<p>&nbsp;<\/p>\n<ol start=\"6\">\n<li>**Pers\u00f6nliche Betreuung Deluxe**: Euer pers\u00f6nlicher Ansprechpartner steht euch rund um die Uhr zur Seite \u2013 vom richtigen Print bis zur P\u00fcnktlichkeit der Lieferung!<\/li>\n<\/ol>\n<p>&nbsp;<\/p>\n<p>Also, worauf wartet ihr noch? Lasst uns zusammen eure Vereinskollektion zum Beben bringen!<\/p>\n<p>&nbsp;<\/p>\n<p>Ich freue mich auf eure Anfragen<\/p>\n<p>Sven Goslar<\/p>\n","protected":false},"excerpt":{"rendered":"<p><strong>Damen Basic Sweat f\u00fcr Freizeit und Torh\u00fcter<br \/>\n<\/strong><\/p>\n<p>Classisches Hummel Sweatshirt aus Baumwolle mit sportlichem Look und sportlichen \u00c4rmelchevrons. Athletic-Look, gerippte B\u00fcndchen und Saum, gedrucktes Logo, Qualit\u00e4t: 80 % Baumwolle, 20 % Polyester Art.203507<\/p>\n<p>UVP 39,99 \u20ac<\/p>\n<p>Fb 2006 =grey melange<\/p>\n<p>Fb 7045=trueblue<\/p>\n<p>Fb 5001= yellow<\/p>\n<p>Gr\u00f6\u00dfe\u00a0 XS &#8211; XXL<\/p>\n<p>Lieferzeit: ca 3 &#8211; 10 Tage<\/p>\n<table border=\"1\" cellspacing=\"0\" cellpadding=\"0\">\n<tbody>\n<tr>\n<td><strong>Menge<\/strong><\/td>\n<td><strong>Preis<\/strong><\/td>\n<\/tr>\n<tr>\n<td>1 &#8211; 5<\/td>\n<td>27,99 \u20ac<\/td>\n<\/tr>\n<tr>\n<td>6 &#8211; 29<\/td>\n<td>24,99 \u20ac<\/td>\n<\/tr>\n<tr>\n<td>30-50<\/td>\n<td>23,99 \u20ac<\/td>\n<\/tr>\n<\/tbody>\n<\/table>\n<p>&nbsp;<\/p>\n<p>&nbsp;<\/p>\n","protected":false},"featured_media":419,"template":"","meta":[],"product_brand":[],"product_cat":[214,261,141,290,276,140,225,260,259,142,287,15],"product_tag":[],"class_list":{"0":"post-420","1":"product","2":"type-product","3":"status-publish","4":"has-post-thumbnail","6":"product_cat-hummel","7":"product_cat-jacken-oberteile-lg-hml","8":"product_cat-jacken-oberteile-lg-mellendorfer-tv","9":"product_cat-jacken-oberteile-lg-mtv","10":"product_cat-jacken-oberteile-lsn","11":"product_cat-mellendorfer-tv","12":"product_cat-trikots-und-tw-hb-hummel","13":"product_cat-trikots-und-tw-hb-wolfenbuettel","14":"product_cat-trikots-und-tw-lehrter-sv","15":"product_cat-trikots-tw-mellendorfer-tv","16":"product_cat-tvn-oberteile-trainingsjacken","17":"product_cat-vereine","18":"description-off","20":"first","21":"instock","22":"sale","23":"taxable","24":"shipping-taxable","25":"purchasable","26":"product-type-variable"},"_links":{"self":[{"href":"https:\/\/sport-goslar.de\/verein-shop\/wp-json\/wp\/v2\/product\/420","targetHints":{"allow":["GET"]}}],"collection":[{"href":"https:\/\/sport-goslar.de\/verein-shop\/wp-json\/wp\/v2\/product"}],"about":[{"href":"https:\/\/sport-goslar.de\/verein-shop\/wp-json\/wp\/v2\/types\/product"}],"wp:featuredmedia":[{"embeddable":true,"href":"https:\/\/sport-goslar.de\/verein-shop\/wp-json\/wp\/v2\/media\/419"}],"wp:attachment":[{"href":"https:\/\/sport-goslar.de\/verein-shop\/wp-json\/wp\/v2\/media?parent=420"}],"wp:term":[{"taxonomy":"product_brand","embeddable":true,"href":"https:\/\/sport-goslar.de\/verein-shop\/wp-json\/wp\/v2\/product_brand?post=420"},{"taxonomy":"product_cat","embeddable":true,"href":"https:\/\/sport-goslar.de\/verein-shop\/wp-json\/wp\/v2\/product_cat?post=420"},{"taxonomy":"product_tag","embeddable":true,"href":"https:\/\/sport-goslar.de\/verein-shop\/wp-json\/wp\/v2\/product_tag?post=420"}],"curies":[{"name":"wp","href":"https:\/\/api.w.org\/{rel}","templated":true}]}}