{"id":413,"date":"2021-02-18T17:42:27","date_gmt":"2021-02-18T16:42:27","guid":{"rendered":"http:\/\/sport-goslar.de\/verein-shop\/?post_type=product&#038;p=413"},"modified":"2022-10-08T17:28:55","modified_gmt":"2022-10-08T15:28:55","slug":"hml-go-cotton-sweat-kids","status":"publish","type":"product","link":"https:\/\/sport-goslar.de\/verein-shop\/produkt\/hml-go-cotton-sweat-kids\/","title":{"rendered":"HML GO Cotton Sweat KIDS"},"content":{"rendered":"","protected":false},"excerpt":{"rendered":"<p><strong>Kinder Basic Sweat f\u00fcr Freizeit und Torh\u00fcter<br \/>\n<\/strong><\/p>\n<p>Classisches Hummel Sweatshirt aus Baumwolle mit sportlichem Look und sportlichen \u00c4rmelchevrons. Athletic-Look, gerippte B\u00fcndchen und Saum, gedrucktes Logo, Qualit\u00e4t: 80 % Baumwolle, 20 % Polyester Art.203506<\/p>\n<p>UVP 34,99 \u20ac<\/p>\n<p>Fb 2006 =grey melange<\/p>\n<p>Fb 7045=trueblue<\/p>\n<p>Fb 5001= yellow<\/p>\n<p>Gr\u00f6\u00dfe\u00a0 116-176<\/p>\n<p>Lieferzeit: ca 3 &#8211; 10 Tage<\/p>\n<table border=\"1\" cellspacing=\"0\" cellpadding=\"0\">\n<tbody>\n<tr>\n<td><strong>Menge<\/strong><\/td>\n<td><strong>Preis<\/strong><\/td>\n<\/tr>\n<tr>\n<td>1 &#8211; 5<\/td>\n<td>24,99 \u20ac<\/td>\n<\/tr>\n<tr>\n<td>6 &#8211; 29<\/td>\n<td>21,99 \u20ac<\/td>\n<\/tr>\n<tr>\n<td>30-50<\/td>\n<td>20,99 \u20ac<\/td>\n<\/tr>\n<\/tbody>\n<\/table>\n<p>&nbsp;<\/p>\n","protected":false},"featured_media":418,"template":"","meta":[],"product_brand":[],"product_cat":[261,141,140,225,260,259,142,15],"product_tag":[],"class_list":{"0":"post-413","1":"product","2":"type-product","3":"status-publish","4":"has-post-thumbnail","6":"product_cat-jacken-oberteile-lg-hml","7":"product_cat-jacken-oberteile-lg-mellendorfer-tv","8":"product_cat-mellendorfer-tv","9":"product_cat-trikots-und-tw-hb-hummel","10":"product_cat-trikots-und-tw-hb-wolfenbuettel","11":"product_cat-trikots-und-tw-lehrter-sv","12":"product_cat-trikots-tw-mellendorfer-tv","13":"product_cat-vereine","14":"description-off","16":"first","17":"instock","18":"sale","19":"taxable","20":"shipping-taxable","21":"purchasable","22":"product-type-variable"},"_links":{"self":[{"href":"https:\/\/sport-goslar.de\/verein-shop\/wp-json\/wp\/v2\/product\/413","targetHints":{"allow":["GET"]}}],"collection":[{"href":"https:\/\/sport-goslar.de\/verein-shop\/wp-json\/wp\/v2\/product"}],"about":[{"href":"https:\/\/sport-goslar.de\/verein-shop\/wp-json\/wp\/v2\/types\/product"}],"wp:featuredmedia":[{"embeddable":true,"href":"https:\/\/sport-goslar.de\/verein-shop\/wp-json\/wp\/v2\/media\/418"}],"wp:attachment":[{"href":"https:\/\/sport-goslar.de\/verein-shop\/wp-json\/wp\/v2\/media?parent=413"}],"wp:term":[{"taxonomy":"product_brand","embeddable":true,"href":"https:\/\/sport-goslar.de\/verein-shop\/wp-json\/wp\/v2\/product_brand?post=413"},{"taxonomy":"product_cat","embeddable":true,"href":"https:\/\/sport-goslar.de\/verein-shop\/wp-json\/wp\/v2\/product_cat?post=413"},{"taxonomy":"product_tag","embeddable":true,"href":"https:\/\/sport-goslar.de\/verein-shop\/wp-json\/wp\/v2\/product_tag?post=413"}],"curies":[{"name":"wp","href":"https:\/\/api.w.org\/{rel}","templated":true}]}}