{"id":401,"date":"2021-02-18T17:02:03","date_gmt":"2021-02-18T16:02:03","guid":{"rendered":"http:\/\/sport-goslar.de\/verein-shop\/?post_type=product&#038;p=401"},"modified":"2024-03-08T17:42:55","modified_gmt":"2024-03-08T16:42:55","slug":"mtv-black-editition-zip-hoodie-kids","status":"publish","type":"product","link":"https:\/\/sport-goslar.de\/verein-shop\/produkt\/mtv-black-editition-zip-hoodie-kids\/","title":{"rendered":"BLACK EDITITION ZIP HOODIE KIDS Mellendorfer TV"},"content":{"rendered":"<p>Hey Mellendorfer TV Fans und Mitglieder!<\/p>\n<p>Schon mal unseren gro\u00dfartigen Onlineshop entdeckt? Wir sind wirklich aufgeregt, euch die M\u00f6glichkeit zu bieten, eure Vereinskollektion online zu pr\u00e4sentieren und die besten Produkte f\u00fcr euer Team zu ergattern. Aber wusstet ihr schon? Diese tolle Chance m\u00f6chten wir nicht nur f\u00fcr uns behalten \u2013 wir m\u00f6chten auch anderen Vereinen die M\u00f6glichkeit geben, einen individuellen Shop zu erhalten! Unser Team steht bereit, um euren Verein oder euer Team individuell zu beraten und den perfekten Onlineshop zu erstellen.<\/p>\n<p>Gemeinsam besprechen wir, welche Produkte am besten zu euch passen und k\u00fcmmern uns dann um den Rest. Und das Beste daran? Es entstehen keine zus\u00e4tzlichen Kosten f\u00fcr euren Verein! Egal ob Mellendorfer TV oder ein anderer Verein, wir m\u00f6chten euch alle unterst\u00fctzen und dazu beitragen, dass ihr euer Team mit Stolz repr\u00e4sentieren k\u00f6nnt. Unsere engen Beziehungen zu f\u00fchrenden Partnern in der Sportartikelindustrie erm\u00f6glichen es uns, euch erstklassige Konditionen und attraktive Sponsoring-Vereinbarungen anzubieten.<\/p>\n<p>Also lasst uns gemeinsam euren Teamgeist st\u00e4rken und eure Vereinskollektion auf ein neues Level heben. Kontaktiert uns noch heute und erfahrt, wie wir euch helfen k\u00f6nnen, euren eigenen Onlineshop zu erstellen und euer Team professionell auszustatten. Wir freuen uns darauf, von euch zu h\u00f6ren und gemeinsam mit euch durchzustarten!<\/p>\n<p>&nbsp;<\/p>\n<p>Ware die invividuell f\u00fcr euch veredelt wird (also z.B. mit Spielernamen, Nummern, Sponsorenlogos, Vereinswappen, Initalien, etc bedruckt\/beflockt wird) gilt als Sonderanfertigung und ist von einem Umtausch leider ausgeschlossen.<\/p>\n","protected":false},"excerpt":{"rendered":"<p><strong>Kinder Sweatjacke MTV BLACK EDITION inklusive Direktflock Ton in Ton auf dem R\u00fccken<\/strong><\/p>\n<p>Dieser modische HMLGO COTTON ZIP HOODIE bietet alles \u2013 einen Roll-Top-Kordelzug, einen durchgehenden Rei\u00dfverschluss, sportliche Schulterpartien sowie ein subtil gedrucktes hummel\u00ae-Logo. Roll-Top-Tunnelzugkragen, sportliche Schulterchevrons, durchgehender Rei\u00dfverschluss, Qualit\u00e4t: 80 % Baumwolle, 20 % Polyester \/ Futter: 100 % Polyester . Als <strong>Mellendorfer \u201eBlack Edition\u201c<\/strong> bekommt ihr diese Sweatjacke mit einem sehr edlen schwarzen Vereinswappen als Direktflock auf dem R\u00fccken<\/p>\n<p>UVP 49,99 \u20ac zuz\u00fcgl hochwertiger Direktflock (je nach Druckmenge 5,50 bis 10,99 \u20ac<\/p>\n<p>Fb 2001 =schwarz\/schwarz<\/p>\n<p>Gr\u00f6\u00dfe\u00a0 116-176<\/p>\n<p>Lieferzeit: ca 10 &#8211; 20 Tage<\/p>\n<table border=\"1\" cellspacing=\"0\" cellpadding=\"0\">\n<tbody>\n<tr>\n<td><strong>Menge<\/strong><\/td>\n<td><strong>Preis<\/strong><\/td>\n<\/tr>\n<tr>\n<td>1 &#8211; 2<\/td>\n<td>45,99 \u20ac<\/td>\n<\/tr>\n<tr>\n<td>2 &#8211; 9<\/td>\n<td>39,99 \u20ac<\/td>\n<\/tr>\n<tr>\n<td>10-20<\/td>\n<td>35,99 \u20ac<\/td>\n<\/tr>\n<\/tbody>\n<\/table>\n<p>&nbsp;<\/p>\n","protected":false},"featured_media":531,"template":"","meta":[],"product_brand":[],"product_cat":[143,141,140],"product_tag":[],"class_list":{"0":"post-401","1":"product","2":"type-product","3":"status-publish","4":"has-post-thumbnail","6":"product_cat-black-edition-mellendorfer-tv","7":"product_cat-jacken-oberteile-lg-mellendorfer-tv","8":"product_cat-mellendorfer-tv","9":"description-off","11":"first","12":"instock","13":"sale","14":"taxable","15":"shipping-taxable","16":"purchasable","17":"product-type-variable"},"_links":{"self":[{"href":"https:\/\/sport-goslar.de\/verein-shop\/wp-json\/wp\/v2\/product\/401","targetHints":{"allow":["GET"]}}],"collection":[{"href":"https:\/\/sport-goslar.de\/verein-shop\/wp-json\/wp\/v2\/product"}],"about":[{"href":"https:\/\/sport-goslar.de\/verein-shop\/wp-json\/wp\/v2\/types\/product"}],"wp:featuredmedia":[{"embeddable":true,"href":"https:\/\/sport-goslar.de\/verein-shop\/wp-json\/wp\/v2\/media\/531"}],"wp:attachment":[{"href":"https:\/\/sport-goslar.de\/verein-shop\/wp-json\/wp\/v2\/media?parent=401"}],"wp:term":[{"taxonomy":"product_brand","embeddable":true,"href":"https:\/\/sport-goslar.de\/verein-shop\/wp-json\/wp\/v2\/product_brand?post=401"},{"taxonomy":"product_cat","embeddable":true,"href":"https:\/\/sport-goslar.de\/verein-shop\/wp-json\/wp\/v2\/product_cat?post=401"},{"taxonomy":"product_tag","embeddable":true,"href":"https:\/\/sport-goslar.de\/verein-shop\/wp-json\/wp\/v2\/product_tag?post=401"}],"curies":[{"name":"wp","href":"https:\/\/api.w.org\/{rel}","templated":true}]}}