{"id":3772,"date":"2025-01-10T17:20:26","date_gmt":"2025-01-10T16:20:26","guid":{"rendered":"https:\/\/sport-goslar.de\/verein-shop\/?post_type=product&#038;p=3772"},"modified":"2025-01-15T11:01:32","modified_gmt":"2025-01-15T10:01:32","slug":"funktions-teamsport-shirt-damen-mtv-stederdorf","status":"publish","type":"product","link":"https:\/\/sport-goslar.de\/verein-shop\/produkt\/funktions-teamsport-shirt-damen-mtv-stederdorf\/","title":{"rendered":"Funktions Teamsport Shirt DAMEN MTV Stederdorf"},"content":{"rendered":"<p><strong>Hey Sportfreunde aus Stederdorf und Umgebung!<\/strong><\/p>\n<p>Ihr wollt eure Mannschaft mit einzigartiger Spielkleidung ausstatten? Dann seid ihr bei Sport Goslar genau richtig! Wir sind die Experten f\u00fcr individuelle Trikots, die ihr nach euren eigenen Vorstellungen gestalten k\u00f6nnt \u2013 inklusive Sponsorenlogos, Vereinswappen und allem Drum und Dran, und das zu unschlagbaren Preisen.<\/p>\n<p>Aber das ist noch nicht alles: Wir stellen f\u00fcr jeden Verein eine ma\u00dfgeschneiderte Vereinskollektion zusammen und bieten sie in einem eigenen Onlineshop an. So k\u00f6nnen eure Mitglieder und Fans aus Orten wie Berkum, Dungelbeck, Duttenstedt, Eixe, Essinghausen, Handorf, R\u00f6hrse, Rosenthal, Schmedenstedt, Schwicheldt, V\u00f6hrum, Wendesse und Woltorf ganz bequem eure Vereinsartikel online bestellen.<\/p>\n<p>Unser Service umfasst:<br \/>\n\u2022<strong> Individuelle Trikotgestaltung:<\/strong> Ihr bestimmt das Design, wir setzen es um \u2013 inklusive aller gew\u00fcnschten Logos und Wappen.<br \/>\n\u2022 <strong>Ma\u00dfgeschneiderte Vereinskollektionen:<\/strong> Von Trainingsanz\u00fcgen bis zu Fanartikeln, alles perfekt auf euren Verein abgestimmt.<br \/>\n\u2022<strong> Eigener Onlineshop:<\/strong> Wir richten f\u00fcr euch einen kostenlosen Shop ein, in dem eure Kollektion rund um die Uhr verf\u00fcgbar ist.<br \/>\n\u2022 <strong>Pers\u00f6nliche Beratung:<\/strong> Unser Team steht euch von der ersten Idee bis zur finalen Umsetzung zur Seite.<\/p>\n<p>Egal, ob ihr aus Stederdorf, Peine, Berkum, Dungelbeck oder einem der anderen umliegenden Orte kommt \u2013 wir sind f\u00fcr euch da! Lasst uns gemeinsam euren Verein professionell ausstatten und euren Teamgeist st\u00e4rken. Kontaktiert uns noch heute und erfahrt, wie wir euch unterst\u00fctzen k\u00f6nnen!<\/p>\n<p>&nbsp;<\/p>\n<p>&nbsp;<\/p>\n","protected":false},"excerpt":{"rendered":"<p><strong>DAMEN Funktions Teamsport T-Shirt inklusive Wappen MTV Stederdorf<br \/>\n<\/strong><\/p>\n<p>Funktionelles Erima-Shirt f\u00fcr Sport und Freizeit. Leichtes und schnell trocknendes Funktionspolyester. Erima Motion Fit f\u00fcr optimale Bewegungsunterst\u00fctzung bei jeder Sportart. Tolle Pa\u00dfform, Reutlinger Markenware mit tollem Preis-\/Leistungsverh\u00e4ltnis.<\/p>\n<p><strong>Taillierter Damenschnitt<\/strong> &#8211; nicht in der Farbe new navy verf\u00fcgbar<\/p>\n<div class=\"woocommerce-product-details__short-description\">\n<p>Gr\u00f6\u00dfe 34-48-3XL \u00a0\u00a0\u00a0\u00a0\u00a0 UVP inklusive Druck 37,99 Euro<\/p>\n<\/div>\n<p>Da es sich um Sonderanfertigungen handelt die extra noch gedruckt werden m\u00fcssen, betr\u00e4gt je nach Saison die Lieferzeit: ca 3 &#8211; 6 Wochen<\/p>\n<table border=\"1\" cellspacing=\"0\" cellpadding=\"0\">\n<tbody>\n<tr>\n<td><strong>Menge<\/strong><\/td>\n<td><strong>Preis<\/strong><\/td>\n<\/tr>\n<tr>\n<td>\u00a01 &#8211; 2<\/td>\n<td>29,99 \u20ac<\/td>\n<\/tr>\n<tr>\n<td>3 &#8211; 9<\/td>\n<td>21,99 \u20ac<\/td>\n<\/tr>\n<tr>\n<td>10 &#8211; 50<\/td>\n<td>19,99 \u20ac<\/td>\n<\/tr>\n<\/tbody>\n<\/table>\n<p>&nbsp;<\/p>\n<p>Bitte beachtet das es sich bei individualisierten Artikeln die mit Vereinswappen, Namen, Nummern oder Sponsorenlogos versehen sind um Sonderanfertigungen handelt. Diese Artikel k\u00f6nnen leider nicht umgetauscht werden.<\/p>\n","protected":false},"featured_media":3769,"template":"","meta":[],"product_brand":[],"product_cat":[442,444],"product_tag":[],"class_list":{"0":"post-3772","1":"product","2":"type-product","3":"status-publish","4":"has-post-thumbnail","6":"product_cat-mtv-stederdorf","7":"product_cat-t-shirt-polo","8":"description-off","10":"first","11":"instock","12":"sale","13":"taxable","14":"shipping-taxable","15":"purchasable","16":"product-type-variable"},"_links":{"self":[{"href":"https:\/\/sport-goslar.de\/verein-shop\/wp-json\/wp\/v2\/product\/3772","targetHints":{"allow":["GET"]}}],"collection":[{"href":"https:\/\/sport-goslar.de\/verein-shop\/wp-json\/wp\/v2\/product"}],"about":[{"href":"https:\/\/sport-goslar.de\/verein-shop\/wp-json\/wp\/v2\/types\/product"}],"wp:featuredmedia":[{"embeddable":true,"href":"https:\/\/sport-goslar.de\/verein-shop\/wp-json\/wp\/v2\/media\/3769"}],"wp:attachment":[{"href":"https:\/\/sport-goslar.de\/verein-shop\/wp-json\/wp\/v2\/media?parent=3772"}],"wp:term":[{"taxonomy":"product_brand","embeddable":true,"href":"https:\/\/sport-goslar.de\/verein-shop\/wp-json\/wp\/v2\/product_brand?post=3772"},{"taxonomy":"product_cat","embeddable":true,"href":"https:\/\/sport-goslar.de\/verein-shop\/wp-json\/wp\/v2\/product_cat?post=3772"},{"taxonomy":"product_tag","embeddable":true,"href":"https:\/\/sport-goslar.de\/verein-shop\/wp-json\/wp\/v2\/product_tag?post=3772"}],"curies":[{"name":"wp","href":"https:\/\/api.w.org\/{rel}","templated":true}]}}