{"id":3758,"date":"2025-01-10T17:14:50","date_gmt":"2025-01-10T16:14:50","guid":{"rendered":"https:\/\/sport-goslar.de\/verein-shop\/?post_type=product&#038;p=3758"},"modified":"2025-01-15T10:38:13","modified_gmt":"2025-01-15T09:38:13","slug":"funktions-teamsport-shirt-erwachsene-mtv-stederdorf","status":"publish","type":"product","link":"https:\/\/sport-goslar.de\/verein-shop\/produkt\/funktions-teamsport-shirt-erwachsene-mtv-stederdorf\/","title":{"rendered":"Funktions Teamsport Shirt Erwachsene MTV Stederdorf"},"content":{"rendered":"<p><strong>MTV Stederdorf &#8211; DEINE Farben, DEIN Verein &#8211; DEIN Onlineshop<br \/>\n<\/strong><\/p>\n<p>&nbsp;<\/p>\n<p><strong>Sport Goslar \u2013 der Spezialist f\u00fcr individuelle Spielbekleidung und Vereinskollektionen!<\/strong><br \/>\nEin professioneller Auftritt beginnt mit der richtigen Ausstattung \u2013 und Sport Goslar macht es m\u00f6glich! Egal, ob ihr individuelle Trikots f\u00fcr euer Team sucht oder eine vollst\u00e4ndige Vereinskollektion, die eure Mitglieder und Fans begeistert: Wir haben die perfekte L\u00f6sung.<\/p>\n<p>Unser Highlight: Trikots, die euren Verein widerspiegeln.<\/p>\n<p>Unsere SMU-Trikots sind so individuell wie ihr selbst. Mit Sport Goslar gestaltet ihr die Spielbekleidung nach euren Vorstellungen \u2013 von den Vereinsfarben \u00fcber das Design bis hin zu Sponsorenlogos und Wappen. Und das Beste? Alles ist im Preis inbegriffen, ohne versteckte Kosten!<\/p>\n<p><strong>Zus\u00e4tzlich bieten wir:<\/strong><br \/>\n<strong>\u2022 Ma\u00dfgeschneiderte Vereinskollektionen: Perfekt abgestimmt auf euren Verein.<\/strong><br \/>\n<strong>\u2022 Einen kostenlosen Onlineshop: F\u00fcr Fans und Mitglieder, die bequem online bestellen k\u00f6nnen.<\/strong><br \/>\n<strong>\u2022 Pers\u00f6nliche Betreuung: Unser Team steht euch von der Idee bis zur Lieferung zur Seite.<\/strong><\/p>\n<p><strong>Setzt auf die Expertise von Sport Goslar \u2013 dem Spezialisten f\u00fcr Vereine, die mehr wollen. Individuell, professionell und bezahlbar!<\/strong><\/p>\n<p>&nbsp;<\/p>\n<p>&nbsp;<\/p>\n<p>&nbsp;<\/p>\n","protected":false},"excerpt":{"rendered":"<p><strong>Funktions Teamsport T-Shirt inklusive Wappen MTV Stederdorf<br \/>\n<\/strong><\/p>\n<p>Funktionelles Erima-Shirt f\u00fcr Sport und Freizeit. Leichtes und schnell trocknendes Funktionspolyester. Erima Motion Fit f\u00fcr optimale Bewegungsunterst\u00fctzung bei jeder Sportart. Tolle Pa\u00dfform, Reutlinger Markenware mit tollem Preis-\/Leistungsverh\u00e4ltnis.<\/p>\n<div class=\"woocommerce-product-details__short-description\">\n<p>Gr\u00f6\u00dfe S-3XL \u00a0\u00a0\u00a0\u00a0\u00a0 UVP inklusive Druck 37,99 Euro<\/p>\n<\/div>\n<p>Da es sich um Sonderanfertigungen handelt die extra noch gedruckt werden m\u00fcssen, betr\u00e4gt je nach Saison die Lieferzeit: ca 3 &#8211; 6 Wochen<\/p>\n<table border=\"1\" cellspacing=\"0\" cellpadding=\"0\">\n<tbody>\n<tr>\n<td><strong>Menge<\/strong><\/td>\n<td><strong>Preis<\/strong><\/td>\n<\/tr>\n<tr>\n<td>\u00a01 &#8211; 2<\/td>\n<td>29,99 \u20ac<\/td>\n<\/tr>\n<tr>\n<td>3 &#8211; 9<\/td>\n<td>21,99 \u20ac<\/td>\n<\/tr>\n<tr>\n<td>10 &#8211; 50<\/td>\n<td>19,99 \u20ac<\/td>\n<\/tr>\n<\/tbody>\n<\/table>\n<p>&nbsp;<\/p>\n<p>Bitte beachtet das es sich bei individualisierten Artikeln die mit Vereinswappen, Namen, Nummern oder Sponsorenlogos versehen sind um Sonderanfertigungen handelt. Diese Artikel k\u00f6nnen leider nicht umgetauscht werden.<\/p>\n","protected":false},"featured_media":3734,"template":"","meta":[],"product_brand":[],"product_cat":[442,444],"product_tag":[],"class_list":{"0":"post-3758","1":"product","2":"type-product","3":"status-publish","4":"has-post-thumbnail","6":"product_cat-mtv-stederdorf","7":"product_cat-t-shirt-polo","8":"description-off","10":"first","11":"instock","12":"sale","13":"taxable","14":"shipping-taxable","15":"purchasable","16":"product-type-variable"},"_links":{"self":[{"href":"https:\/\/sport-goslar.de\/verein-shop\/wp-json\/wp\/v2\/product\/3758","targetHints":{"allow":["GET"]}}],"collection":[{"href":"https:\/\/sport-goslar.de\/verein-shop\/wp-json\/wp\/v2\/product"}],"about":[{"href":"https:\/\/sport-goslar.de\/verein-shop\/wp-json\/wp\/v2\/types\/product"}],"wp:featuredmedia":[{"embeddable":true,"href":"https:\/\/sport-goslar.de\/verein-shop\/wp-json\/wp\/v2\/media\/3734"}],"wp:attachment":[{"href":"https:\/\/sport-goslar.de\/verein-shop\/wp-json\/wp\/v2\/media?parent=3758"}],"wp:term":[{"taxonomy":"product_brand","embeddable":true,"href":"https:\/\/sport-goslar.de\/verein-shop\/wp-json\/wp\/v2\/product_brand?post=3758"},{"taxonomy":"product_cat","embeddable":true,"href":"https:\/\/sport-goslar.de\/verein-shop\/wp-json\/wp\/v2\/product_cat?post=3758"},{"taxonomy":"product_tag","embeddable":true,"href":"https:\/\/sport-goslar.de\/verein-shop\/wp-json\/wp\/v2\/product_tag?post=3758"}],"curies":[{"name":"wp","href":"https:\/\/api.w.org\/{rel}","templated":true}]}}