{"id":3746,"date":"2025-01-10T16:34:32","date_gmt":"2025-01-10T15:34:32","guid":{"rendered":"https:\/\/sport-goslar.de\/verein-shop\/?post_type=product&#038;p=3746"},"modified":"2025-01-10T16:41:41","modified_gmt":"2025-01-10T15:41:41","slug":"kapuzenjacke-damen-mtv-stederdorf","status":"publish","type":"product","link":"https:\/\/sport-goslar.de\/verein-shop\/produkt\/kapuzenjacke-damen-mtv-stederdorf\/","title":{"rendered":"Kapuzenjacke Damen MTV Stederdorf"},"content":{"rendered":"<p>Der <strong>MTV Stederdor<\/strong>f hat ihn schon \u2013 jetzt seid ihr dran!<br \/>\nIhr m\u00f6chtet eure Vereinskollektion modern und einfach zug\u00e4nglich machen? Dann braucht ihr einen Onlineshop, der \u00fcberzeugt. Der <strong>MTV Stederdorf nutzt bereits unseren kostenlosen Service<\/strong> und bietet Mitgliedern und Fans eine Plattform, um Produkte schnell und bequem zu bestellen.<\/p>\n<p><strong>Das bieten wir:<\/strong><br \/>\n<strong>\u2022 Ein Shop, individuell f\u00fcr euren Verein entwickelt.<\/strong><br \/>\n<strong>\u2022 Pflege, Programmierung und Sonderpreise \u2013 alles inklusive.<\/strong><br \/>\n<strong>\u2022 Einheitlicher Auftritt f\u00fcr Teamgeist und Identifikation.<\/strong><\/p>\n<p><strong>Kontaktieren Sie uns noch heute, und wir setzen Ihren Verein ins beste Licht \u2013 online, kostenlos und professionell!<\/strong><\/p>\n<p>&nbsp;<\/p>\n","protected":false},"excerpt":{"rendered":"<p><strong>Erima Evo Star Damen Trainingsjacke mit Kapuze inklusive Wappen MTV Stederdorf<br \/>\n<\/strong><\/p>\n<p>l\u00e4ssige Kapuzenjacke im asymmetischem Design aus der neuen Erima Teamline Evo Star. Strapazierf\u00e4higes Funktionsmaterial 100% pflegeleichtes Polyester (recycelt), Raglanschnitt und elastische Eins\u00e4tze f\u00fcr volle Bewegungsfreiheit, hoher Kragen mit Kapuze und Kordelzug, breite Rippb\u00fcndchen an \u00c4rmel und Saum, seitliche verdeckte Rei\u00dfverschlu\u00dftaschen, stylisches Design an den \u00c4rmel mit 3D Effekt, kontrastfarbenes Piping and den \u00c4rmeln.<\/p>\n<div class=\"woocommerce-product-details__short-description\">\n<p>Gr\u00f6\u00dfe 34-44 \u00a0\u00a0\u00a0\u00a0\u00a0 UVP inklusive Druck 79,99 Euro<\/p>\n<\/div>\n<p>Da es sich um Sonderanfertigungen handelt die extra noch gedruckt werden m\u00fcssen, betr\u00e4gt je nach Saison die Lieferzeit: ca 3 &#8211; 6 Wochen<\/p>\n<table border=\"1\" cellspacing=\"0\" cellpadding=\"0\">\n<tbody>\n<tr>\n<td><strong>Menge<\/strong><\/td>\n<td><strong>Preis<\/strong><\/td>\n<\/tr>\n<tr>\n<td>\u00a01 &#8211; 2<\/td>\n<td>57,99 \u20ac<\/td>\n<\/tr>\n<tr>\n<td>3 &#8211; 9<\/td>\n<td>49,99 \u20ac<\/td>\n<\/tr>\n<tr>\n<td>10 &#8211; 50<\/td>\n<td>48,50 \u20ac<\/td>\n<\/tr>\n<\/tbody>\n<\/table>\n<p>&nbsp;<\/p>\n<p>Bitte beachtet das es sich bei individualisierten Artikeln die mit Vereinswappen, Namen, Nummern oder Sponsorenlogos versehen sind um Sonderanfertigungen handelt. Diese Artikel k\u00f6nnen leider nicht umgetauscht werden.<\/p>\n","protected":false},"featured_media":3738,"template":"","meta":[],"product_brand":[],"product_cat":[445,442],"product_tag":[],"class_list":{"0":"post-3746","1":"product","2":"type-product","3":"status-publish","4":"has-post-thumbnail","6":"product_cat-kollektion-mtv","7":"product_cat-mtv-stederdorf","8":"description-off","10":"first","11":"instock","12":"sale","13":"taxable","14":"shipping-taxable","15":"purchasable","16":"product-type-variable"},"_links":{"self":[{"href":"https:\/\/sport-goslar.de\/verein-shop\/wp-json\/wp\/v2\/product\/3746","targetHints":{"allow":["GET"]}}],"collection":[{"href":"https:\/\/sport-goslar.de\/verein-shop\/wp-json\/wp\/v2\/product"}],"about":[{"href":"https:\/\/sport-goslar.de\/verein-shop\/wp-json\/wp\/v2\/types\/product"}],"wp:featuredmedia":[{"embeddable":true,"href":"https:\/\/sport-goslar.de\/verein-shop\/wp-json\/wp\/v2\/media\/3738"}],"wp:attachment":[{"href":"https:\/\/sport-goslar.de\/verein-shop\/wp-json\/wp\/v2\/media?parent=3746"}],"wp:term":[{"taxonomy":"product_brand","embeddable":true,"href":"https:\/\/sport-goslar.de\/verein-shop\/wp-json\/wp\/v2\/product_brand?post=3746"},{"taxonomy":"product_cat","embeddable":true,"href":"https:\/\/sport-goslar.de\/verein-shop\/wp-json\/wp\/v2\/product_cat?post=3746"},{"taxonomy":"product_tag","embeddable":true,"href":"https:\/\/sport-goslar.de\/verein-shop\/wp-json\/wp\/v2\/product_tag?post=3746"}],"curies":[{"name":"wp","href":"https:\/\/api.w.org\/{rel}","templated":true}]}}