{"id":3741,"date":"2025-01-10T13:24:27","date_gmt":"2025-01-10T12:24:27","guid":{"rendered":"https:\/\/sport-goslar.de\/verein-shop\/?post_type=product&#038;p=3741"},"modified":"2025-01-10T16:29:12","modified_gmt":"2025-01-10T15:29:12","slug":"polo-herren-mtv-stederdorf","status":"publish","type":"product","link":"https:\/\/sport-goslar.de\/verein-shop\/produkt\/polo-herren-mtv-stederdorf\/","title":{"rendered":"Polo Herren MTV Stederdorf"},"content":{"rendered":"<p><strong>Euer Verein. Eure Farben. Euer Onlineshop.<\/strong><\/p>\n<p>Der MTV Stederdorf zeigt, wie\u2019s gemacht wird: Mit einem individuellen Vereins-Onlineshop sind Trikots, Hoodies und Fanartikel nur einen Klick entfernt. Unser Service bietet:<\/p>\n<ul>\n<li><strong>Kostenfreie Erstellung und Pflege<\/strong> des Shops.<\/li>\n<li><strong>Einheitlichen Look<\/strong>, der Teamgeist st\u00e4rkt.<\/li>\n<li><strong>Attraktive Konditionen<\/strong> durch starke Partner.<\/li>\n<\/ul>\n<p>&nbsp;<\/p>\n<p>Jetzt ist euer Verein an der Reihe! Wir gestalten euren Shop nach euren Bed\u00fcrfnissen \u2013 professionell, individuell und ohne Kosten. <strong>Sichert euch euren Onlineauftritt wie der MTV Stederdorf!<\/strong><\/p>\n","protected":false},"excerpt":{"rendered":"<p><strong>Erima Evo Star Herren Poloshirt inklusive Wappen MTV Stederdorf<br \/>\n<\/strong><\/p>\n<p>Funktionelles Polo aus der neuen Erima Teamline Evo Star\u00a0 Das neue Erima Evo Star Polohemd \u00fcberzeugt mit seinem leichten Funktionsmaterial aus 100% Polyester (recycelt), Polokragen mit 2er Knopfleiste, Raglanschnitt und elastische Eins\u00e4tze f\u00fcr volle Bewegungsfreiheit, Jacquard Kragen f\u00fcr besser Regulierung der K\u00f6rpertemperatur, stylisches Design an den \u00c4rmel mit 3D Effekt, kontrastfarbenes Piping and den \u00c4rmeln.<\/p>\n<div class=\"woocommerce-product-details__short-description\">\n<p>Gr\u00f6\u00dfe S-4XL \u00a0\u00a0\u00a0\u00a0\u00a0 UVP inklusive Druck 59,99 Euro<\/p>\n<\/div>\n<p>Da es sich um Sonderanfertigungen handelt die extra noch gedruckt werden m\u00fcssen, betr\u00e4gt je nach Saison die Lieferzeit: ca 3 &#8211; 6 Wochen<\/p>\n<table border=\"1\" cellspacing=\"0\" cellpadding=\"0\">\n<tbody>\n<tr>\n<td><strong>Menge<\/strong><\/td>\n<td><strong>Preis<\/strong><\/td>\n<\/tr>\n<tr>\n<td>\u00a01 &#8211; 2<\/td>\n<td>45,99 \u20ac<\/td>\n<\/tr>\n<tr>\n<td>3 &#8211; 9<\/td>\n<td>37,99 \u20ac<\/td>\n<\/tr>\n<tr>\n<td>10 &#8211; 50<\/td>\n<td>35,99 \u20ac<\/td>\n<\/tr>\n<\/tbody>\n<\/table>\n<p>&nbsp;<\/p>\n<p>Bitte beachtet das es sich bei individualisierten Artikeln die mit Vereinswappen, Namen, Nummern oder Sponsorenlogos versehen sind um Sonderanfertigungen handelt. Diese Artikel k\u00f6nnen leider nicht umgetauscht werden.<\/p>\n","protected":false},"featured_media":3736,"template":"","meta":[],"product_brand":[],"product_cat":[445,442,444],"product_tag":[],"class_list":{"0":"post-3741","1":"product","2":"type-product","3":"status-publish","4":"has-post-thumbnail","6":"product_cat-kollektion-mtv","7":"product_cat-mtv-stederdorf","8":"product_cat-t-shirt-polo","9":"description-off","11":"first","12":"instock","13":"sale","14":"taxable","15":"shipping-taxable","16":"purchasable","17":"product-type-variable"},"_links":{"self":[{"href":"https:\/\/sport-goslar.de\/verein-shop\/wp-json\/wp\/v2\/product\/3741","targetHints":{"allow":["GET"]}}],"collection":[{"href":"https:\/\/sport-goslar.de\/verein-shop\/wp-json\/wp\/v2\/product"}],"about":[{"href":"https:\/\/sport-goslar.de\/verein-shop\/wp-json\/wp\/v2\/types\/product"}],"wp:featuredmedia":[{"embeddable":true,"href":"https:\/\/sport-goslar.de\/verein-shop\/wp-json\/wp\/v2\/media\/3736"}],"wp:attachment":[{"href":"https:\/\/sport-goslar.de\/verein-shop\/wp-json\/wp\/v2\/media?parent=3741"}],"wp:term":[{"taxonomy":"product_brand","embeddable":true,"href":"https:\/\/sport-goslar.de\/verein-shop\/wp-json\/wp\/v2\/product_brand?post=3741"},{"taxonomy":"product_cat","embeddable":true,"href":"https:\/\/sport-goslar.de\/verein-shop\/wp-json\/wp\/v2\/product_cat?post=3741"},{"taxonomy":"product_tag","embeddable":true,"href":"https:\/\/sport-goslar.de\/verein-shop\/wp-json\/wp\/v2\/product_tag?post=3741"}],"curies":[{"name":"wp","href":"https:\/\/api.w.org\/{rel}","templated":true}]}}