{"id":368,"date":"2021-02-18T15:43:19","date_gmt":"2021-02-18T14:43:19","guid":{"rendered":"http:\/\/sport-goslar.de\/verein-shop\/?post_type=product&#038;p=368"},"modified":"2022-10-09T13:08:11","modified_gmt":"2022-10-09T11:08:11","slug":"mtv-damen-t-shirt-inklusive-siebdruck-auf-brust-und-ruecken-kopie","status":"publish","type":"product","link":"https:\/\/sport-goslar.de\/verein-shop\/produkt\/mtv-damen-t-shirt-inklusive-siebdruck-auf-brust-und-ruecken-kopie\/","title":{"rendered":"MTV Herren Hoodie inklusive Siebdruck auf Brust und R\u00fccken"},"content":{"rendered":"<p>Ware die invividuell f\u00fcr euch veredelt wird (also z.B. mit Spielernamen, Nummern, Sponsorenlogos, Vereinswappen, Initalien, etc bedruckt\/beflockt wird) gilt als Sonderanfertigung und ist von einem Umtausch leider ausgeschlossen.<\/p>\n","protected":false},"excerpt":{"rendered":"<p><strong>Herren Hoodie aus der MTV Kollektion<br \/>\n<\/strong><\/p>\n<p>Nichts geht \u00fcber einen bequemen Hoodie, wenn ihr unterwegs seid. Dieser hummel\u00ae Hoodie verf\u00fcgt \u00fcber ein Mesh-Futter f\u00fcr zus\u00e4tzliche Bel\u00fcftung und einen gerippten Saum und \u00c4rmelb\u00fcndchen, um an frischen Morgenstunden warm zu bleiben! Sweat-Gewebe, Mesh-Futter, Chevrons an den \u00c4rmeln, Kapuze mit Kordelzug, gedrucktes hummel\u00ae-Logo auf der Brust, B\u00fcndchen an \u00c4rmeln und Saum, Qualit\u00e4t: 80 % Baumwolle, 20 % Polyester \u2013 Farbe 2006: 70 % Baumwolle, 30 % Polyester. Als MTV Hoodie bekommt ihr dieses Teil mit einem <strong>gr\u00fcnem Siebdruck (Herrengrafik)<\/strong> auf Brust und R\u00fccken. Auf Wunsch k\u00f6nnt ihr zus\u00e4tzlich euren Namen auf dem R\u00fccken drucken lassen (ca 5,- Extrakosten) <strong>WICHTIG daf\u00fcr bitte die entsprechende Anzahl der Namen extra kaufen!<\/strong> Dies k\u00f6nnt ihr ganz einfach \u00fcber das Feld &#8222;Zus\u00e4tzlicher Spielername&#8220;. Bitte vergesst nicht uns am Ende der Bestellung \u00fcber die Bemerkungzeile den Namen mitzuteilen oder sendet uns eine Namensliste zus\u00e4tzlich per E-Mail<\/p>\n<p>Fb 001 =schwarz\/gr\u00fcn<\/p>\n<p>Gr\u00f6\u00dfe\u00a0 S &#8211; 3XL<\/p>\n<p>UVP 49,99 \u20ac zuz\u00fcgl hochwertiger Siebdruck auf beiden Seiten (je nach Druckmenge 5,25 bis 10,99 \u20ac je Seite)<\/p>\n<p>Lieferzeit: ca 10 &#8211; 20 Tage<\/p>\n<table border=\"1\" cellspacing=\"0\" cellpadding=\"0\">\n<tbody>\n<tr>\n<td><strong>Menge<\/strong><\/td>\n<td><strong>Preis<\/strong><\/td>\n<\/tr>\n<tr>\n<td>1 &#8211; 4<\/td>\n<td>47,99 \u20ac<\/td>\n<\/tr>\n<tr>\n<td>5 &#8211; 9<\/td>\n<td>39,99 \u20ac<\/td>\n<\/tr>\n<tr>\n<td>10-20<\/td>\n<td>37,99 \u20ac<\/td>\n<\/tr>\n<\/tbody>\n<\/table>\n<p>&nbsp;<\/p>\n<p>&nbsp;<\/p>\n<p>&nbsp;<\/p>\n","protected":false},"featured_media":529,"template":"","meta":[],"product_brand":[],"product_cat":[144,140],"product_tag":[],"class_list":{"0":"post-368","1":"product","2":"type-product","3":"status-publish","4":"has-post-thumbnail","6":"product_cat-kollektion-mellendorfer-tv","7":"product_cat-mellendorfer-tv","8":"description-off","10":"first","11":"instock","12":"sale","13":"taxable","14":"shipping-taxable","15":"purchasable","16":"product-type-variable"},"_links":{"self":[{"href":"https:\/\/sport-goslar.de\/verein-shop\/wp-json\/wp\/v2\/product\/368","targetHints":{"allow":["GET"]}}],"collection":[{"href":"https:\/\/sport-goslar.de\/verein-shop\/wp-json\/wp\/v2\/product"}],"about":[{"href":"https:\/\/sport-goslar.de\/verein-shop\/wp-json\/wp\/v2\/types\/product"}],"wp:featuredmedia":[{"embeddable":true,"href":"https:\/\/sport-goslar.de\/verein-shop\/wp-json\/wp\/v2\/media\/529"}],"wp:attachment":[{"href":"https:\/\/sport-goslar.de\/verein-shop\/wp-json\/wp\/v2\/media?parent=368"}],"wp:term":[{"taxonomy":"product_brand","embeddable":true,"href":"https:\/\/sport-goslar.de\/verein-shop\/wp-json\/wp\/v2\/product_brand?post=368"},{"taxonomy":"product_cat","embeddable":true,"href":"https:\/\/sport-goslar.de\/verein-shop\/wp-json\/wp\/v2\/product_cat?post=368"},{"taxonomy":"product_tag","embeddable":true,"href":"https:\/\/sport-goslar.de\/verein-shop\/wp-json\/wp\/v2\/product_tag?post=368"}],"curies":[{"name":"wp","href":"https:\/\/api.w.org\/{rel}","templated":true}]}}