{"id":3612,"date":"2024-06-19T16:35:48","date_gmt":"2024-06-19T14:35:48","guid":{"rendered":"https:\/\/sport-goslar.de\/verein-shop\/?post_type=product&#038;p=3612"},"modified":"2025-01-10T12:04:40","modified_gmt":"2025-01-10T11:04:40","slug":"vorlage-taschen-rucksaecke","status":"publish","type":"product","link":"https:\/\/sport-goslar.de\/verein-shop\/produkt\/vorlage-taschen-rucksaecke\/","title":{"rendered":"Sporttasche MTV Stederdorf Gr\u00f6\u00dfe L"},"content":{"rendered":"<p>Der<strong> MTV Stederdorf zeigt, wie\u2019s geht: Ein professioneller Onlineshop st\u00e4rkt nicht nur das Teamgef\u00fchl, sondern macht eure Vereinskollektion f\u00fcr Mitglieder und Fans jederzeit zug\u00e4nglich<\/strong>. Ob Trikots, Hoodies oder Accessoires \u2013 wir gestalten f\u00fcr euch einen ma\u00dfgeschneiderten Shop, der eure Vereinsfarben in den Mittelpunkt r\u00fcckt.<\/p>\n<p>Das Beste daran? Ihr spart Zeit und Aufwand, w\u00e4hrend eure Mitglieder bequem online bestellen k\u00f6nnen. Unser Team k\u00fcmmert sich um alles \u2013 von der Programmierung bis zur Pflege. Auch euer Verein kann wie der MTV Stederdorf profitieren! Kontaktiert uns und startet durch.<\/p>\n<p>&nbsp;<\/p>\n<p>Bei <strong>Sport Goslar nehmen wir unsere Verantwortung f\u00fcr eine nachhaltige Zukunft<\/strong> ernst. F\u00fcr uns bedeutet Nachhaltigkeit, \u00f6konomische, \u00f6kologische und soziale Verantwortung zu \u00fcbernehmen. Fairness gegen\u00fcber unserer Umwelt, unseren Kunden, Partnern und Mitarbeitern steht dabei an erster Stelle.<\/p>\n<p>&nbsp;<\/p>\n<p>Um dieses Ziel zu erreichen, \u00fcberpr\u00fcfen wir regelm\u00e4\u00dfig unsere Gesch\u00e4ftspraktiken in allen Unternehmensbereichen. Nur so k\u00f6nnen wir uns kontinuierlich weiterentwickeln und verbessern. Diese Verpflichtung zur Nachhaltigkeit spiegelt sich auch in unseren Produkten und Dienstleistungen wider.<\/p>\n<p>&nbsp;<\/p>\n<p>Unsere zeitlosen Designs sind langlebig und wir setzen auf nachhaltige Materialien wie Bio-Baumwolle oder recyceltes Polyester. Dabei legen wir besonderen Wert darauf, dass recycelte Polyesterfasern tats\u00e4chlich aus gebrauchten PET-Flaschen stammen und nicht aus neuem Material hergestellt werden.<\/p>\n<p>&nbsp;<\/p>\n<p>Unsere umfassenden Analysen zur Einsparungspotenzial und verschiedene Klimaschutzma\u00dfnahmen helfen uns dabei, unseren CO2-Fu\u00dfabdruck zu reduzieren. Wir streben danach, die Umweltbelastung so gering wie m\u00f6glich zu halten und setzen uns aktiv f\u00fcr eine nachhaltige Zukunft ein.<\/p>\n<p>&nbsp;<\/p>\n","protected":false},"excerpt":{"rendered":"<p><strong>Erima Tasche Six Wings Gr\u00f6\u00dfe L inklusive Wappen MTV Stederdorf<br \/>\n<\/strong><\/p>\n<p>Die Erima Six Wings Sporttasche. Seitentaschen mit integriertem Nassfach und Bel\u00fcftung. Speziell fixierte Tragegurte f\u00fcr l\u00e4ngere Haltbarkeit. Verstellbarer Schultergurt. Optimale Veredelungm\u00f6glichkeiten mit eurem Vereinswappen oder Sponsorlogo. Optimale Konstuktion f\u00fcr gr\u00f6\u00dftm\u00f6glichen Stauraum. Moderner Six Wings Print. Gr\u00f6\u00dfe 70x32x34 cm, ca 76 Liter<\/p>\n<p>Gr\u00f6\u00dfe L UVP 49,99 \u20ac<\/p>\n<p>Da es sich um eine Sonderanfertigung handel bei der das Wappen nachtr\u00e4glich auf die Tasche gedruckt werden muss bitten wir um etwas Geduld.<\/p>\n<p>Lieferzeit: ca. 3 \u2013 6 Wochen<\/p>\n<p>&nbsp;<\/p>\n<table border=\"1\" cellspacing=\"0\" cellpadding=\"0\">\n<tbody>\n<tr>\n<td><strong>Menge<\/strong><\/td>\n<td><strong>Preis<\/strong><\/td>\n<\/tr>\n<tr>\n<td>1 &#8211; 2<\/td>\n<td>37,99<\/td>\n<\/tr>\n<tr>\n<td>3 &#8211; 9<\/td>\n<td>31,99 \u20ac<\/td>\n<\/tr>\n<tr>\n<td>10-50<\/td>\n<td>30,99 \u20ac<\/td>\n<\/tr>\n<\/tbody>\n<\/table>\n<p>&nbsp;<\/p>\n<p>Ware die invividuell f\u00fcr euch veredelt wird (also z.B. mit Spielernamen, Nummern, Sponsorenlogos, Vereinswappen, Initalien, etc bedruckt\/beflockt wird) gilt als Sonderanfertigung und ist von einem Umtausch leider ausgeschlossen.<\/p>\n","protected":false},"featured_media":3723,"template":"","meta":[],"product_brand":[],"product_cat":[442,447],"product_tag":[],"class_list":{"0":"post-3612","1":"product","2":"type-product","3":"status-publish","4":"has-post-thumbnail","6":"product_cat-mtv-stederdorf","7":"product_cat-taschen-rucksaecke-mtv-stederdorf","8":"description-off","10":"first","11":"instock","12":"sale","13":"taxable","14":"shipping-taxable","15":"purchasable","16":"product-type-variable"},"_links":{"self":[{"href":"https:\/\/sport-goslar.de\/verein-shop\/wp-json\/wp\/v2\/product\/3612","targetHints":{"allow":["GET"]}}],"collection":[{"href":"https:\/\/sport-goslar.de\/verein-shop\/wp-json\/wp\/v2\/product"}],"about":[{"href":"https:\/\/sport-goslar.de\/verein-shop\/wp-json\/wp\/v2\/types\/product"}],"wp:featuredmedia":[{"embeddable":true,"href":"https:\/\/sport-goslar.de\/verein-shop\/wp-json\/wp\/v2\/media\/3723"}],"wp:attachment":[{"href":"https:\/\/sport-goslar.de\/verein-shop\/wp-json\/wp\/v2\/media?parent=3612"}],"wp:term":[{"taxonomy":"product_brand","embeddable":true,"href":"https:\/\/sport-goslar.de\/verein-shop\/wp-json\/wp\/v2\/product_brand?post=3612"},{"taxonomy":"product_cat","embeddable":true,"href":"https:\/\/sport-goslar.de\/verein-shop\/wp-json\/wp\/v2\/product_cat?post=3612"},{"taxonomy":"product_tag","embeddable":true,"href":"https:\/\/sport-goslar.de\/verein-shop\/wp-json\/wp\/v2\/product_tag?post=3612"}],"curies":[{"name":"wp","href":"https:\/\/api.w.org\/{rel}","templated":true}]}}