{"id":360,"date":"2021-02-18T15:15:25","date_gmt":"2021-02-18T14:15:25","guid":{"rendered":"http:\/\/sport-goslar.de\/verein-shop\/?post_type=product&#038;p=360"},"modified":"2024-03-08T17:56:47","modified_gmt":"2024-03-08T16:56:47","slug":"mtv-maedchen-t-shirt-inklusive-siebdruck-auf-brust-und-ruecken","status":"publish","type":"product","link":"https:\/\/sport-goslar.de\/verein-shop\/produkt\/mtv-maedchen-t-shirt-inklusive-siebdruck-auf-brust-und-ruecken\/","title":{"rendered":"MTV M\u00e4dchen T-Shirt inklusive Siebdruck auf Brust und R\u00fccken"},"content":{"rendered":"<p>Hey Mellendorfer TV Spieler, Trainer und Betreuer!<\/p>\n<p>Schon mal in unserem coolen Onlineshop vorbeigeschaut? Wir sind wirklich stolz darauf, euch die M\u00f6glichkeit zu bieten, eure Vereinskollektion online zu pr\u00e4sentieren und die besten Produkte f\u00fcr euer Team zu ergattern. Aber wisst ihr was?<\/p>\n<p>Das gilt nicht nur f\u00fcr uns \u2013 wir m\u00f6chten auch anderen Vereinen die Chance geben, einen individuellen Shop zu bekommen! Unser Team steht bereit, um euren Verein oder euer Team individuell zu beraten und den perfekten Onlineshop zu erstellen.<\/p>\n<p>Gemeinsam besprechen wir, welche Produkte am besten zu euch passen und k\u00fcmmern uns dann um den Rest. Und das Beste daran? Es entstehen keine zus\u00e4tzlichen Kosten f\u00fcr euren Verein! Egal ob Mellendorfer TV oder ein anderer Verein, wir m\u00f6chten euch alle unterst\u00fctzen und dazu beitragen, dass ihr euer Team mit Stolz repr\u00e4sentieren k\u00f6nnt. Unsere engen Beziehungen zu f\u00fchrenden Partnern in der Sportartikelindustrie erm\u00f6glichen es uns, euch erstklassige Konditionen und attraktive Sponsoring-Vereinbarungen anzubieten.<\/p>\n<p>&nbsp;<\/p>\n<p>Ich freue mich auf eure Anfragen um gemeinsam mit euch durchzustarten!<\/p>\n<p>&nbsp;<\/p>\n<p>&nbsp;<\/p>\n<p>&nbsp;<\/p>\n<p>Ware die invividuell f\u00fcr euch veredelt wird (also z.B. mit Spielernamen, Nummern, Sponsorenlogos, Vereinswappen, Initalien, etc bedruckt\/beflockt wird) gilt als Sonderanfertigung und ist von einem Umtausch leider ausgeschlossen.<\/p>\n","protected":false},"excerpt":{"rendered":"<p><strong>M\u00e4dchen T-Shirt aus der MTV Kollektion<br \/>\n<\/strong><\/p>\n<p>Das hummel\u00ae HMLGO COTTON T-SHIRT S \/ S aus weicher Baumwolle mit \u00c4rmel-Chevrons und dezentem Logo-Print vereint die heilige Dreifaltigkeit der Fashion S &#8211; sportlich, stylish und super-bequem. Als MTV Tee \u00a0bekommt ihr dieses hochwertige Shirt\u00a0mit einem <strong>pinkem Siebdruck (Damengra<\/strong><strong>fik)<\/strong> auf Brust und R\u00fccken. Auf Wunsch k\u00f6nnt ihr zus\u00e4tzlich euren Namen auf dem R\u00fccken drucken lassen (ca 5,- Extrakosten) <strong>WICHTIG daf\u00fcr bitte die entsprechende Anzahl der Namen extra kaufen!<\/strong> Dies k\u00f6nnt ihr ganz einfach \u00fcber das Feld &#8222;Zus\u00e4tzlicher Spielername&#8220;. Bitte vergesst nicht uns am Ende der Bestellung \u00fcber die Bemerkungzeile den Namen mitzuteilen oder sendet uns eine Namensliste zus\u00e4tzlich per E-Mail<\/p>\n<p>Fb = schwarz\/pink<\/p>\n<p>Gr\u00f6\u00dfe\u00a0 116 &#8211; 176<\/p>\n<p>UVP 17,99 \u20ac zuz\u00fcgl hochwertiger Siebdruck auf beiden Seiten (je nach Druckmenge 5,25 bis 10,99 \u20ac je Seite)<\/p>\n<p>Lieferzeit: ca 10 &#8211; 20 Tage<\/p>\n<table border=\"1\" cellspacing=\"0\" cellpadding=\"0\">\n<tbody>\n<tr>\n<td><strong>Menge<\/strong><\/td>\n<td><strong>Preis<\/strong><\/td>\n<\/tr>\n<tr>\n<td>1 &#8211; 4<\/td>\n<td>29,99 \u20ac<\/td>\n<\/tr>\n<tr>\n<td>5 &#8211; 9<\/td>\n<td>19,99 \u20ac<\/td>\n<\/tr>\n<tr>\n<td>10-20<\/td>\n<td>16,99 \u20ac<\/td>\n<\/tr>\n<\/tbody>\n<\/table>\n<p>&nbsp;<\/p>\n<p>&nbsp;<\/p>\n<p>&nbsp;<\/p>\n<p>&nbsp;<\/p>\n","protected":false},"featured_media":532,"template":"","meta":[],"product_brand":[],"product_cat":[144,140],"product_tag":[],"class_list":{"0":"post-360","1":"product","2":"type-product","3":"status-publish","4":"has-post-thumbnail","6":"product_cat-kollektion-mellendorfer-tv","7":"product_cat-mellendorfer-tv","8":"description-off","10":"first","11":"instock","12":"sale","13":"taxable","14":"shipping-taxable","15":"purchasable","16":"product-type-variable"},"_links":{"self":[{"href":"https:\/\/sport-goslar.de\/verein-shop\/wp-json\/wp\/v2\/product\/360","targetHints":{"allow":["GET"]}}],"collection":[{"href":"https:\/\/sport-goslar.de\/verein-shop\/wp-json\/wp\/v2\/product"}],"about":[{"href":"https:\/\/sport-goslar.de\/verein-shop\/wp-json\/wp\/v2\/types\/product"}],"wp:featuredmedia":[{"embeddable":true,"href":"https:\/\/sport-goslar.de\/verein-shop\/wp-json\/wp\/v2\/media\/532"}],"wp:attachment":[{"href":"https:\/\/sport-goslar.de\/verein-shop\/wp-json\/wp\/v2\/media?parent=360"}],"wp:term":[{"taxonomy":"product_brand","embeddable":true,"href":"https:\/\/sport-goslar.de\/verein-shop\/wp-json\/wp\/v2\/product_brand?post=360"},{"taxonomy":"product_cat","embeddable":true,"href":"https:\/\/sport-goslar.de\/verein-shop\/wp-json\/wp\/v2\/product_cat?post=360"},{"taxonomy":"product_tag","embeddable":true,"href":"https:\/\/sport-goslar.de\/verein-shop\/wp-json\/wp\/v2\/product_tag?post=360"}],"curies":[{"name":"wp","href":"https:\/\/api.w.org\/{rel}","templated":true}]}}