{"id":3598,"date":"2024-06-19T15:31:12","date_gmt":"2024-06-19T13:31:12","guid":{"rendered":"https:\/\/sport-goslar.de\/verein-shop\/?post_type=product&#038;p=3598"},"modified":"2025-01-10T13:27:36","modified_gmt":"2025-01-10T12:27:36","slug":"vorlage-polo","status":"publish","type":"product","link":"https:\/\/sport-goslar.de\/verein-shop\/produkt\/vorlage-polo\/","title":{"rendered":"Polo Damen MTV Stederdorf"},"content":{"rendered":"<p>Euer Verein m\u00f6chte professionell auftreten? Dann seid ihr hier genau richtig. Der MTV Stederdorf nutzt bereits unseren kostenlosen Onlineshop, um seine Vereinskollektion online zu pr\u00e4sentieren \u2013 individuell, modern und passgenau f\u00fcr Mitglieder und Fans.<\/p>\n<p>&nbsp;<\/p>\n<p>Was wir bieten:<\/p>\n<ul>\n<li><strong>Kostenloser Shop-Service<\/strong>: Wir erstellen und pflegen euren Shop.<\/li>\n<li><strong>Beste Preise<\/strong>: Dank Partnerschaften mit f\u00fchrenden Herstellern.<\/li>\n<li><strong>Pers\u00f6nliche Betreuung<\/strong>: Von der Artikelauswahl bis zur Beflockung.<\/li>\n<\/ul>\n<p>&nbsp;<\/p>\n<p>Jetzt seid ihr dran! Kontaktiert uns und startet mit eurem eigenen Vereins-Onlineshop \u2013 wie der MTV Stederdorf es vorgemacht hat.<\/p>\n","protected":false},"excerpt":{"rendered":"<p><strong>Erima Evo Star Damen Poloshirt inklusive Wappen MTV Stederdorf<br \/>\n<\/strong><\/p>\n<p>Funktionelles Polo aus der neuen Erima Teamline Evo Star\u00a0 Das neue Erima Evo Star Polohemd \u00fcberzeugt mit seinem leichten Funktionsmaterial aus 100% Polyester (recycelt), Polokragen mit 2er Knopfleiste, Raglanschnitt und elastische Eins\u00e4tze f\u00fcr volle Bewegungsfreiheit, Jacquard Kragen f\u00fcr besser Regulierung der K\u00f6rpertemperatur, stylisches Design an den \u00c4rmel mit 3D Effekt, kontrastfarbenes Piping and den \u00c4rmeln. <strong>Taillierter Damenschnitt!<\/strong><\/p>\n<div class=\"woocommerce-product-details__short-description\">\n<p>Gr\u00f6\u00dfe 34-44\u00a0\u00a0\u00a0\u00a0\u00a0\u00a0 UVP inklusive Druck 59,99 Euro<\/p>\n<\/div>\n<p>Da es sich um Sonderanfertigungen handelt die extra noch gedruckt werden m\u00fcssen, betr\u00e4gt je nach Saison die Lieferzeit: ca 3 &#8211; 6 Wochen<\/p>\n<table border=\"1\" cellspacing=\"0\" cellpadding=\"0\">\n<tbody>\n<tr>\n<td><strong>Menge<\/strong><\/td>\n<td><strong>Preis<\/strong><\/td>\n<\/tr>\n<tr>\n<td>\u00a01 &#8211; 2<\/td>\n<td>45,99 \u20ac<\/td>\n<\/tr>\n<tr>\n<td>3 &#8211; 9<\/td>\n<td>37,99 \u20ac<\/td>\n<\/tr>\n<tr>\n<td>10 &#8211; 50<\/td>\n<td>35,99 \u20ac<\/td>\n<\/tr>\n<\/tbody>\n<\/table>\n<p>&nbsp;<\/p>\n<p>Bitte beachtet das es sich bei individualisierten Artikeln die mit Vereinswappen, Namen, Nummern oder Sponsorenlogos versehen sind um Sonderanfertigungen handelt. Diese Artikel k\u00f6nnen leider nicht umgetauscht werden.<\/p>\n","protected":false},"featured_media":3735,"template":"","meta":[],"product_brand":[],"product_cat":[445,442,444],"product_tag":[],"class_list":{"0":"post-3598","1":"product","2":"type-product","3":"status-publish","4":"has-post-thumbnail","6":"product_cat-kollektion-mtv","7":"product_cat-mtv-stederdorf","8":"product_cat-t-shirt-polo","9":"description-off","11":"first","12":"instock","13":"sale","14":"taxable","15":"shipping-taxable","16":"purchasable","17":"product-type-variable"},"_links":{"self":[{"href":"https:\/\/sport-goslar.de\/verein-shop\/wp-json\/wp\/v2\/product\/3598","targetHints":{"allow":["GET"]}}],"collection":[{"href":"https:\/\/sport-goslar.de\/verein-shop\/wp-json\/wp\/v2\/product"}],"about":[{"href":"https:\/\/sport-goslar.de\/verein-shop\/wp-json\/wp\/v2\/types\/product"}],"wp:featuredmedia":[{"embeddable":true,"href":"https:\/\/sport-goslar.de\/verein-shop\/wp-json\/wp\/v2\/media\/3735"}],"wp:attachment":[{"href":"https:\/\/sport-goslar.de\/verein-shop\/wp-json\/wp\/v2\/media?parent=3598"}],"wp:term":[{"taxonomy":"product_brand","embeddable":true,"href":"https:\/\/sport-goslar.de\/verein-shop\/wp-json\/wp\/v2\/product_brand?post=3598"},{"taxonomy":"product_cat","embeddable":true,"href":"https:\/\/sport-goslar.de\/verein-shop\/wp-json\/wp\/v2\/product_cat?post=3598"},{"taxonomy":"product_tag","embeddable":true,"href":"https:\/\/sport-goslar.de\/verein-shop\/wp-json\/wp\/v2\/product_tag?post=3598"}],"curies":[{"name":"wp","href":"https:\/\/api.w.org\/{rel}","templated":true}]}}