{"id":3483,"date":"2023-05-10T09:44:20","date_gmt":"2023-05-10T07:44:20","guid":{"rendered":"https:\/\/sport-goslar.de\/verein-shop\/?post_type=product&#038;p=3483"},"modified":"2024-04-05T11:05:47","modified_gmt":"2024-04-05T09:05:47","slug":"rucksack-nlv-kampfrichter","status":"publish","type":"product","link":"https:\/\/sport-goslar.de\/verein-shop\/produkt\/rucksack-nlv-kampfrichter\/","title":{"rendered":"Rucksack NLV Kampfrichter"},"content":{"rendered":"<p>Hallo Leichtathletik-Enthusiasten und Mitglieder des nieders\u00e4chsischen Leichtathletikverbandes!<\/p>\n<p>Habt ihr schon von unserem neuen Onlineshop geh\u00f6rt? Hier k\u00f6nnt ihr nicht nur die besten Produkte f\u00fcr eure Teams, sondern auch eine spezielle Auswahl f\u00fcr die Kampfrichter entdecken! Jeder Artikel ist mit dem <strong>NLV Kampfrichter Logo<\/strong> versehen, um eure Zugeh\u00f6rigkeit stolz zu zeigen. Aber das ist noch nicht alles \u2013 wir m\u00f6chten auch anderen Leichtathletikvereinen die Chance geben, ihre eigenen individuellen Shops zu bekommen! Unser Team steht bereit, um euch bei der Gestaltung eures Shops zu unterst\u00fctzen \u2013 ohne zus\u00e4tzliche Kosten f\u00fcr euren Verband!<\/p>\n<p>Egal, ob ihr dem nieders\u00e4chsischen Leichtathletikverband angeh\u00f6rt oder einem anderen Verband, wir sind hier, um euch zu helfen und sicherzustellen, dass ihr euer Team und eure Athleten des Landeskaders mit Stolz vertreten k\u00f6nnt. Dank unserer starken Partnerschaften in der Sportartikelindustrie k\u00f6nnen wir euch erstklassige Konditionen und attraktive Sponsoring-Vereinbarungen bieten.<\/p>\n<p>Kontaktiert uns noch heute, um mehr zu erfahren. Wir freuen uns darauf, von euch zu h\u00f6ren und gemeinsam mit euch durchzustarten!<\/p>\n","protected":false},"excerpt":{"rendered":"<p><strong>Erima Ricksack mit NLV Kampfrichter Print<br \/>\n<\/strong><\/p>\n<p>Der Erima Six Wings Rucksack mit Ballaufbewahrung und praktischen Taschen. Ein Rucksack, der mehr kann. Der Erima Six Wings MULTIFUNKTIONSRUCKSACK MIT BODENFACH ist perfekt f\u00fcr Training und Alltag. Er kommt mit einer abnehmbaren Netztasche f\u00fcr deinen Ball und einem separaten Bodenfach f\u00fcr deine Schuhe. Gleichzeitig bietet das Hauptfach genug Platz f\u00fcr deine Ausr\u00fcstung und mit den gepolsterten Schultergurten tr\u00e4gst du alles bequem. Individuell verstellbare Gummikordel an der Front. Diese Funktions bietet zu diesem Preis wohl kein andere Mitbewerber. Optimale Veredelungm\u00f6glichkeiten mit eurem Vereinsnamen oder Sponsorlogo. Moderner Six Wings Print. Gr\u00f6\u00dfe 30x18x45 cm Perfekt kombinierbar mit vielen Teilen aus der aktuellern Erima Kollektion, diese findet ihr zu tollen Sonderpreisen im neuen <strong>NLV-Flyer<\/strong> (senden wir sehr gern zu) Ware die individuell f\u00fcr euch veredelt wird (also z.B. mit Spielernamen, Nummern, Sponsorenlogos, Vereinswappen, Initalien, etc bedruckt\/beflockt wird) gilt als Sonderanfertigung und ist von einem Umtausch leider ausgeschlossen. Gro\u00dfes <strong>NLV Kampfrichter Logo auf der Frontseite!<\/strong><\/p>\n<p><strong>WICHTIG; diesen Artikel erhalten nur vom NLV autorisierte Kampfrichter.\u00a0<\/strong><\/p>\n<p>Da es sich um eine Sonderanfertigung handel bei der das NLV Landeskader nachtr\u00e4glich auf die Tasche gedruckt werden muss bitten wir um etwas Geduld.<\/p>\n<p>Lieferzeit: ca. 3 \u2013 6 Wochen<\/p>\n<p>&nbsp;<\/p>\n<table border=\"1\" cellspacing=\"0\" cellpadding=\"0\">\n<tbody>\n<tr>\n<td><strong>Menge<\/strong><\/td>\n<td><strong>Preis<\/strong><\/td>\n<\/tr>\n<tr>\n<td>1 &#8211; 2<\/td>\n<td>34,99<\/td>\n<\/tr>\n<tr>\n<td>3 &#8211; 20<\/td>\n<td>28,99 \u20ac<\/td>\n<\/tr>\n<tr>\n<td>21-50<\/td>\n<td>26,99 \u20ac<\/td>\n<\/tr>\n<\/tbody>\n<\/table>\n<p>&nbsp;<\/p>\n<p>&nbsp;<\/p>\n<p>&nbsp;<\/p>\n","protected":false},"featured_media":3489,"template":"","meta":[],"product_brand":[],"product_cat":[410,409],"product_tag":[],"class_list":{"0":"post-3483","1":"product","2":"type-product","3":"status-publish","4":"has-post-thumbnail","6":"product_cat-kampfrichterinnen","7":"product_cat-leichtathletik-verband","8":"description-off","10":"first","11":"instock","12":"sale","13":"taxable","14":"shipping-taxable","15":"purchasable","16":"product-type-variable"},"_links":{"self":[{"href":"https:\/\/sport-goslar.de\/verein-shop\/wp-json\/wp\/v2\/product\/3483","targetHints":{"allow":["GET"]}}],"collection":[{"href":"https:\/\/sport-goslar.de\/verein-shop\/wp-json\/wp\/v2\/product"}],"about":[{"href":"https:\/\/sport-goslar.de\/verein-shop\/wp-json\/wp\/v2\/types\/product"}],"wp:featuredmedia":[{"embeddable":true,"href":"https:\/\/sport-goslar.de\/verein-shop\/wp-json\/wp\/v2\/media\/3489"}],"wp:attachment":[{"href":"https:\/\/sport-goslar.de\/verein-shop\/wp-json\/wp\/v2\/media?parent=3483"}],"wp:term":[{"taxonomy":"product_brand","embeddable":true,"href":"https:\/\/sport-goslar.de\/verein-shop\/wp-json\/wp\/v2\/product_brand?post=3483"},{"taxonomy":"product_cat","embeddable":true,"href":"https:\/\/sport-goslar.de\/verein-shop\/wp-json\/wp\/v2\/product_cat?post=3483"},{"taxonomy":"product_tag","embeddable":true,"href":"https:\/\/sport-goslar.de\/verein-shop\/wp-json\/wp\/v2\/product_tag?post=3483"}],"curies":[{"name":"wp","href":"https:\/\/api.w.org\/{rel}","templated":true}]}}