{"id":3428,"date":"2024-03-15T17:32:22","date_gmt":"2024-03-15T16:32:22","guid":{"rendered":"https:\/\/sport-goslar.de\/verein-shop\/?post_type=product&#038;p=3428"},"modified":"2025-02-21T20:19:02","modified_gmt":"2025-02-21T19:19:02","slug":"erima-t-shirt-nlv-landeskader-damen","status":"publish","type":"product","link":"https:\/\/sport-goslar.de\/verein-shop\/produkt\/erima-t-shirt-nlv-landeskader-damen\/","title":{"rendered":"Erima T-Shirt NLV Landeskader Damen"},"content":{"rendered":"<p>Hallo an alle <strong>Kaderathletinnen und Kaderathleten des nieders\u00e4chsischen Leichtathletikverbandes<\/strong>!<\/p>\n<p>Athletinnen und Athleten des nieders\u00e4chsischen Leichtathletikverbandes! Aufgepasst \u2013 unser brandneuer Onlineshop ist da! Hier findet ihr nicht nur das Beste f\u00fcr eure Teams, sondern auch eine spezielle Auswahl f\u00fcr den Landeskader! Jedes St\u00fcck ist mit dem NLV Landeskader Logo personalisiert, um eure Verbundenheit zu zeigen. Und das ist noch nicht alles: Auch euer Verein kann von einem eigenen Shop profitieren! Keine versteckten Geb\u00fchren, kein Stress. Wir sind hier, um euch zu unterst\u00fctzen und sicherzustellen, dass ihr euer Team und den Landeskader mit Stolz pr\u00e4sentieren k\u00f6nnt.<\/p>\n<p>Dank unserer Partnerschaften gibt&#8217;s au\u00dferdem Top-Konditionen und tolle Deals. Interesse geweckt? Meldet euch jetzt bei uns! #Leichtathletik #NLV #Landeskader #Onlineshop #BesteProdukte&#8220;<\/p>\n<p>&nbsp;<\/p>\n<p>&nbsp;<\/p>\n","protected":false},"excerpt":{"rendered":"<p><strong>Erima Damen T-Shirt mit R\u00fcckenprint NLV Landeskader<\/strong><\/p>\n<p>Basic T-Shirt in bew\u00e4hrter Erima Markenqualit\u00e4t. Bequemes T-Shirt f\u00fcr den Teamsport und Alltag. So sportlich und doch alltagstauglich: Das TEAMSPORT T-SHIRT ist das perfekte Basic f\u00fcrs ganze Jahr. Es ist aus weicher, strapazierf\u00e4higer <strong>Baumwolle<\/strong> und hat einen bequemen Rundhalsausschnitt. Im betont schlichten Design l\u00e4sst sich das Kurzarm-Shirt leicht kombinieren \u2013 und auch gut solo tragen. Taillierter Damenschnitt. Perfekt kombinierbar mit vielen Teilen aus der aktuellern Erima Kollektion, diese findet ihr zu tollen Sonderpreisen im neuen <strong>NLV-Flyer<\/strong> (senden wir sehr gern zu) Ware die individuell f\u00fcr euch veredelt wird (also z.B. mit Spielernamen, Nummern, Sponsorenlogos, Vereinswappen, Initalien, etc bedruckt\/beflockt wird) gilt als Sonderanfertigung und ist von einem Umtausch leider ausgeschlossen. Gro\u00dfes <strong>NLV Landeskander Logo auf dem R\u00fccken!<\/strong><\/p>\n<p><strong>WICHTIG; diesen Artikel erhalten nur vom NLV autorisierte Kaderathleten. <\/strong>Bitte lasst Euch NLV eine Bescheinigung ausstellen und diese dann bitte <strong>parallel<\/strong> zu der Bestellung zumailen!<\/p>\n<p>Da es sich um eine Sonderanfertigung handel bei der das NLV Landeskader Logo nachtr\u00e4glich gedruckt werden muss, bitten wir um etwas Geduld. Ware die invividuell f\u00fcr euch veredelt wird (also z.B. mit Verbandslogo, individuelle Textzus\u00e4tze z.B. Kampfrichter\/Kampfrichterrin) gilt als Sonderanfertigung und ist von einem Umtausch leider ausgeschlossen.<\/p>\n<p>Lieferzeit: ca. 3 \u2013 6 Wochen<\/p>\n<p>&nbsp;<\/p>\n<table border=\"1\" cellspacing=\"0\" cellpadding=\"0\">\n<tbody>\n<tr>\n<td><strong>Menge<\/strong><\/td>\n<td><strong>Preis<\/strong><\/td>\n<\/tr>\n<tr>\n<td>1 &#8211; 2<\/td>\n<td>23,99<\/td>\n<\/tr>\n<tr>\n<td>3 &#8211; 20<\/td>\n<td>19,99<\/td>\n<\/tr>\n<tr>\n<td>21-50<\/td>\n<td>17,99 \u20ac<\/td>\n<\/tr>\n<\/tbody>\n<\/table>\n<p>&nbsp;<\/p>\n<p>&nbsp;<\/p>\n<p>&nbsp;<\/p>\n","protected":false},"featured_media":3803,"template":"","meta":[],"product_brand":[],"product_cat":[441,409],"product_tag":[],"class_list":{"0":"post-3428","1":"product","2":"type-product","3":"status-publish","4":"has-post-thumbnail","6":"product_cat-landeskader","7":"product_cat-leichtathletik-verband","8":"description-off","10":"first","11":"instock","12":"sale","13":"taxable","14":"shipping-taxable","15":"purchasable","16":"product-type-variable"},"_links":{"self":[{"href":"https:\/\/sport-goslar.de\/verein-shop\/wp-json\/wp\/v2\/product\/3428","targetHints":{"allow":["GET"]}}],"collection":[{"href":"https:\/\/sport-goslar.de\/verein-shop\/wp-json\/wp\/v2\/product"}],"about":[{"href":"https:\/\/sport-goslar.de\/verein-shop\/wp-json\/wp\/v2\/types\/product"}],"wp:featuredmedia":[{"embeddable":true,"href":"https:\/\/sport-goslar.de\/verein-shop\/wp-json\/wp\/v2\/media\/3803"}],"wp:attachment":[{"href":"https:\/\/sport-goslar.de\/verein-shop\/wp-json\/wp\/v2\/media?parent=3428"}],"wp:term":[{"taxonomy":"product_brand","embeddable":true,"href":"https:\/\/sport-goslar.de\/verein-shop\/wp-json\/wp\/v2\/product_brand?post=3428"},{"taxonomy":"product_cat","embeddable":true,"href":"https:\/\/sport-goslar.de\/verein-shop\/wp-json\/wp\/v2\/product_cat?post=3428"},{"taxonomy":"product_tag","embeddable":true,"href":"https:\/\/sport-goslar.de\/verein-shop\/wp-json\/wp\/v2\/product_tag?post=3428"}],"curies":[{"name":"wp","href":"https:\/\/api.w.org\/{rel}","templated":true}]}}