{"id":336,"date":"2021-02-18T12:44:44","date_gmt":"2021-02-18T11:44:44","guid":{"rendered":"http:\/\/sport-goslar.de\/verein-shop\/?post_type=product&#038;p=336"},"modified":"2021-04-09T13:50:58","modified_gmt":"2021-04-09T11:50:58","slug":"duschtuch-herrengrafik-mellendorfer-tv","status":"publish","type":"product","link":"https:\/\/sport-goslar.de\/verein-shop\/produkt\/duschtuch-herrengrafik-mellendorfer-tv\/","title":{"rendered":"Duschtuch HERRENGRAFIK Mellendorfer TV"},"content":{"rendered":"<p>Ware die invividuell f\u00fcr euch veredelt wird (also z.B. mit Spielernamen, Nummern, Sponsorenlogos, Vereinswappen, Initalien, etc bedruckt\/beflockt wird) gilt als Sonderanfertigung und ist von einem Umtausch leider ausgeschlossen.<\/p>\n","protected":false},"excerpt":{"rendered":"<p><strong>Duschtuch Mellendorfer TV Grafik HERREN<br \/>\n<\/strong><\/p>\n<div class=\"woocommerce-product-details__short-description\">\n<p>Duschtuch mit Sublimationsdruck der Herren-Grafik wie ihr sie auch von den Hoodies kennt, Ein optisches Highlight in den Ma\u00dfen 70 x 140 cm. Wir veredeln dies mit einem hochwertigen Sublimationsdruck den wir nach\u00a0 individuell auftragen. Beim Sublimationdruck-Verfahren wird die Farbe direkt auf dem Material bei einer Temperatur von ca. 200\u00b0C eingedampft (sublimieren) Die Farbe bleibt dabei direkt an jeder einzelnen Faser haften und wird nicht oben drauf mit einer harten Tr\u00e4gerschicht aufgeb\u00fcgelt. Die Farbpigmente sind somit ein Teil des Stoffes und werden nicht aufgeklebt wie z.B. beim Plotterverfahren \u00fcblich. Die HALTBARKEIT ist durch das direkte eindampfen der Farbe in das Material mit keiner andere Methode vergleichbar! Der Sublimationddruck verliert sich bei unz\u00e4hligen hei\u00dfen W\u00e4schen nie an Brillanz. Die UV- und Farbbest\u00e4ndigkeit sucht seinesgleichen. Eine ist Seite ist aus 100% Polyester, das nur bei diesem Material die Drucktechnik m\u00f6glich ist. Die andere Seite ist aus unbedruckter Baumwolle und nimmt die Feutigkeit perfekt auf.<\/p>\n<\/div>\n<p>Fb 001 =schwarz\/gr\u00fcn<\/p>\n<p>Fb 100= wei\u00df\/rot<\/p>\n<p>Gr\u00f6\u00dfe\u00a0 L<\/p>\n<p>Lieferzeit: ca 10- 20 Tage<\/p>\n<table border=\"1\" cellspacing=\"0\" cellpadding=\"0\">\n<tbody>\n<tr>\n<td><strong>Menge<\/strong><\/td>\n<td><strong>Preis<\/strong><\/td>\n<\/tr>\n<tr>\n<td>1 &#8211; 4<\/td>\n<td>35,99 \u20ac<\/td>\n<\/tr>\n<tr>\n<td>5 &#8211; 9<\/td>\n<td>33,99 \u20ac<\/td>\n<\/tr>\n<tr>\n<td>10-20<\/td>\n<td>32,99 \u20ac<\/td>\n<\/tr>\n<\/tbody>\n<\/table>\n<p>&nbsp;<\/p>\n","protected":false},"featured_media":342,"template":"","meta":[],"product_brand":[],"product_cat":[147,140],"product_tag":[],"class_list":{"0":"post-336","1":"product","2":"type-product","3":"status-publish","4":"has-post-thumbnail","6":"product_cat-handtuecher-badepantoletten-mellendorfer-tv","7":"product_cat-mellendorfer-tv","8":"description-off","10":"first","11":"instock","12":"sale","13":"taxable","14":"shipping-taxable","15":"purchasable","16":"product-type-variable"},"_links":{"self":[{"href":"https:\/\/sport-goslar.de\/verein-shop\/wp-json\/wp\/v2\/product\/336","targetHints":{"allow":["GET"]}}],"collection":[{"href":"https:\/\/sport-goslar.de\/verein-shop\/wp-json\/wp\/v2\/product"}],"about":[{"href":"https:\/\/sport-goslar.de\/verein-shop\/wp-json\/wp\/v2\/types\/product"}],"wp:featuredmedia":[{"embeddable":true,"href":"https:\/\/sport-goslar.de\/verein-shop\/wp-json\/wp\/v2\/media\/342"}],"wp:attachment":[{"href":"https:\/\/sport-goslar.de\/verein-shop\/wp-json\/wp\/v2\/media?parent=336"}],"wp:term":[{"taxonomy":"product_brand","embeddable":true,"href":"https:\/\/sport-goslar.de\/verein-shop\/wp-json\/wp\/v2\/product_brand?post=336"},{"taxonomy":"product_cat","embeddable":true,"href":"https:\/\/sport-goslar.de\/verein-shop\/wp-json\/wp\/v2\/product_cat?post=336"},{"taxonomy":"product_tag","embeddable":true,"href":"https:\/\/sport-goslar.de\/verein-shop\/wp-json\/wp\/v2\/product_tag?post=336"}],"curies":[{"name":"wp","href":"https:\/\/api.w.org\/{rel}","templated":true}]}}