{"id":332,"date":"2021-02-18T12:11:53","date_gmt":"2021-02-18T11:11:53","guid":{"rendered":"http:\/\/sport-goslar.de\/verein-shop\/?post_type=product&#038;p=332"},"modified":"2024-03-13T11:54:32","modified_gmt":"2024-03-13T10:54:32","slug":"hml-larsen-slipper-velco","status":"publish","type":"product","link":"https:\/\/sport-goslar.de\/verein-shop\/produkt\/hml-larsen-slipper-velco\/","title":{"rendered":"HML Larsen Slipper Velco"},"content":{"rendered":"<p>Willkommen im Onlineshop f\u00fcr Vereine und Landesverb\u00e4nde!<\/p>\n<p>Bei uns findest du eine breite Palette von Produkten, speziell f\u00fcr Firmen, Vereine, Landesver\u00e4nde und Sponsoren. Und das Beste: Wir sind auch Spezialisten f\u00fcr hochwertige und vern\u00fcnftige Textildrucke, die sich nicht abl\u00f6sen!<\/p>\n<p>&nbsp;<\/p>\n<p>Wir setzen auf Qualit\u00e4t und verwenden keine billigen Plotterfolien, die sich nach einigen Wischen abl\u00f6sen und einrei\u00dfen. Stattdessen vertrauen wir auf hochwertige Siebdrucke, Dreck, Flock, Sublimation und andere Drucktechniken, die eine lange Lebensdauer und brillante Farben garantieren.<\/p>\n<p>&nbsp;<\/p>\n<p>Als offizieller Ausstatter von f\u00fcnf Landesverb\u00e4nden und zahlreichen Vereinen wissen wir, worauf es ankommt, um im Wasser und an Land richtig durchzustarten. Unsere Produkte sind topqualitativ und speziell darauf ausgerichtet, eure Leistung zu steigern und euch zum Sieg zu f\u00fchren.<\/p>\n<p>&nbsp;<\/p>\n<p>Aber das ist noch lange nicht alles! Wir bieten auch die M\u00f6glichkeit, spezielle Teamshops f\u00fcr jeden Verein individuell zu programmieren. Hier k\u00f6nnt ihr eure ganz eigene Vereinskollektion zusammenstellen und anbieten \u2013 perfekt, um den Teamspirit zu st\u00e4rken und euren Verein richtig cool aussehen zu lassen.<\/p>\n<p>&nbsp;<\/p>\n<p>Also, lasst uns zusammen eure Mannschaftskollektion auf ein neues Level bringen! Kontaktiert uns noch heute und erfahrt, wie wir euch helfen k\u00f6nnen, euren eigenen Vereins-Onlineshop zu erstellen und euer Team professionell auszustatten. Wir sind bereit, mit euch durchzustarten!<\/p>\n<p>&nbsp;<\/p>\n<p><strong>Jetzt Shop einrichten:<\/strong><\/p>\n<p>Gemeinsam planen wir die perfekte Kollektion f\u00fcr euer Team. In einem pers\u00f6nlichen Gespr\u00e4ch beraten wir euch, welcher Hersteller am besten zu eurem Verein, eurer Firma oder auch zum Verband passt.<\/p>\n<p>&nbsp;<\/p>\n<p><strong>Bestkonditionen und Gratisware sichern:<\/strong><\/p>\n<p>Wir m\u00f6chten auch euer Team richtig ausr\u00fcsten und gro\u00dfz\u00fcgig unterst\u00fctzen. Als Ausr\u00fcster von verschiedenen Landesverb\u00e4nden haben wir super Kontakte zu den besten Partnern in der Sportartikelindustrie. Holt euch jetzt die besten Konditionen und Sponsoring-Vereinbarungen.<\/p>\n<p>&nbsp;<\/p>\n<p><strong>Deine Kollektion online ohne Zusatzkosten!<\/strong><\/p>\n<p>F\u00fcr euren Vereinsshop entstehen keine extra Kosten. Wir programmieren den Shop, bef\u00fcllen ihn mit euren Artikeln und \u00fcbernehmen die Pflege \u2013 ganz ohne Zusatzkosten f\u00fcr euch!<\/p>\n<p>&nbsp;<\/p>\n<p><strong>Das \u201eMIA SAN MIA\u201c \u2013 Gef\u00fchl f\u00fcr dein Team!<\/strong><\/p>\n<p>Durch einen einheitlichen, professionellen Auftritt st\u00e4rken wir das Gemeinschaftsgef\u00fchl in eurem Team. Ob als Sportverein, Fan, Firma oder Landesverband \u2013 DEIN TEAM, DEINE FARBEN!<\/p>\n<p>&nbsp;<\/p>\n<p><strong>Entlastung von Ehrenamtlichen!<\/strong><\/p>\n<p>Jedes Teammitglied kann sich die Artikel einfach und bequem \u00fcber den individuellen Onlineshop bestellen. Die Verantwortlichen im Verein k\u00f6nnen sich ab sofort auf das Wesentliche konzentrieren.<\/p>\n<p>&nbsp;<\/p>\n<p><strong>Pers\u00f6nliche Betreuung!<\/strong><\/p>\n<p>Egal wo der Schuh dr\u00fcckt, euer pers\u00f6nlicher Ansprechpartner steht euch bei allen Fragen zur Seite \u2013 von der richtigen Beflockung bis hin zu Lieferterminen.<\/p>\n<p>&nbsp;<\/p>\n<p>Ich freue mich auf Eure Anfragen!<\/p>\n<p>Sven Goslar<\/p>\n<p>&nbsp;<\/p>\n","protected":false},"excerpt":{"rendered":"<p><strong>HML Badepantolette mit Klettverschlu\u00df<br \/>\n<\/strong><\/p>\n<p>Der hummel\u00ae LARSEN SLIPPER VELCRO ist bequem, leicht und wasserabweisend. Er kommt im klassischen Retro-Design mit harmonischen Farben und den charakteristischen hummel\u00ae-Winkeln. Die Laufsohle\/Zwischensohle ist aus EVA-Schaum f\u00fcr Flexibilit\u00e4t und der Klettverschluss garantiert eine individuelle Passform. Ideal f\u00fcr das Schwimmbad oder f\u00fcr Zuhause. Wasserabweisend, leicht und bequem,<br \/>\nRetro-Design in harmonischen Farben, Klettverschluss sorgt f\u00fcr optimale Passform, EVA-Schaum garantiert Flexibilit\u00e4t,\u00a0 Art.060406<\/p>\n<p>Fb 2001 =schwarz\/wei\u00df<\/p>\n<p>Gr\u00f6\u00dfe\u00a0 36 &#8211; 48<\/p>\n<p>UVP 29,99 \u20ac<\/p>\n<p>Lieferzeit: ca 3 &#8211; 10 Tage<\/p>\n<table border=\"1\" cellspacing=\"0\" cellpadding=\"0\">\n<tbody>\n<tr>\n<td><strong>Menge<\/strong><\/td>\n<td><strong>Preis<\/strong><\/td>\n<\/tr>\n<tr>\n<td>1 &#8211; 4<\/td>\n<td>19,99 \u20ac<\/td>\n<\/tr>\n<tr>\n<td>5 &#8211; 9<\/td>\n<td>18,99 \u20ac<\/td>\n<\/tr>\n<tr>\n<td>10-20<\/td>\n<td>17,99 \u20ac<\/td>\n<\/tr>\n<\/tbody>\n<\/table>\n<p>&nbsp;<\/p>\n","protected":false},"featured_media":533,"template":"","meta":[],"product_brand":[],"product_cat":[223,255,227,299,257,147,249,252,214,222,219,140,220,15],"product_tag":[],"class_list":{"0":"post-332","1":"product","2":"type-product","3":"status-publish","4":"has-post-thumbnail","6":"product_cat-fc-lehrte","7":"product_cat-handtuecher-badepantoletten-fcl","8":"product_cat-handtuecher-badepantoletten-hml","9":"product_cat-handtuecher-badepantoletten-lsn","10":"product_cat-handtuecher-badepantoletten-lsv","11":"product_cat-handtuecher-badepantoletten-mellendorfer-tv","12":"product_cat-handtuecher-und-badepantoletten-mtv","13":"product_cat-handtuecher-badepantoletten-tvn","14":"product_cat-hummel","15":"product_cat-lehrter-sv","16":"product_cat-lsn-shop","17":"product_cat-mellendorfer-tv","18":"product_cat-mtv-wolfenbuettel","19":"product_cat-vereine","20":"description-off","22":"first","23":"instock","24":"sale","25":"taxable","26":"shipping-taxable","27":"purchasable","28":"product-type-variable"},"_links":{"self":[{"href":"https:\/\/sport-goslar.de\/verein-shop\/wp-json\/wp\/v2\/product\/332","targetHints":{"allow":["GET"]}}],"collection":[{"href":"https:\/\/sport-goslar.de\/verein-shop\/wp-json\/wp\/v2\/product"}],"about":[{"href":"https:\/\/sport-goslar.de\/verein-shop\/wp-json\/wp\/v2\/types\/product"}],"wp:featuredmedia":[{"embeddable":true,"href":"https:\/\/sport-goslar.de\/verein-shop\/wp-json\/wp\/v2\/media\/533"}],"wp:attachment":[{"href":"https:\/\/sport-goslar.de\/verein-shop\/wp-json\/wp\/v2\/media?parent=332"}],"wp:term":[{"taxonomy":"product_brand","embeddable":true,"href":"https:\/\/sport-goslar.de\/verein-shop\/wp-json\/wp\/v2\/product_brand?post=332"},{"taxonomy":"product_cat","embeddable":true,"href":"https:\/\/sport-goslar.de\/verein-shop\/wp-json\/wp\/v2\/product_cat?post=332"},{"taxonomy":"product_tag","embeddable":true,"href":"https:\/\/sport-goslar.de\/verein-shop\/wp-json\/wp\/v2\/product_tag?post=332"}],"curies":[{"name":"wp","href":"https:\/\/api.w.org\/{rel}","templated":true}]}}