{"id":3313,"date":"2024-03-08T13:18:24","date_gmt":"2024-03-08T12:18:24","guid":{"rendered":"https:\/\/sport-goslar.de\/verein-shop\/?post_type=product&#038;p=3313"},"modified":"2024-03-08T15:55:40","modified_gmt":"2024-03-08T14:55:40","slug":"essential-team-kapuzensweat-herren-inkl-sv-friedrichsfehn-rueckenflock","status":"publish","type":"product","link":"https:\/\/sport-goslar.de\/verein-shop\/produkt\/essential-team-kapuzensweat-herren-inkl-sv-friedrichsfehn-rueckenflock\/","title":{"rendered":"Essential Team Kapuzensweat Herren inkl. SV Friedrichsfehn R\u00fcckenflock"},"content":{"rendered":"<p>&nbsp;<\/p>\n<p>Hey SV Friedrichsfehn!<\/p>\n<p>&nbsp;<\/p>\n<p>Schon mal in unserem coolen Teamshop vorbeigeschaut? Wir sind wirklich stolz darauf, euch die M\u00f6glichkeit zu bieten, eure Vereinskollektion online zu pr\u00e4sentieren und die besten Produkte f\u00fcr euer Team zu sichern. Aber wusstet ihr schon? Diese tolle Chance m\u00f6chten wir nicht nur f\u00fcr uns behalten \u2013 wir m\u00f6chten auch anderen Vereinen die M\u00f6glichkeit geben, einen individuellen Teamshop zu bekommen!<\/p>\n<p>Unser Team steht bereit, um euren Verein oder euer Team individuell zu beraten und den perfekten Mannschafts-Onlineshop zu erstellen. Gemeinsam besprechen wir, welche Produkte am besten zu euch passen und k\u00fcmmern uns dann um den Rest. Und das Beste daran? Es entstehen keine zus\u00e4tzlichen Kosten f\u00fcr euren Verein!<\/p>\n<p>Egal ob SV Friedrichsfehn oder ein anderer Handball-, Fussball,- Volleyball oder Leichtahtletikclub, wir m\u00f6chten euch alle unterst\u00fctzen und dazu beitragen, dass ihr euer Team mit Stolz repr\u00e4sentieren k\u00f6nnt.<\/p>\n<p>Unsere engen Beziehungen zu f\u00fchrenden Partnern in der Sportartikelindustrie erm\u00f6glichen es uns, euch erstklassige Konditionen und attraktive Sponsoring-Vereinbarungen anzubieten. Also lasst uns gemeinsam euren Teamgeist st\u00e4rken und eure Vereinskollektion auf ein neues Level heben.<\/p>\n<p>Kontaktiert uns noch heute und erfahrt, wie wir euch helfen k\u00f6nnen, euren eigenen Vereins-Onlineshop zu erstellen und euer Team professionell auszustatten.<\/p>\n<p>&nbsp;<\/p>\n<p>Ich freue mich auf Eure Anfragen<\/p>\n<p>Sven Goslar<\/p>\n<p>&nbsp;<\/p>\n","protected":false},"excerpt":{"rendered":"<div class=\"woocommerce-product-details__short-description\">\n<p><strong>Black Editition Kapuzensweat Herren inkl. Vereinswappen SV Friedrichsfehn R\u00fccken<\/strong><\/p>\n<div class=\"product--description\">Das Essential Team Kapuzensweat ist aus einem angenehm weichen Baumwollmaterial gefertigt, das sich super bequem auf der Haut anf\u00fchlt und h\u00f6chsten Tragekomfort bietet. Ein gewisser Anteil an Polyester sorgt gleichzeitig f\u00fcr nat\u00fcrliche Bewegungsfreiheit. Super praktisch ist die aufgesetzte K\u00e4ngurutasche, in der du kleinere Gegenst\u00e4nde unterbringen kannst. Die Kapuze mit Kordelzug h\u00e4lt dich bei k\u00fchleren Temperaturen warm. An den \u00c4rmeln und dem Saum verf\u00fcgt das Kapuzensweat \u00fcber breite Rippb\u00fcndchen, die f\u00fcr einen optimalen Sitz sorgen. Das Sweatshirt kommt im schlichten Design unserer Essential Teamline, mit stylischem ERIMA Schwingen-Print an der Seite. Auf dem <strong>R\u00fccken kommt in edlem Direktflock das Wappen des SV Friedrichsfehn in schwarz auf schwarzem<\/strong> Hintergrund. (Abb. zeigt Wappen in grau da es sonst nicht darstellbar ist). Bitte beachtet das es sich bei individualisierten Artikeln die mit Namen, Nummern oder Sponsorenlogos versehen sind um Sonderanfertigungen handelt. Diese Artikel k\u00f6nnen leider nicht umgetauscht werden.<\/div>\n<div><\/div>\n<div class=\"woocommerce-product-details__short-description\">\n<div class=\"woocommerce-product-details__short-description\">\n<p>Gr\u00f6\u00dfe S bis 3XL<\/p>\n<div class=\"woocommerce-product-details__short-description\">\n<p>UVP 67,99 Euro<\/p>\n<\/div>\n<p>Da es sich um Sonderanfertigungen handelt die extra noch gedruckt werden m\u00fcssen, betr\u00e4gt je nach Saison die Lieferzeit: ca 3 &#8211; 6 Wochen<\/p>\n<table border=\"1\" cellspacing=\"0\" cellpadding=\"0\">\n<tbody>\n<tr>\n<td><strong>Menge<\/strong><\/td>\n<td><strong>Preis<\/strong><\/td>\n<\/tr>\n<tr>\n<td>\u00a01 &#8211; 4<\/td>\n<td>47,99 \u20ac<\/td>\n<\/tr>\n<tr>\n<td>5 &#8211; 19<\/td>\n<td>42,99 \u20ac<\/td>\n<\/tr>\n<tr>\n<td>20 &#8211; 50<\/td>\n<td>41,50 \u20ac<\/td>\n<\/tr>\n<\/tbody>\n<\/table>\n<p>&nbsp;<\/p>\n<\/div>\n<\/div>\n<\/div>\n","protected":false},"featured_media":3273,"template":"","meta":[],"product_brand":[],"product_cat":[436,433,15],"product_tag":[],"class_list":{"0":"post-3313","1":"product","2":"type-product","3":"status-publish","4":"has-post-thumbnail","6":"product_cat-kollektion-svf","7":"product_cat-sv-friedrichsfehn","8":"product_cat-vereine","9":"description-off","11":"first","12":"instock","13":"sale","14":"taxable","15":"shipping-taxable","16":"purchasable","17":"product-type-variable"},"_links":{"self":[{"href":"https:\/\/sport-goslar.de\/verein-shop\/wp-json\/wp\/v2\/product\/3313","targetHints":{"allow":["GET"]}}],"collection":[{"href":"https:\/\/sport-goslar.de\/verein-shop\/wp-json\/wp\/v2\/product"}],"about":[{"href":"https:\/\/sport-goslar.de\/verein-shop\/wp-json\/wp\/v2\/types\/product"}],"wp:featuredmedia":[{"embeddable":true,"href":"https:\/\/sport-goslar.de\/verein-shop\/wp-json\/wp\/v2\/media\/3273"}],"wp:attachment":[{"href":"https:\/\/sport-goslar.de\/verein-shop\/wp-json\/wp\/v2\/media?parent=3313"}],"wp:term":[{"taxonomy":"product_brand","embeddable":true,"href":"https:\/\/sport-goslar.de\/verein-shop\/wp-json\/wp\/v2\/product_brand?post=3313"},{"taxonomy":"product_cat","embeddable":true,"href":"https:\/\/sport-goslar.de\/verein-shop\/wp-json\/wp\/v2\/product_cat?post=3313"},{"taxonomy":"product_tag","embeddable":true,"href":"https:\/\/sport-goslar.de\/verein-shop\/wp-json\/wp\/v2\/product_tag?post=3313"}],"curies":[{"name":"wp","href":"https:\/\/api.w.org\/{rel}","templated":true}]}}