{"id":3307,"date":"2024-03-08T12:25:43","date_gmt":"2024-03-08T11:25:43","guid":{"rendered":"https:\/\/sport-goslar.de\/verein-shop\/?post_type=product&#038;p=3307"},"modified":"2024-03-08T12:32:29","modified_gmt":"2024-03-08T11:32:29","slug":"liga-star-kapuzenjacke-kinder-inkl-vereinswappen-und-rueckenprint-sv-friedrichsfehn","status":"publish","type":"product","link":"https:\/\/sport-goslar.de\/verein-shop\/produkt\/liga-star-kapuzenjacke-kinder-inkl-vereinswappen-und-rueckenprint-sv-friedrichsfehn\/","title":{"rendered":"Liga Star Kapuzenjacke Kinder inkl. Vereinswappen und R\u00fcckenprint SV Friedrichsfehn"},"content":{"rendered":"<p>&nbsp;<\/p>\n<p>Hey SV Friedrichsfehn Nachwuchstalente!<\/p>\n<p>&nbsp;<\/p>\n<p>Schon mal in unserem coolen Vereins-Onlineshop vorbeigeschaut? Wir sind wirklich stolz darauf, euch die M\u00f6glichkeit zu bieten, eure Vereinskollektion online zu pr\u00e4sentieren und die besten Produkte f\u00fcr euer Team zu sichern. Aber wusstet ihr schon? Diese tolle Chance m\u00f6chten wir nicht nur f\u00fcr uns behalten \u2013 wir m\u00f6chten auch anderen Vereinen die M\u00f6glichkeit geben, einen individuellen Teamshop zu bekommen!<\/p>\n<p>Unser Team steht bereit, um euren Verein oder euer Team individuell zu beraten und den perfekten Mannschafts-Onlineshop zu erstellen. Gemeinsam besprechen wir, welche Produkte am besten zu euch passen und k\u00fcmmern uns dann um den Rest. Und das Beste daran? Es entstehen keine zus\u00e4tzlichen Kosten f\u00fcr euren Verein!<\/p>\n<p>Egal ob SV Friedrichsfehn oder ein anderer Handball-, Fussball,- Volleyball oder Leichtahtletikverein, wir m\u00f6chten euch alle unterst\u00fctzen und dazu beitragen, dass ihr euer Team mit Stolz repr\u00e4sentieren k\u00f6nnt.<\/p>\n<p>Unsere engen Beziehungen zu f\u00fchrenden Partnern in der Sportartikelindustrie erm\u00f6glichen es uns, euch erstklassige Konditionen und attraktive Sponsoring-Vereinbarungen anzubieten. Also lasst uns gemeinsam euren Teamgeist st\u00e4rken und eure Vereinskollektion auf ein neues Level heben.<\/p>\n<p>Kontaktiert uns noch heute und erfahrt, wie wir euch helfen k\u00f6nnen, euren eigenen Vereinsshop zu erstellen und euer Team professionell auszustatten.<\/p>\n<p>&nbsp;<\/p>\n<p>Ich freue mich auf Eure Anfragen<\/p>\n<p>Sven Goslar<\/p>\n<p>&nbsp;<\/p>\n","protected":false},"excerpt":{"rendered":"<div class=\"woocommerce-product-details__short-description\">\n<p><strong> Liga Star Trainingsjacke f\u00fcr Kinder mit Kapuze inkl. Brustwappen und R\u00fcckendruck SV Friedrichsfehn<br \/>\n<\/strong><\/p>\n<p>L\u00e4ssige Kapuzenjacke f\u00fcr einen sportlichen Look. Jede Menge Kombinationsm\u00f6glichkeiten bietet dir die LIGA STAR TRAININGSJACKE MIT KAPUZE die bis 2026 nachlieferbar ist. Das Material ist funktionell und trotzdem angenehm weich auf der Haut. Die l\u00e4ssige Kapuze darf nat\u00fcrlich nicht fehlen, w\u00e4hrend deine Habseligkeiten in den Seitentaschen dank Rei\u00dfverschluss sicher verstaut sind. Als Unisexschnittform f\u00fcr Herren, Damen und Kinder. Diese Jacke ist nicht als taillierter Damenschnitt erh\u00e4ltlich.Bitte beachtet das es sich bei individualisierten Artikeln die mit Namen, Nummern oder Sponsorenlogos versehen sind um Sonderanfertigungen handelt. Diese Artikel k\u00f6nnen leider nicht umgetauscht werden.<\/p>\n<div class=\"woocommerce-product-details__short-description\">\n<div class=\"woocommerce-product-details__short-description\">\n<p>Gr\u00f6\u00dfe 104 bis 164<\/p>\n<div class=\"woocommerce-product-details__short-description\">\n<p>UVP 62,99 Euro<\/p>\n<\/div>\n<p>Da es sich um Sonderanfertigungen handelt die extra noch gedruckt werden m\u00fcssen, betr\u00e4gt je nach Saison die Lieferzeit: ca 3 &#8211; 6 Wochen<\/p>\n<table border=\"1\" cellspacing=\"0\" cellpadding=\"0\">\n<tbody>\n<tr>\n<td><strong>Menge<\/strong><\/td>\n<td><strong>Preis<\/strong><\/td>\n<\/tr>\n<tr>\n<td>\u00a01 &#8211; 4<\/td>\n<td>49,99 \u20ac<\/td>\n<\/tr>\n<tr>\n<td>5 &#8211; 19<\/td>\n<td>39,99 \u20ac<\/td>\n<\/tr>\n<tr>\n<td>20 &#8211; 50<\/td>\n<td>38,99 \u20ac<\/td>\n<\/tr>\n<\/tbody>\n<\/table>\n<p>&nbsp;<\/p>\n<\/div>\n<\/div>\n<\/div>\n","protected":false},"featured_media":3266,"template":"","meta":[],"product_brand":[],"product_cat":[435,436,433,15],"product_tag":[],"class_list":{"0":"post-3307","1":"product","2":"type-product","3":"status-publish","4":"has-post-thumbnail","6":"product_cat-jacken-und-oberteile","7":"product_cat-kollektion-svf","8":"product_cat-sv-friedrichsfehn","9":"product_cat-vereine","10":"description-off","12":"first","13":"instock","14":"sale","15":"taxable","16":"shipping-taxable","17":"purchasable","18":"product-type-variable"},"_links":{"self":[{"href":"https:\/\/sport-goslar.de\/verein-shop\/wp-json\/wp\/v2\/product\/3307","targetHints":{"allow":["GET"]}}],"collection":[{"href":"https:\/\/sport-goslar.de\/verein-shop\/wp-json\/wp\/v2\/product"}],"about":[{"href":"https:\/\/sport-goslar.de\/verein-shop\/wp-json\/wp\/v2\/types\/product"}],"wp:featuredmedia":[{"embeddable":true,"href":"https:\/\/sport-goslar.de\/verein-shop\/wp-json\/wp\/v2\/media\/3266"}],"wp:attachment":[{"href":"https:\/\/sport-goslar.de\/verein-shop\/wp-json\/wp\/v2\/media?parent=3307"}],"wp:term":[{"taxonomy":"product_brand","embeddable":true,"href":"https:\/\/sport-goslar.de\/verein-shop\/wp-json\/wp\/v2\/product_brand?post=3307"},{"taxonomy":"product_cat","embeddable":true,"href":"https:\/\/sport-goslar.de\/verein-shop\/wp-json\/wp\/v2\/product_cat?post=3307"},{"taxonomy":"product_tag","embeddable":true,"href":"https:\/\/sport-goslar.de\/verein-shop\/wp-json\/wp\/v2\/product_tag?post=3307"}],"curies":[{"name":"wp","href":"https:\/\/api.w.org\/{rel}","templated":true}]}}