{"id":3258,"date":"2024-02-27T18:30:52","date_gmt":"2024-02-27T17:30:52","guid":{"rendered":"https:\/\/sport-goslar.de\/verein-shop\/?post_type=product&#038;p=3258"},"modified":"2025-01-10T12:32:00","modified_gmt":"2025-01-10T11:32:00","slug":"erima-rucksack-sv-friedrichsfehn","status":"publish","type":"product","link":"https:\/\/sport-goslar.de\/verein-shop\/produkt\/erima-rucksack-sv-friedrichsfehn\/","title":{"rendered":"Erima Rucksack SV Friedrichsfehn"},"content":{"rendered":"<p>Ware die invividuell f\u00fcr euch veredelt wird (also z.B. mit Spielernamen, Nummern, Sponsorenlogos, Vereinswappen, Initalien, etc bedruckt\/beflockt wird) gilt als Sonderanfertigung und ist von einem Umtausch leider ausgeschlossen.<\/p>\n<p>&nbsp;<\/p>\n<p>Vereinskollektion gesucht? Check! Mit einem individuellen Onlineshop wie beim <strong>SV Friedrichsfehn<\/strong> holt ihr das Beste f\u00fcr euer Team raus. Coole Designs, einfache Bestellungen und einheitlicher Look \u2013 alles, was ein moderner Verein braucht, in einem praktischen Shop.<\/p>\n<p>Unser Service: kostenlos, unkompliziert und 100 % individuell. Euer Verein? Bereit f\u00fcr den n\u00e4chsten Schritt. Meldet euch bei uns, und wir zaubern euren eigenen Onlineshop \u2013 genau wie beim <strong>SV Friedrichsfehn!<\/strong><\/p>\n<p>&nbsp;<\/p>\n","protected":false},"excerpt":{"rendered":"<p><strong>Erima Rucksack Six Wings inklusive Wappen SV Friedrichsfehn<br \/>\n<\/strong><\/p>\n<p>Der Erima Six Wings Rucksack mit Ballaufbewahrung und praktischen Taschen. Ein Rucksack, der mehr kann. Der Erima Six Wings MULTIFUNKTIONSRUCKSACK MIT BODENFACH ist perfekt f\u00fcr Training und Alltag. Er kommt mit einer abnehmbaren Netztasche f\u00fcr deinen Ball und einem separaten Bodenfach f\u00fcr deine Schuhe. Gleichzeitig bietet das Hauptfach genug Platz f\u00fcr deine Ausr\u00fcstung und mit den gepolsterten Schultergurten tr\u00e4gst du alles bequem. Individuell verstellbare Gummikordel an der Front. Diese Funktions bietet zu diesem Preis wohl kein andere Mitbewerber. Optimale Veredelungm\u00f6glichkeiten mit eurem Vereinsnamen oder Sponsorlogo. Moderner Six Wings Print. Gr\u00f6\u00dfe 30x18x45 cm<\/p>\n<p>UVP 44,99 \u20ac<\/p>\n<p>Da es sich um eine Sonderanfertigung handel bei der das Wappen nachtr\u00e4glich auf die Tasche gedruckt werden muss bitten wir um etwas Geduld.<\/p>\n<p>Lieferzeit: ca. 3 \u2013 6 Wochen<\/p>\n<p>&nbsp;<\/p>\n<table border=\"1\" cellspacing=\"0\" cellpadding=\"0\">\n<tbody>\n<tr>\n<td><strong>Menge<\/strong><\/td>\n<td><strong>Preis<\/strong><\/td>\n<\/tr>\n<tr>\n<td>1 &#8211; 2<\/td>\n<td>34,99<\/td>\n<\/tr>\n<tr>\n<td>3 &#8211; 20<\/td>\n<td>28,99 \u20ac<\/td>\n<\/tr>\n<tr>\n<td>21-50<\/td>\n<td>26,99 \u20ac<\/td>\n<\/tr>\n<\/tbody>\n<\/table>\n<p>&nbsp;<\/p>\n<p>&nbsp;<\/p>\n","protected":false},"featured_media":3251,"template":"","meta":[],"product_brand":[],"product_cat":[438,15],"product_tag":[],"class_list":{"0":"post-3258","1":"product","2":"type-product","3":"status-publish","4":"has-post-thumbnail","6":"product_cat-taschen-rucksaecke-sv-friedrichsfehn","7":"product_cat-vereine","8":"description-off","10":"first","11":"instock","12":"sale","13":"taxable","14":"shipping-taxable","15":"purchasable","16":"product-type-variable"},"_links":{"self":[{"href":"https:\/\/sport-goslar.de\/verein-shop\/wp-json\/wp\/v2\/product\/3258","targetHints":{"allow":["GET"]}}],"collection":[{"href":"https:\/\/sport-goslar.de\/verein-shop\/wp-json\/wp\/v2\/product"}],"about":[{"href":"https:\/\/sport-goslar.de\/verein-shop\/wp-json\/wp\/v2\/types\/product"}],"wp:featuredmedia":[{"embeddable":true,"href":"https:\/\/sport-goslar.de\/verein-shop\/wp-json\/wp\/v2\/media\/3251"}],"wp:attachment":[{"href":"https:\/\/sport-goslar.de\/verein-shop\/wp-json\/wp\/v2\/media?parent=3258"}],"wp:term":[{"taxonomy":"product_brand","embeddable":true,"href":"https:\/\/sport-goslar.de\/verein-shop\/wp-json\/wp\/v2\/product_brand?post=3258"},{"taxonomy":"product_cat","embeddable":true,"href":"https:\/\/sport-goslar.de\/verein-shop\/wp-json\/wp\/v2\/product_cat?post=3258"},{"taxonomy":"product_tag","embeddable":true,"href":"https:\/\/sport-goslar.de\/verein-shop\/wp-json\/wp\/v2\/product_tag?post=3258"}],"curies":[{"name":"wp","href":"https:\/\/api.w.org\/{rel}","templated":true}]}}