{"id":3253,"date":"2024-02-27T18:18:39","date_gmt":"2024-02-27T17:18:39","guid":{"rendered":"https:\/\/sport-goslar.de\/verein-shop\/?post_type=product&#038;p=3253"},"modified":"2025-01-10T12:08:40","modified_gmt":"2025-01-10T11:08:40","slug":"erima-sporttasche-sv-friedrichsfehn-groesse-m","status":"publish","type":"product","link":"https:\/\/sport-goslar.de\/verein-shop\/produkt\/erima-sporttasche-sv-friedrichsfehn-groesse-m\/","title":{"rendered":"Erima Sporttasche SV Friedrichsfehn Gr\u00f6\u00dfe M"},"content":{"rendered":"<p>Ware die invividuell f\u00fcr euch veredelt wird (also z.B. mit Spielernamen, Nummern, Sponsorenlogos, Vereinswappen, Initalien, etc bedruckt\/beflockt wird) gilt als Sonderanfertigung und ist von einem Umtausch leider ausgeschlossen.<\/p>\n<p>&nbsp;<\/p>\n<p>Hallo Sportsfreunde, Vereinsmitglieder und solche, die es noch werden wollen!<\/p>\n<p>&nbsp;<\/p>\n<p>Habt ihr schon von der M\u00f6glichkeit geh\u00f6rt, eure Vereinskollektion ganz einfach online zu pr\u00e4sentieren? Unser Onlineshop ist DIE L\u00f6sung f\u00fcr Vereine, die professionell auftreten und ihren Teamgeist st\u00e4rken m\u00f6chten. Egal, ob ihr Trikots, Trainingsanz\u00fcge oder Accessoires ben\u00f6tigt \u2013 wir bieten euch ein Rundum-sorglos-Paket, das individuell auf euren Verein zugeschnitten ist.<\/p>\n<p>Unsere Expertise basiert auf Projekten wie dem erfolgreichen Shop f\u00fcr den SV Friedrichsfehn\u2013 aber das Beste daran? Wir k\u00f6nnen das auch f\u00fcr euch! Ob Handball, Fu\u00dfball, Volleyball oder ein breit gef\u00e4chertes Sportangebot: Mit einem eigenen, ma\u00dfgeschneiderten Shop heben wir euer Vereinsleben auf das n\u00e4chste Level.<\/p>\n<p>Was macht uns aus?<br \/>\n1. Individuelle Beratung: Wir entwickeln einen Shop, der perfekt zu eurem Verein passt, mit Produkten, die eure Mitglieder begeistern.<br \/>\n2. Kostenfreier Onlineshop: Keine versteckten Geb\u00fchren \u2013 wir k\u00fcmmern uns um Programmierung, Pflege und Bef\u00fcllung eures Shops.<br \/>\n3. Professioneller Auftritt: Einheitliches Design st\u00e4rkt das Wir-Gef\u00fchl und repr\u00e4sentiert euren Verein nach au\u00dfen.<br \/>\n4. Top-Konditionen: Dank unserer Partnerschaften in der Sportartikelindustrie bieten wir euch exklusive Preise und attraktive Sponsoring-M\u00f6glichkeiten.<br \/>\n5. Entlastung Ehrenamtlicher: Eure Mitglieder bestellen direkt, und die Verantwortlichen haben mehr Zeit f\u00fcr das Wesentliche.<\/p>\n<p>Unser Team steht in den Startl\u00f6chern, um auch f\u00fcr euch einen Shop zu erstellen, der keine W\u00fcnsche offen l\u00e4sst. Individuell, professionell und kostenlos!<\/p>\n<p>Schreibt uns, ruft uns an oder schaut vorbei \u2013 der SV Friedrichsfehn ist schon auf dem Weg, von diesem Angebot zu profitieren. Werdet Teil dieser Erfolgsgeschichte und pr\u00e4sentiert euren Verein mit Stolz und Leidenschaft. Jetzt durchstarten mit eurem eigenen Shop \u2013 powered by SV Friedrichsfehn!<\/p>\n<p>#SV Friedrichsfehn#Vereinsshops #Teamgeist<\/p>\n<p>&nbsp;<\/p>\n","protected":false},"excerpt":{"rendered":"<p><strong>Erima Tasche Six Wings Gr\u00f6\u00dfe M inklusive Wappen SV Friedrichsfehn<br \/>\n<\/strong><\/p>\n<p>Die Erima Six Wings Sporttasche. Seitentaschen mit integriertem Nassfach und Bel\u00fcftung. Speziell fixierte Tragegurte f\u00fcr l\u00e4ngere Haltbarkeit. Verstellbarer Schultergurt. Optimale Veredelungm\u00f6glichkeiten mit eurem Vereinswappen oder Sponsorlogo. Optimale Konstuktion f\u00fcr gr\u00f6\u00dftm\u00f6glichen Stauraum. Moderner Six Wings Print.<\/p>\n<p>Gr\u00f6\u00dfe 61x29x28 cm, ca 28 Liter<\/p>\n<p>Gr\u00f6\u00dfe M UVP 45,99 \u20ac<\/p>\n<p>Da es sich um eine Sonderanfertigung handel bei der das Wappen nachtr\u00e4glich auf die Tasche gedruckt werden muss bitten wir um etwas Geduld.<\/p>\n<p>Lieferzeit: ca. 3 \u2013 6 Wochen<\/p>\n<p>&nbsp;<\/p>\n<table border=\"1\" cellspacing=\"0\" cellpadding=\"0\">\n<tbody>\n<tr>\n<td><strong>Menge<\/strong><\/td>\n<td><strong>Preis<\/strong><\/td>\n<\/tr>\n<tr>\n<td>1 &#8211; 2<\/td>\n<td>34,99<\/td>\n<\/tr>\n<tr>\n<td>3 &#8211; 20<\/td>\n<td>28,99 \u20ac<\/td>\n<\/tr>\n<tr>\n<td>21-50<\/td>\n<td>26,99 \u20ac<\/td>\n<\/tr>\n<\/tbody>\n<\/table>\n<p>&nbsp;<\/p>\n","protected":false},"featured_media":3252,"template":"","meta":[],"product_brand":[],"product_cat":[438,15],"product_tag":[],"class_list":{"0":"post-3253","1":"product","2":"type-product","3":"status-publish","4":"has-post-thumbnail","6":"product_cat-taschen-rucksaecke-sv-friedrichsfehn","7":"product_cat-vereine","8":"description-off","10":"first","11":"instock","12":"sale","13":"taxable","14":"shipping-taxable","15":"purchasable","16":"product-type-variable"},"_links":{"self":[{"href":"https:\/\/sport-goslar.de\/verein-shop\/wp-json\/wp\/v2\/product\/3253","targetHints":{"allow":["GET"]}}],"collection":[{"href":"https:\/\/sport-goslar.de\/verein-shop\/wp-json\/wp\/v2\/product"}],"about":[{"href":"https:\/\/sport-goslar.de\/verein-shop\/wp-json\/wp\/v2\/types\/product"}],"wp:featuredmedia":[{"embeddable":true,"href":"https:\/\/sport-goslar.de\/verein-shop\/wp-json\/wp\/v2\/media\/3252"}],"wp:attachment":[{"href":"https:\/\/sport-goslar.de\/verein-shop\/wp-json\/wp\/v2\/media?parent=3253"}],"wp:term":[{"taxonomy":"product_brand","embeddable":true,"href":"https:\/\/sport-goslar.de\/verein-shop\/wp-json\/wp\/v2\/product_brand?post=3253"},{"taxonomy":"product_cat","embeddable":true,"href":"https:\/\/sport-goslar.de\/verein-shop\/wp-json\/wp\/v2\/product_cat?post=3253"},{"taxonomy":"product_tag","embeddable":true,"href":"https:\/\/sport-goslar.de\/verein-shop\/wp-json\/wp\/v2\/product_tag?post=3253"}],"curies":[{"name":"wp","href":"https:\/\/api.w.org\/{rel}","templated":true}]}}