{"id":3249,"date":"2024-02-27T18:15:12","date_gmt":"2024-02-27T17:15:12","guid":{"rendered":"https:\/\/sport-goslar.de\/verein-shop\/?post_type=product&#038;p=3249"},"modified":"2024-02-27T18:37:08","modified_gmt":"2024-02-27T17:37:08","slug":"erima-sporttasche-sv-friedrichsfehn-groesse-l","status":"publish","type":"product","link":"https:\/\/sport-goslar.de\/verein-shop\/produkt\/erima-sporttasche-sv-friedrichsfehn-groesse-l\/","title":{"rendered":"Erima Sporttasche SV Friedrichsfehn Gr\u00f6\u00dfe L"},"content":{"rendered":"<p>Ware die invividuell f\u00fcr euch veredelt wird (also z.B. mit Spielernamen, Nummern, Sponsorenlogos, Vereinswappen, Initalien, etc bedruckt\/beflockt wird) gilt als Sonderanfertigung und ist von einem Umtausch leider ausgeschlossen.<\/p>\n","protected":false},"excerpt":{"rendered":"<p><strong>Erima Tasche Six Wings Gr\u00f6\u00dfe L inklusive Wappen SV Friedrichsfehn<br \/>\n<\/strong><\/p>\n<p>Die Erima Six Wings Sporttasche. Seitentaschen mit integriertem Nassfach und Bel\u00fcftung. Speziell fixierte Tragegurte f\u00fcr l\u00e4ngere Haltbarkeit. Verstellbarer Schultergurt. Optimale Veredelungm\u00f6glichkeiten mit eurem Vereinswappen oder Sponsorlogo. Optimale Konstuktion f\u00fcr gr\u00f6\u00dftm\u00f6glichen Stauraum. Moderner Six Wings Print. Gr\u00f6\u00dfe 70x32x34 cm, ca 76 Liter<\/p>\n<p>Gr\u00f6\u00dfe L UVP 49,99 \u20ac<\/p>\n<p>Da es sich um eine Sonderanfertigung handel bei der das Wappen nachtr\u00e4glich auf die Tasche gedruckt werden muss bitten wir um etwas Geduld.<\/p>\n<p>Lieferzeit: ca. 3 \u2013 6 Wochen<\/p>\n<p>&nbsp;<\/p>\n<table border=\"1\" cellspacing=\"0\" cellpadding=\"0\">\n<tbody>\n<tr>\n<td><strong>Menge<\/strong><\/td>\n<td><strong>Preis<\/strong><\/td>\n<\/tr>\n<tr>\n<td>1 &#8211; 2<\/td>\n<td>37,99<\/td>\n<\/tr>\n<tr>\n<td>3 &#8211; 20<\/td>\n<td>31,99 \u20ac<\/td>\n<\/tr>\n<tr>\n<td>21-50<\/td>\n<td>29,99 \u20ac<\/td>\n<\/tr>\n<\/tbody>\n<\/table>\n<p>&nbsp;<\/p>\n","protected":false},"featured_media":3252,"template":"","meta":[],"product_brand":[],"product_cat":[438,15],"product_tag":[],"class_list":{"0":"post-3249","1":"product","2":"type-product","3":"status-publish","4":"has-post-thumbnail","6":"product_cat-taschen-rucksaecke-sv-friedrichsfehn","7":"product_cat-vereine","8":"description-off","10":"first","11":"instock","12":"sale","13":"taxable","14":"shipping-taxable","15":"purchasable","16":"product-type-variable"},"_links":{"self":[{"href":"https:\/\/sport-goslar.de\/verein-shop\/wp-json\/wp\/v2\/product\/3249","targetHints":{"allow":["GET"]}}],"collection":[{"href":"https:\/\/sport-goslar.de\/verein-shop\/wp-json\/wp\/v2\/product"}],"about":[{"href":"https:\/\/sport-goslar.de\/verein-shop\/wp-json\/wp\/v2\/types\/product"}],"wp:featuredmedia":[{"embeddable":true,"href":"https:\/\/sport-goslar.de\/verein-shop\/wp-json\/wp\/v2\/media\/3252"}],"wp:attachment":[{"href":"https:\/\/sport-goslar.de\/verein-shop\/wp-json\/wp\/v2\/media?parent=3249"}],"wp:term":[{"taxonomy":"product_brand","embeddable":true,"href":"https:\/\/sport-goslar.de\/verein-shop\/wp-json\/wp\/v2\/product_brand?post=3249"},{"taxonomy":"product_cat","embeddable":true,"href":"https:\/\/sport-goslar.de\/verein-shop\/wp-json\/wp\/v2\/product_cat?post=3249"},{"taxonomy":"product_tag","embeddable":true,"href":"https:\/\/sport-goslar.de\/verein-shop\/wp-json\/wp\/v2\/product_tag?post=3249"}],"curies":[{"name":"wp","href":"https:\/\/api.w.org\/{rel}","templated":true}]}}