{"id":3245,"date":"2024-02-27T18:07:39","date_gmt":"2024-02-27T17:07:39","guid":{"rendered":"https:\/\/sport-goslar.de\/verein-shop\/?post_type=product&#038;p=3245"},"modified":"2024-03-08T17:40:05","modified_gmt":"2024-03-08T16:40:05","slug":"erima-sporttasche-muehlenberger-sv-groesse-s","status":"publish","type":"product","link":"https:\/\/sport-goslar.de\/verein-shop\/produkt\/erima-sporttasche-muehlenberger-sv-groesse-s\/","title":{"rendered":"Erima Sporttasche M\u00fchlenberger SV Gr\u00f6\u00dfe S"},"content":{"rendered":"<p>Hey M\u00fchlenberger SV Fans und Mitglieder!<\/p>\n<p>Schon mal in unserem coolen Onlineshop vorbeigeschaut? Wir sind wirklich stolz darauf, euch die M\u00f6glichkeit zu bieten, eure Vereinskollektion online zu pr\u00e4sentieren und die besten Produkte f\u00fcr euer Team zu sichern. Aber wusstet ihr schon? Diese tolle Chance m\u00f6chten wir nicht nur f\u00fcr uns behalten \u2013 wir m\u00f6chten auch anderen Vereinen die M\u00f6glichkeit geben, einen individuellen Shop zu bekommen! Unser Team steht bereit, um euren Verein oder euer Team individuell zu beraten und den perfekten Onlineshop zu erstellen.<\/p>\n<p>Gemeinsam besprechen wir, welche Produkte am besten zu euch passen und k\u00fcmmern uns dann um den Rest. Und das Beste daran? Es entstehen keine zus\u00e4tzlichen Kosten f\u00fcr euren Verein! Egal ob M\u00fchlenberger SV oder ein anderer Verein, wir m\u00f6chten euch alle unterst\u00fctzen und dazu beitragen, dass ihr euer Team mit Stolz repr\u00e4sentieren k\u00f6nnt. Unsere engen Beziehungen zu f\u00fchrenden Partnern in der Sportartikelindustrie erm\u00f6glichen es uns, euch erstklassige Konditionen und attraktive Sponsoring-Vereinbarungen anzubieten.<\/p>\n<p>Also lasst uns gemeinsam euren Teamgeist st\u00e4rken und eure Vereinskollektion auf ein neues Level heben. Kontaktiert uns noch heute und erfahrt, wie wir euch helfen k\u00f6nnen, euren eigenen Onlineshop zu erstellen und euer Team professionell auszustatten. Wir freuen uns darauf, von euch zu h\u00f6ren und gemeinsam mit euch durchzustarten!&#8220;<\/p>\n<p>&nbsp;<\/p>\n<p>Ware die invividuell f\u00fcr euch veredelt wird (also z.B. mit Spielernamen, Nummern, Sponsorenlogos, Vereinswappen, Initalien, etc bedruckt\/beflockt wird) gilt als Sonderanfertigung und ist von einem Umtausch leider ausgeschlossen.<\/p>\n","protected":false},"excerpt":{"rendered":"<p><strong>Erima Tasche Six Wings Gr\u00f6\u00dfe S inklusive Wappen M\u00fchlenberger SV<br \/>\n<\/strong><\/p>\n<p>Die Erima Six Wings Sporttasche. Seitentaschen mit integriertem Nassfach und Bel\u00fcftung. Speziell fixierte Tragegurte f\u00fcr l\u00e4ngere Haltbarkeit. Verstellbarer Schultergurt. Optimale Veredelungm\u00f6glichkeiten mit eurem Vereinswappen oder Sponsorlogo. Optimale Konstuktion f\u00fcr gr\u00f6\u00dftm\u00f6glichen Stauraum. Moderner Six Wings Print.Gr\u00f6\u00dfe 49x23x25 cm, ca 28 Liter<\/p>\n<p>Gr\u00f6\u00dfe S<\/p>\n<p>UVP 39,99 \u20ac<\/p>\n<p>Da es sich um eine Sonderanfertigung handel bei der das Wappen nachtr\u00e4glich auf die Tasche gedruckt werden muss bitten wir um etwas Geduld.<\/p>\n<p>Lieferzeit: ca. 3 \u2013 6 Wochen<\/p>\n<p>&nbsp;<\/p>\n<table border=\"1\" cellspacing=\"0\" cellpadding=\"0\">\n<tbody>\n<tr>\n<td><strong>Menge<\/strong><\/td>\n<td><strong>Preis<\/strong><\/td>\n<\/tr>\n<tr>\n<td>1 &#8211; 2<\/td>\n<td>32,99<\/td>\n<\/tr>\n<tr>\n<td>3 &#8211; 20<\/td>\n<td>25,99 \u20ac<\/td>\n<\/tr>\n<tr>\n<td>21-50<\/td>\n<td>24,99 \u20ac<\/td>\n<\/tr>\n<\/tbody>\n<\/table>\n<p>&nbsp;<\/p>\n<p>&nbsp;<\/p>\n","protected":false},"featured_media":3242,"template":"","meta":[],"product_brand":[],"product_cat":[411,432,15],"product_tag":[],"class_list":{"0":"post-3245","1":"product","2":"type-product","3":"status-publish","4":"has-post-thumbnail","6":"product_cat-muehlenberger-sv","7":"product_cat-taschen-rucksaecke-muehlenberger-sv","8":"product_cat-vereine","9":"description-off","11":"first","12":"instock","13":"sale","14":"taxable","15":"shipping-taxable","16":"purchasable","17":"product-type-variable"},"_links":{"self":[{"href":"https:\/\/sport-goslar.de\/verein-shop\/wp-json\/wp\/v2\/product\/3245","targetHints":{"allow":["GET"]}}],"collection":[{"href":"https:\/\/sport-goslar.de\/verein-shop\/wp-json\/wp\/v2\/product"}],"about":[{"href":"https:\/\/sport-goslar.de\/verein-shop\/wp-json\/wp\/v2\/types\/product"}],"wp:featuredmedia":[{"embeddable":true,"href":"https:\/\/sport-goslar.de\/verein-shop\/wp-json\/wp\/v2\/media\/3242"}],"wp:attachment":[{"href":"https:\/\/sport-goslar.de\/verein-shop\/wp-json\/wp\/v2\/media?parent=3245"}],"wp:term":[{"taxonomy":"product_brand","embeddable":true,"href":"https:\/\/sport-goslar.de\/verein-shop\/wp-json\/wp\/v2\/product_brand?post=3245"},{"taxonomy":"product_cat","embeddable":true,"href":"https:\/\/sport-goslar.de\/verein-shop\/wp-json\/wp\/v2\/product_cat?post=3245"},{"taxonomy":"product_tag","embeddable":true,"href":"https:\/\/sport-goslar.de\/verein-shop\/wp-json\/wp\/v2\/product_tag?post=3245"}],"curies":[{"name":"wp","href":"https:\/\/api.w.org\/{rel}","templated":true}]}}