{"id":3234,"date":"2024-02-22T16:15:27","date_gmt":"2024-02-22T15:15:27","guid":{"rendered":"https:\/\/sport-goslar.de\/verein-shop\/?post_type=product&#038;p=3234"},"modified":"2024-03-15T16:49:40","modified_gmt":"2024-03-15T15:49:40","slug":"erima-rucksack-tus-zetel","status":"publish","type":"product","link":"https:\/\/sport-goslar.de\/verein-shop\/produkt\/erima-rucksack-tus-zetel\/","title":{"rendered":"Erima Rucksack TuS Zetel"},"content":{"rendered":"<p>Hallo TuS Zetel Community!<\/p>\n<p>Es ist Zeit, unseren neuen Onlineshop zu enth\u00fcllen! Hier k\u00f6nnt ihr nicht nur eure Vereinskollektionen zur Schau stellen, sondern auch die besten Produkte f\u00fcr euer Team ergattern. Aber hey, das ist noch nicht alles! Auch andere Sportvereine haben die M\u00f6glichkeit, ihre eigenen individuellen Shops zu bekommen! Unser Team steht bereit, um euch bei der Einrichtung eures Shops zu unterst\u00fctzen \u2013 und das ohne zus\u00e4tzliche Kosten f\u00fcr euren Verein! Egal, ob Fu\u00dfball, Handball, Volleyball oder eine andere Sportart, wir sind hier, um euch alle zu unterst\u00fctzen und sicherzustellen, dass ihr euer Team mit Stolz repr\u00e4sentieren k\u00f6nnt. Dank unserer starken Partnerschaften in der Sportartikelindustrie k\u00f6nnen wir euch erstklassige Konditionen und attraktive Sponsoring-Vereinbarungen bieten. Also, worauf wartet ihr noch? Lasst uns gemeinsam euren Teamgeist st\u00e4rken und eure Vereinskollektionen auf ein neues Level bringen! Kontaktiert uns noch heute, um mehr zu erfahren. Wir freuen uns darauf, von euch zu h\u00f6ren und gemeinsam mit euch durchzustarten!<\/p>\n<p>&nbsp;<\/p>\n<p>&nbsp;<\/p>\n<p>Ware die invividuell f\u00fcr euch veredelt wird (also z.B. mit Spielernamen, Nummern, Sponsorenlogos, Vereinswappen, Initalien, etc bedruckt\/beflockt wird) gilt als Sonderanfertigung und ist von einem Umtausch leider ausgeschlossen.<\/p>\n","protected":false},"excerpt":{"rendered":"<p><strong>Erima Rucksack Six Wings inklusive Wappen TuS Zetel<br \/>\n<\/strong><\/p>\n<p>Der Erima Six Wings Rucksack mit Ballaufbewahrung und praktischen Taschen. Ein Rucksack, der mehr kann. Der Erima Six Wings MULTIFUNKTIONSRUCKSACK MIT BODENFACH ist perfekt f\u00fcr Training und Alltag. Er kommt mit einer abnehmbaren Netztasche f\u00fcr deinen Ball und einem separaten Bodenfach f\u00fcr deine Schuhe. Gleichzeitig bietet das Hauptfach genug Platz f\u00fcr deine Ausr\u00fcstung und mit den gepolsterten Schultergurten tr\u00e4gst du alles bequem. Individuell verstellbare Gummikordel an der Front. Diese Funktions bietet zu diesem Preis wohl kein andere Mitbewerber. Optimale Veredelungm\u00f6glichkeiten mit eurem Vereinsnamen oder Sponsorlogo. Moderner Six Wings Print. Gr\u00f6\u00dfe 30x18x45 cm<\/p>\n<p>UVP 44,99 \u20ac<\/p>\n<p>Da es sich um eine Sonderanfertigung handel bei der das Wappen nachtr\u00e4glich auf die Tasche gedruckt werden muss bitten wir um etwas Geduld.<\/p>\n<p>Lieferzeit: ca. 3 \u2013 6 Wochen<\/p>\n<p>&nbsp;<\/p>\n<table border=\"1\" cellspacing=\"0\" cellpadding=\"0\">\n<tbody>\n<tr>\n<td><strong>Menge<\/strong><\/td>\n<td><strong>Preis<\/strong><\/td>\n<\/tr>\n<tr>\n<td>1 &#8211; 2<\/td>\n<td>34,99<\/td>\n<\/tr>\n<tr>\n<td>3 &#8211; 20<\/td>\n<td>28,99 \u20ac<\/td>\n<\/tr>\n<tr>\n<td>21-50<\/td>\n<td>26,99 \u20ac<\/td>\n<\/tr>\n<\/tbody>\n<\/table>\n<p>&nbsp;<\/p>\n<p>&nbsp;<\/p>\n","protected":false},"featured_media":3222,"template":"","meta":[],"product_brand":[],"product_cat":[431,417,15],"product_tag":[],"class_list":{"0":"post-3234","1":"product","2":"type-product","3":"status-publish","4":"has-post-thumbnail","6":"product_cat-taschen-rucksaecke-tus-zetel","7":"product_cat-tus-zetel","8":"product_cat-vereine","9":"description-off","11":"first","12":"instock","13":"sale","14":"taxable","15":"shipping-taxable","16":"purchasable","17":"product-type-variable"},"_links":{"self":[{"href":"https:\/\/sport-goslar.de\/verein-shop\/wp-json\/wp\/v2\/product\/3234","targetHints":{"allow":["GET"]}}],"collection":[{"href":"https:\/\/sport-goslar.de\/verein-shop\/wp-json\/wp\/v2\/product"}],"about":[{"href":"https:\/\/sport-goslar.de\/verein-shop\/wp-json\/wp\/v2\/types\/product"}],"wp:featuredmedia":[{"embeddable":true,"href":"https:\/\/sport-goslar.de\/verein-shop\/wp-json\/wp\/v2\/media\/3222"}],"wp:attachment":[{"href":"https:\/\/sport-goslar.de\/verein-shop\/wp-json\/wp\/v2\/media?parent=3234"}],"wp:term":[{"taxonomy":"product_brand","embeddable":true,"href":"https:\/\/sport-goslar.de\/verein-shop\/wp-json\/wp\/v2\/product_brand?post=3234"},{"taxonomy":"product_cat","embeddable":true,"href":"https:\/\/sport-goslar.de\/verein-shop\/wp-json\/wp\/v2\/product_cat?post=3234"},{"taxonomy":"product_tag","embeddable":true,"href":"https:\/\/sport-goslar.de\/verein-shop\/wp-json\/wp\/v2\/product_tag?post=3234"}],"curies":[{"name":"wp","href":"https:\/\/api.w.org\/{rel}","templated":true}]}}