{"id":3229,"date":"2024-02-22T15:56:05","date_gmt":"2024-02-22T14:56:05","guid":{"rendered":"https:\/\/sport-goslar.de\/verein-shop\/?post_type=product&#038;p=3229"},"modified":"2024-03-15T16:49:02","modified_gmt":"2024-03-15T15:49:02","slug":"erima-sporttasche-tus-zetel-groesse-s","status":"publish","type":"product","link":"https:\/\/sport-goslar.de\/verein-shop\/produkt\/erima-sporttasche-tus-zetel-groesse-s\/","title":{"rendered":"Erima Sporttasche TuS Zetel Gr\u00f6\u00dfe S"},"content":{"rendered":"<p>Hey TuS Zetel Familie!<\/p>\n<p>Habt ihr schon unseren brandneuen Onlineshop entdeckt? Hier k\u00f6nnt ihr nicht nur eure Vereinskollektionen pr\u00e4sentieren, sondern auch die besten Produkte f\u00fcr euer Team bestellen. Und das Beste daran? Wir bieten auch anderen Sportvereinen die M\u00f6glichkeit, ihre eigenen individuellen Shops zu erhalten! Unser Team steht bereit, um euch bei der Gestaltung eures Shops zu unterst\u00fctzen \u2013 und das alles ohne zus\u00e4tzliche Kosten f\u00fcr euren Verein! Egal, ob Fu\u00dfball, Handball, Volleyball oder eine andere Sportart, wir sind hier, um euch alle zu unterst\u00fctzen und sicherzustellen, dass ihr euer Team mit Stolz repr\u00e4sentieren k\u00f6nnt. Dank unserer starken Partnerschaften in der Sportartikelindustrie k\u00f6nnen wir euch erstklassige Konditionen und attraktive Sponsoring-Vereinbarungen bieten. Lasst uns gemeinsam euren Teamgeist st\u00e4rken und eure Vereinskollektionen auf ein neues Level bringen!<\/p>\n<p>Kontaktiert uns noch heute, um mehr zu erfahren. Wir k\u00f6nnen es kaum erwarten, von euch zu h\u00f6ren und mit euch durchzustarten!<\/p>\n<p>&nbsp;<\/p>\n<p>Ware die invividuell f\u00fcr euch veredelt wird (also z.B. mit Spielernamen, Nummern, Sponsorenlogos, Vereinswappen, Initalien, etc bedruckt\/beflockt wird) gilt als Sonderanfertigung und ist von einem Umtausch leider ausgeschlossen.<\/p>\n","protected":false},"excerpt":{"rendered":"<p><strong>Erima Tasche Six Wings Gr\u00f6\u00dfe S inklusive Wappen TuS Zetel<\/strong><\/p>\n<p>Die Erima Six Wings Sporttasche. Seitentaschen mit integriertem Nassfach und Bel\u00fcftung. Speziell fixierte Tragegurte f\u00fcr l\u00e4ngere Haltbarkeit. Verstellbarer Schultergurt. Optimale Veredelungm\u00f6glichkeiten mit eurem Vereinswappen oder Sponsorlogo. Optimale Konstuktion f\u00fcr gr\u00f6\u00dftm\u00f6glichen Stauraum. Moderner Six Wings Print. Gr\u00f6\u00dfe 49x23x25 cm, ca 28 Liter<\/p>\n<p>Gr\u00f6\u00dfe S<\/p>\n<p>UVP 39,99 \u20ac<\/p>\n<p>Da es sich um eine Sonderanfertigung handel bei der das Wappen nachtr\u00e4glich auf die Tasche gedruckt werden muss bitten wir um etwas Geduld.<\/p>\n<p>Lieferzeit: ca. 3 \u2013 6 Wochen<\/p>\n<p>&nbsp;<\/p>\n<table border=\"1\" cellspacing=\"0\" cellpadding=\"0\">\n<tbody>\n<tr>\n<td><strong>Menge<\/strong><\/td>\n<td><strong>Preis<\/strong><\/td>\n<\/tr>\n<tr>\n<td>1 &#8211; 2<\/td>\n<td>32,99<\/td>\n<\/tr>\n<tr>\n<td>3 &#8211; 20<\/td>\n<td>25,99 \u20ac<\/td>\n<\/tr>\n<tr>\n<td>21-50<\/td>\n<td>24,99 \u20ac<\/td>\n<\/tr>\n<\/tbody>\n<\/table>\n<p>&nbsp;<\/p>\n","protected":false},"featured_media":3223,"template":"","meta":[],"product_brand":[],"product_cat":[431,417,15],"product_tag":[],"class_list":{"0":"post-3229","1":"product","2":"type-product","3":"status-publish","4":"has-post-thumbnail","6":"product_cat-taschen-rucksaecke-tus-zetel","7":"product_cat-tus-zetel","8":"product_cat-vereine","9":"description-off","11":"first","12":"instock","13":"sale","14":"taxable","15":"shipping-taxable","16":"purchasable","17":"product-type-variable"},"_links":{"self":[{"href":"https:\/\/sport-goslar.de\/verein-shop\/wp-json\/wp\/v2\/product\/3229","targetHints":{"allow":["GET"]}}],"collection":[{"href":"https:\/\/sport-goslar.de\/verein-shop\/wp-json\/wp\/v2\/product"}],"about":[{"href":"https:\/\/sport-goslar.de\/verein-shop\/wp-json\/wp\/v2\/types\/product"}],"wp:featuredmedia":[{"embeddable":true,"href":"https:\/\/sport-goslar.de\/verein-shop\/wp-json\/wp\/v2\/media\/3223"}],"wp:attachment":[{"href":"https:\/\/sport-goslar.de\/verein-shop\/wp-json\/wp\/v2\/media?parent=3229"}],"wp:term":[{"taxonomy":"product_brand","embeddable":true,"href":"https:\/\/sport-goslar.de\/verein-shop\/wp-json\/wp\/v2\/product_brand?post=3229"},{"taxonomy":"product_cat","embeddable":true,"href":"https:\/\/sport-goslar.de\/verein-shop\/wp-json\/wp\/v2\/product_cat?post=3229"},{"taxonomy":"product_tag","embeddable":true,"href":"https:\/\/sport-goslar.de\/verein-shop\/wp-json\/wp\/v2\/product_tag?post=3229"}],"curies":[{"name":"wp","href":"https:\/\/api.w.org\/{rel}","templated":true}]}}