{"id":3227,"date":"2024-02-22T15:47:10","date_gmt":"2024-02-22T14:47:10","guid":{"rendered":"https:\/\/sport-goslar.de\/verein-shop\/?post_type=product&#038;p=3227"},"modified":"2024-03-15T16:48:39","modified_gmt":"2024-03-15T15:48:39","slug":"erima-sporttasche-tus-zetel-groesse-m","status":"publish","type":"product","link":"https:\/\/sport-goslar.de\/verein-shop\/produkt\/erima-sporttasche-tus-zetel-groesse-m\/","title":{"rendered":"Erima Sporttasche TuS Zetel Gr\u00f6\u00dfe M"},"content":{"rendered":"<p>Hallo liebe Sportsfreunde und Mitglieder des TuS Zetel!<\/p>\n<p>Habt ihr schon von unserem coolen neuen Onlineshop geh\u00f6rt? Wir haben ihn speziell f\u00fcr euren Verein entwickelt, damit ihr eure Vereinskollektionen online pr\u00e4sentieren und die besten Produkte f\u00fcr euer Team sichern k\u00f6nnt. Aber wisst ihr was? Das gilt nicht nur f\u00fcr euch! Auch andere Sportvereine k\u00f6nnen von unserem Service profitieren und ihre eigenen individuellen Shops erhalten! Unser Team steht bereit, um euch bei der Gestaltung eures Shops zu unterst\u00fctzen \u2013 und das alles ohne zus\u00e4tzliche Kosten f\u00fcr euren Verein! Egal, ob Fu\u00dfball, Handball, Volleyball oder eine andere Sportart, wir sind hier, um euch alle zu unterst\u00fctzen und sicherzustellen, dass ihr euer Team mit Stolz repr\u00e4sentieren k\u00f6nnt. Dank unserer starken Partnerschaften in der Sportartikelindustrie k\u00f6nnen wir euch erstklassige Konditionen und attraktive Sponsoring-Vereinbarungen bieten. Lasst uns gemeinsam euren Teamgeist st\u00e4rken und eure Vereinskollektionen auf ein neues Level bringen! Kontaktiert uns noch heute, um mehr dar\u00fcber zu erfahren, wie wir euch bei der Erstellung eures eigenen Onlineshops unterst\u00fctzen k\u00f6nnen. Wir freuen uns darauf, von euch zu h\u00f6ren und mit euch zusammen durchzustarten!<\/p>\n<p>&nbsp;<\/p>\n<p>&nbsp;<\/p>\n<p>Ware die invividuell f\u00fcr euch veredelt wird (also z.B. mit Spielernamen, Nummern, Sponsorenlogos, Vereinswappen, Initalien, etc bedruckt\/beflockt wird) gilt als Sonderanfertigung und ist von einem Umtausch leider ausgeschlossen.<\/p>\n","protected":false},"excerpt":{"rendered":"<p><strong>Erima Tasche Six Wings Gr\u00f6\u00dfe M inklusive Wappen TuS Zetel<\/strong><\/p>\n<p>Die Erima Six Wings Sporttasche. Seitentaschen mit integriertem Nassfach und Bel\u00fcftung. Speziell fixierte Tragegurte f\u00fcr l\u00e4ngere Haltbarkeit. Verstellbarer Schultergurt. Optimale Veredelungm\u00f6glichkeiten mit eurem Vereinswappen oder Sponsorlogo. Optimale Konstuktion f\u00fcr gr\u00f6\u00dftm\u00f6glichen Stauraum. Moderner Six Wings Print. Gr\u00f6\u00dfe 61x29x28 cm, ca 28 Liter<\/p>\n<p>Gr\u00f6\u00dfe M UVP 45,99 \u20ac<\/p>\n<p>Da es sich um eine Sonderanfertigung handel bei der das Wappen nachtr\u00e4glich auf die Tasche gedruckt werden muss bitten wir um etwas Geduld.<\/p>\n<p>Lieferzeit: ca. 3 \u2013 6 Wochen<\/p>\n<p>&nbsp;<\/p>\n<table border=\"1\" cellspacing=\"0\" cellpadding=\"0\">\n<tbody>\n<tr>\n<td><strong>Menge<\/strong><\/td>\n<td><strong>Preis<\/strong><\/td>\n<\/tr>\n<tr>\n<td>1 &#8211; 2<\/td>\n<td>34,99<\/td>\n<\/tr>\n<tr>\n<td>3 &#8211; 20<\/td>\n<td>28,99 \u20ac<\/td>\n<\/tr>\n<tr>\n<td>21-50<\/td>\n<td>26,99 \u20ac<\/td>\n<\/tr>\n<\/tbody>\n<\/table>\n<p>&nbsp;<\/p>\n","protected":false},"featured_media":3223,"template":"","meta":[],"product_brand":[],"product_cat":[431,417,15],"product_tag":[],"class_list":{"0":"post-3227","1":"product","2":"type-product","3":"status-publish","4":"has-post-thumbnail","6":"product_cat-taschen-rucksaecke-tus-zetel","7":"product_cat-tus-zetel","8":"product_cat-vereine","9":"description-off","11":"first","12":"instock","13":"sale","14":"taxable","15":"shipping-taxable","16":"purchasable","17":"product-type-variable"},"_links":{"self":[{"href":"https:\/\/sport-goslar.de\/verein-shop\/wp-json\/wp\/v2\/product\/3227","targetHints":{"allow":["GET"]}}],"collection":[{"href":"https:\/\/sport-goslar.de\/verein-shop\/wp-json\/wp\/v2\/product"}],"about":[{"href":"https:\/\/sport-goslar.de\/verein-shop\/wp-json\/wp\/v2\/types\/product"}],"wp:featuredmedia":[{"embeddable":true,"href":"https:\/\/sport-goslar.de\/verein-shop\/wp-json\/wp\/v2\/media\/3223"}],"wp:attachment":[{"href":"https:\/\/sport-goslar.de\/verein-shop\/wp-json\/wp\/v2\/media?parent=3227"}],"wp:term":[{"taxonomy":"product_brand","embeddable":true,"href":"https:\/\/sport-goslar.de\/verein-shop\/wp-json\/wp\/v2\/product_brand?post=3227"},{"taxonomy":"product_cat","embeddable":true,"href":"https:\/\/sport-goslar.de\/verein-shop\/wp-json\/wp\/v2\/product_cat?post=3227"},{"taxonomy":"product_tag","embeddable":true,"href":"https:\/\/sport-goslar.de\/verein-shop\/wp-json\/wp\/v2\/product_tag?post=3227"}],"curies":[{"name":"wp","href":"https:\/\/api.w.org\/{rel}","templated":true}]}}