{"id":3225,"date":"2024-02-22T13:34:41","date_gmt":"2024-02-22T12:34:41","guid":{"rendered":"https:\/\/sport-goslar.de\/verein-shop\/?post_type=product&#038;p=3225"},"modified":"2024-03-15T16:50:25","modified_gmt":"2024-03-15T15:50:25","slug":"erima-sporttasche-tus-zetel-groesse-l","status":"publish","type":"product","link":"https:\/\/sport-goslar.de\/verein-shop\/produkt\/erima-sporttasche-tus-zetel-groesse-l\/","title":{"rendered":"Erima Sporttasche TuS Zetel Gr\u00f6\u00dfe L"},"content":{"rendered":"<p>Hallo Sportsfreunde des TuS Zetel!<\/p>\n<p>Es ist an der Zeit, dass auch euer Verein im digitalen Zeitalter ankommt!<\/p>\n<p>Unser brandneuer Onlineshop ist daf\u00fcr genau das Richtige. Hier k\u00f6nnt ihr nicht nur eure Vereinskollektionen pr\u00e4sentieren, sondern auch die besten Produkte f\u00fcr euer Team sichern. Und das Beste? Wir bieten auch anderen Sportvereinen die M\u00f6glichkeit, ihre eigenen individuellen Shops zu erhalten! Unser Team steht bereit, um euch bei der Gestaltung eures Shops zu unterst\u00fctzen \u2013 und das alles ohne zus\u00e4tzliche Kosten f\u00fcr euren Verein! Egal, ob Fu\u00dfball, Handball, Volleyball oder eine andere Sportart, wir sind hier, um euch alle zu unterst\u00fctzen und sicherzustellen, dass ihr euer Team mit Stolz repr\u00e4sentieren k\u00f6nnt. Dank unserer starken Partnerschaften in der Sportartikelindustrie k\u00f6nnen wir euch erstklassige Konditionen und attraktive Sponsoring-Vereinbarungen bieten. Kontaktiert uns noch heute, um mehr zu erfahren.<\/p>\n<p>Wir k\u00f6nnen es kaum erwarten, von euch zu h\u00f6ren und gemeinsam mit euch durchzustarten!<\/p>\n<p>&nbsp;<\/p>\n<p>&nbsp;<\/p>\n<p>&nbsp;<\/p>\n<p>&nbsp;<\/p>\n<p>Ware die invividuell f\u00fcr euch veredelt wird (also z.B. mit Spielernamen, Nummern, Sponsorenlogos, Vereinswappen, Initalien, etc bedruckt\/beflockt wird) gilt als Sonderanfertigung und ist von einem Umtausch leider ausgeschlossen.<\/p>\n","protected":false},"excerpt":{"rendered":"<p><strong>Erima Tasche Six Wings Gr\u00f6\u00dfe L inklusive Wappen TuS Zetel<\/strong><\/p>\n<p>Die Erima Six Wings Sporttasche. Seitentaschen mit integriertem Nassfach und Bel\u00fcftung. Speziell fixierte Tragegurte f\u00fcr l\u00e4ngere Haltbarkeit. Verstellbarer Schultergurt. Optimale Veredelungm\u00f6glichkeiten mit eurem Vereinswappen oder Sponsorlogo. Optimale Konstuktion f\u00fcr gr\u00f6\u00dftm\u00f6glichen Stauraum. Moderner Six Wings Print. Gr\u00f6\u00dfe 70x32x34 cm, ca 76 Liter<\/p>\n<p>Gr\u00f6\u00dfe L UVP 49,99 \u20ac<\/p>\n<p>Da es sich um eine Sonderanfertigung handel bei der das Wappen nachtr\u00e4glich auf die Tasche gedruckt werden muss bitten wir um etwas Geduld.<\/p>\n<p>Lieferzeit: ca. 3 \u2013 6 Wochen<\/p>\n<p>&nbsp;<\/p>\n<table border=\"1\" cellspacing=\"0\" cellpadding=\"0\">\n<tbody>\n<tr>\n<td><strong>Menge<\/strong><\/td>\n<td><strong>Preis<\/strong><\/td>\n<\/tr>\n<tr>\n<td>1 &#8211; 2<\/td>\n<td>37,99<\/td>\n<\/tr>\n<tr>\n<td>3 &#8211; 20<\/td>\n<td>31,99 \u20ac<\/td>\n<\/tr>\n<tr>\n<td>21-50<\/td>\n<td>29,99 \u20ac<\/td>\n<\/tr>\n<\/tbody>\n<\/table>\n<p>&nbsp;<\/p>\n","protected":false},"featured_media":3223,"template":"","meta":[],"product_brand":[],"product_cat":[431,15],"product_tag":[],"class_list":{"0":"post-3225","1":"product","2":"type-product","3":"status-publish","4":"has-post-thumbnail","6":"product_cat-taschen-rucksaecke-tus-zetel","7":"product_cat-vereine","8":"description-off","10":"first","11":"instock","12":"sale","13":"taxable","14":"shipping-taxable","15":"purchasable","16":"product-type-variable"},"_links":{"self":[{"href":"https:\/\/sport-goslar.de\/verein-shop\/wp-json\/wp\/v2\/product\/3225","targetHints":{"allow":["GET"]}}],"collection":[{"href":"https:\/\/sport-goslar.de\/verein-shop\/wp-json\/wp\/v2\/product"}],"about":[{"href":"https:\/\/sport-goslar.de\/verein-shop\/wp-json\/wp\/v2\/types\/product"}],"wp:featuredmedia":[{"embeddable":true,"href":"https:\/\/sport-goslar.de\/verein-shop\/wp-json\/wp\/v2\/media\/3223"}],"wp:attachment":[{"href":"https:\/\/sport-goslar.de\/verein-shop\/wp-json\/wp\/v2\/media?parent=3225"}],"wp:term":[{"taxonomy":"product_brand","embeddable":true,"href":"https:\/\/sport-goslar.de\/verein-shop\/wp-json\/wp\/v2\/product_brand?post=3225"},{"taxonomy":"product_cat","embeddable":true,"href":"https:\/\/sport-goslar.de\/verein-shop\/wp-json\/wp\/v2\/product_cat?post=3225"},{"taxonomy":"product_tag","embeddable":true,"href":"https:\/\/sport-goslar.de\/verein-shop\/wp-json\/wp\/v2\/product_tag?post=3225"}],"curies":[{"name":"wp","href":"https:\/\/api.w.org\/{rel}","templated":true}]}}