{"id":3217,"date":"2024-02-22T12:07:39","date_gmt":"2024-02-22T11:07:39","guid":{"rendered":"https:\/\/sport-goslar.de\/verein-shop\/?post_type=product&#038;p=3217"},"modified":"2025-01-08T18:03:22","modified_gmt":"2025-01-08T17:03:22","slug":"erima-sporttasche-six-wings-groesse-m","status":"publish","type":"product","link":"https:\/\/sport-goslar.de\/verein-shop\/produkt\/erima-sporttasche-six-wings-groesse-m\/","title":{"rendered":"Erima Sporttasche Six Wings Gr\u00f6\u00dfe M"},"content":{"rendered":"<p>Liebe Sportvereine und Landesverb\u00e4nde,<\/p>\n<p>&nbsp;<\/p>\n<p>Wir m\u00f6chten euch herzlich einladen, unseren einzigartigen Vereinsshop zu entdecken, der speziell daf\u00fcr entwickelt wurde, eure Verband- oder Vereinskollektion online zu pr\u00e4sentieren und die besten Produkte f\u00fcr euer Team zu sichern. Doch das ist noch nicht alles \u2013 wir m\u00f6chten auch anderen Vereinen die M\u00f6glichkeit bieten, einen individuellen Shop zu erhalten! Unser erfahrenes Team steht bereit, um euch pers\u00f6nlich zu beraten und gemeinsam mit euch den perfekten Vereins-Onlineshop zu gestalten. Wir nehmen uns die Zeit, um eure Bed\u00fcrfnisse und Vorlieben zu besprechen und k\u00fcmmern uns dann um alle Details. Das Sch\u00f6ne daran? Es entstehen keine zus\u00e4tzlichen Kosten f\u00fcr euren Verein!<\/p>\n<p>&nbsp;<\/p>\n<p>Egal, ob euer Verein Handball, Fu\u00dfball, Volleyball betreibt oder als Breitensportverein aktiv ist \u2013 wir m\u00f6chten euch alle unterst\u00fctzen und dazu beitragen, dass ihr euer Team mit Stolz repr\u00e4sentieren k\u00f6nnt. Dank unserer engen Beziehungen zu f\u00fchrenden Partnern in der Sportartikelindustrie k\u00f6nnen wir euch erstklassige Konditionen und attraktive Sponsoring-Vereinbarungen bieten. Lasst uns gemeinsam euren Teamgeist st\u00e4rken und eure Vereinskollektion auf ein neues Level heben!<\/p>\n<p>&nbsp;<\/p>\n<p>Hier sind einige Gr\u00fcnde, warum ihr euch f\u00fcr unseren Service entscheiden solltet:<\/p>\n<p>&nbsp;<\/p>\n<ol>\n<li>**Individuelle Beratung f\u00fcr euren Verein**: Wir besprechen mit euch pers\u00f6nlich, welche Produkte am besten zu eurem Verein passen und welche deutschen oder europ\u00e4ischen Hersteller sich ideal eignen.<\/li>\n<\/ol>\n<p>&nbsp;<\/p>\n<ol start=\"2\">\n<li>**Bestkonditionen und Gratisware**: Als Ausr\u00fcster von verschiedenen Landesverb\u00e4nden und tausenden angeschlossenen Vereinen k\u00f6nnen wir euch TOP-Konditionen und attraktive Sponsoring-Vereinbarungen bieten.<\/li>\n<\/ol>\n<p>&nbsp;<\/p>\n<ol start=\"3\">\n<li>**Kostenloser Onlineshop**: Wir \u00fcbernehmen die Programmierung eures Onlineshops, bef\u00fcllen ihn mit euren ausgesuchten Artikeln, hinterlegen die Sonderpreise und \u00fcbernehmen die Pflege \u2013 ohne zus\u00e4tzliche Kosten f\u00fcr euren Verein!<\/li>\n<\/ol>\n<p>&nbsp;<\/p>\n<ol start=\"4\">\n<li>**Einheitlicher Auftritt f\u00fcr euer Team**: Durch einen professionellen und einheitlichen Auftritt st\u00e4rken wir das Wir-Gef\u00fchl in eurem Team, sei es als Sportverein, Fan, Firma oder Landesverband. Euer Team, eure Farben!<\/li>\n<\/ol>\n<p>&nbsp;<\/p>\n<ol start=\"5\">\n<li>**Entlastung von Ehrenamtlichen**: Dank des Onlineshops kann sich jedes Teammitglied die Artikel einfach und bequem bestellen, w\u00e4hrend die Verantwortlichen sich auf das Wesentliche konzentrieren k\u00f6nnen.<\/li>\n<\/ol>\n<p>&nbsp;<\/p>\n<ol start=\"6\">\n<li>**Pers\u00f6nliche Betreuung**: Euer pers\u00f6nlicher Ansprechpartner steht euch bei allen Fragen zur Seite, von der richtigen Beflockung \u00fcber die Artikelauswahl bis hin zu Lieferterminen oder Sonderanfertigungen.<\/li>\n<\/ol>\n<p>&nbsp;<\/p>\n<p>Kontaktiert uns noch heute und erfahrt, wie wir euch helfen k\u00f6nnen, euren eigenen Onlineshop zu erstellen und euer Team professionell auszustatten.<\/p>\n<p>&nbsp;<\/p>\n<p>Wir freuen uns darauf, von euch zu h\u00f6ren und gemeinsam mit euch durchzustarten!<\/p>\n<p>&nbsp;<\/p>\n","protected":false},"excerpt":{"rendered":"<div class=\"woocommerce-product-details__short-description\">\n<p><strong>Erima Tasche Six Wings Gr\u00f6\u00dfe M in acht verschiedenen Farben<\/strong><\/p>\n<p>Die neue Erima Six Wings Sporttasche. Seitentaschen mit integriertem Nassfach und Bel\u00fcftung. Speziell fixierte Tragegurte f\u00fcr l\u00e4ngere Haltbarkeit. Verstellbarer Schultergurt. Optimale Veredelungm\u00f6glichkeiten mit eurem Vereinswappen oder Sponsorlogo. Optimale Konstuktion f\u00fcr gr\u00f6\u00dftm\u00f6glichen Stauraum. Moderner Six Wings Print. Gr\u00f6\u00dfe 49x23x25 cm, ca 28 Liter<\/p>\n<p>In acht verschiedenen Farben: red\/black, new royal\/black, smaragd\/ black, yellow\/black, curacao\/black, slate grey\/black, green\/black, orange black<\/p>\n<p><strong>Gr\u00f6\u00dfe M<\/strong> UVP 34,99 \u20ac<\/p>\n<p>&nbsp;<\/p>\n<\/div>\n<p>Lieferzeit: ca 3 \u2013 10 Tage<\/p>\n<table border=\"1\" cellspacing=\"0\" cellpadding=\"0\">\n<tbody>\n<tr>\n<td><strong>Menge<\/strong><\/td>\n<td><strong>Preis<\/strong><\/td>\n<\/tr>\n<tr>\n<td>1 &#8211; 2<\/td>\n<td>22,99<\/td>\n<\/tr>\n<tr>\n<td>3 &#8211; 20<\/td>\n<td>21,99 \u20ac<\/td>\n<\/tr>\n<tr>\n<td>21-50<\/td>\n<td>20,99 \u20ac<\/td>\n<\/tr>\n<\/tbody>\n<\/table>\n<p>&nbsp;<\/p>\n","protected":false},"featured_media":3205,"template":"","meta":[],"product_brand":[],"product_cat":[215,409,442,430,447,431,432,380,438,230,15],"product_tag":[],"class_list":{"0":"post-3217","1":"product","2":"type-product","3":"status-publish","4":"has-post-thumbnail","6":"product_cat-erima","7":"product_cat-leichtathletik-verband","8":"product_cat-mtv-stederdorf","9":"product_cat-taschen-rucksaecke-leichtathletik-verband","10":"product_cat-taschen-rucksaecke-mtv-stederdorf","11":"product_cat-taschen-rucksaecke-tus-zetel","12":"product_cat-taschen-rucksaecke-muehlenberger-sv","13":"product_cat-taschen_rucksaecke_aligse","14":"product_cat-taschen-rucksaecke-sv-friedrichsfehn","15":"product_cat-taschen-rucksaecke-erima","16":"product_cat-vereine","17":"description-off","19":"first","20":"instock","21":"sale","22":"taxable","23":"shipping-taxable","24":"purchasable","25":"product-type-variable"},"_links":{"self":[{"href":"https:\/\/sport-goslar.de\/verein-shop\/wp-json\/wp\/v2\/product\/3217","targetHints":{"allow":["GET"]}}],"collection":[{"href":"https:\/\/sport-goslar.de\/verein-shop\/wp-json\/wp\/v2\/product"}],"about":[{"href":"https:\/\/sport-goslar.de\/verein-shop\/wp-json\/wp\/v2\/types\/product"}],"wp:featuredmedia":[{"embeddable":true,"href":"https:\/\/sport-goslar.de\/verein-shop\/wp-json\/wp\/v2\/media\/3205"}],"wp:attachment":[{"href":"https:\/\/sport-goslar.de\/verein-shop\/wp-json\/wp\/v2\/media?parent=3217"}],"wp:term":[{"taxonomy":"product_brand","embeddable":true,"href":"https:\/\/sport-goslar.de\/verein-shop\/wp-json\/wp\/v2\/product_brand?post=3217"},{"taxonomy":"product_cat","embeddable":true,"href":"https:\/\/sport-goslar.de\/verein-shop\/wp-json\/wp\/v2\/product_cat?post=3217"},{"taxonomy":"product_tag","embeddable":true,"href":"https:\/\/sport-goslar.de\/verein-shop\/wp-json\/wp\/v2\/product_tag?post=3217"}],"curies":[{"name":"wp","href":"https:\/\/api.w.org\/{rel}","templated":true}]}}