{"id":3171,"date":"2023-05-11T19:57:13","date_gmt":"2023-05-11T17:57:13","guid":{"rendered":"https:\/\/sport-goslar.de\/verein-shop\/?post_type=product&#038;p=3171"},"modified":"2025-02-21T13:30:27","modified_gmt":"2025-02-21T12:30:27","slug":"sweatjacke-kampfrichterin-2","status":"publish","type":"product","link":"https:\/\/sport-goslar.de\/verein-shop\/produkt\/sweatjacke-kampfrichterin-2\/","title":{"rendered":"Trainingsjacke NLV Kampfrichterin"},"content":{"rendered":"<p>Guten Tag, liebe Kampfrichterinnen des nieders\u00e4chsischen Leichtathletikverbandes!<\/p>\n<p>Habt ihr schon unseren brandneuen Onlineshop entdeckt? Wir sind stolz darauf, euch nicht nur die besten Produkte f\u00fcr eure Teams, sondern auch eine spezielle Auswahl f\u00fcr die Kampfrichter und Kampfrichterinnen anzubieten! Alle Artikel sind individuell mit dem NLV Kampfrichter Logo versehen, um eure Zugeh\u00f6rigkeit zu zeigen. Doch das ist noch nicht alles \u2013 wir m\u00f6chten auch anderen Leichtathletikvereinen die M\u00f6glichkeit geben, ihre eigenen individuellen Shops zu bekommen!<\/p>\n<p>Unser erfahrenes Team steht bereit, um euch bei der Erstellung eures eigenen Onlineshops zu unterst\u00fctzen \u2013 und das alles ohne zus\u00e4tzliche Kosten f\u00fcr euren Verband! Egal, ob ihr dem nieders\u00e4chsischen Leichtathletikverband angeh\u00f6rt oder einem anderen Verband, wir stehen euch allen gleicherma\u00dfen zur Seite, um sicherzustellen, dass ihr euer Team und eure Kampfrichter mit Stolz repr\u00e4sentieren k\u00f6nnt.<\/p>\n<p>Dank unserer starken Partnerschaften in der Sportartikelindustrie k\u00f6nnen wir euch erstklassige Konditionen und attraktive Sponsoring-Vereinbarungen bieten.<\/p>\n<p>Kontaktiert uns noch heute, um mehr \u00fcber die Erstellung eures eigenen Onlineshops zu erfahren.<\/p>\n<p>&nbsp;<\/p>\n<p>Wir freuen uns darauf, von euch zu h\u00f6ren und mit euch gemeinsam durchzustarten!&#8220;<\/p>\n<p>&nbsp;<\/p>\n<p>&nbsp;<\/p>\n","protected":false},"excerpt":{"rendered":"<p><strong>Erima Liga Star Polyester Trainingsjacke mit Logo und Schriftzug NLV Kampfrichterin<\/strong><\/p>\n<p>Robuste Trainingsjacke f\u00fcrs Training an k\u00fchleren Tagen aus der\u00a0 Erima Teamline Liga Star. Die Trainingsjacke LIGA STAR BY ERIMA besteht aus 100% Polyester. Mit der Polyjacke k\u00f6nnen dich auch sinkende Temperaturen nicht vom Training abhalten. Das strapazierf\u00e4hige Polyester-Material h\u00e4lt dich angenehm trocken und warm \u2013 auch bei intensiven Trainingseinheiten. Rippb\u00fcndchen und der elastische Saum sorgen daf\u00fcr, dass nichts verrutscht. Hinzu kommen seitliche Rei\u00dfverschlusstaschen f\u00fcr die wichtigen Utensilien. R\u00fcckendruck NLV Logo + Kampfrichterin (weibliche Textform)<\/p>\n<p><strong>Unisexschnittform<\/strong> f\u00e4llt eher aus wie ein normaler Herrensschnitt und nicht so klein wie ein taillierten Damenschnitt!<\/p>\n<p>WICHTIG; dieser Artikel ist nur f\u00fcr vom NLV autorisierte Kampfrichterinnen. Ware die invividuell f\u00fcr euch veredelt wird (also z.B. mit Verbandslogo, individuelle Textzus\u00e4tze z.B. Kampfrichter\/Kampfrichterrin) gilt als Sonderanfertigung und ist von einem Umtausch leider ausgeschlossen.<\/p>\n<p>Gr\u00f6\u00dfe S-4XL\u00a0 UVP 62,99 Euro inklusive Druckkosten<\/p>\n<p>Lieferzeit: ca 3-5 Wochen<\/p>\n<p>&nbsp;<\/p>\n<table border=\"1\" cellspacing=\"0\" cellpadding=\"0\">\n<tbody>\n<tr>\n<td><strong>Menge<\/strong><\/td>\n<td><strong>Preis<\/strong><\/td>\n<\/tr>\n<tr>\n<td>1 &#8211; 2<\/td>\n<td>42,99 \u20ac<\/td>\n<\/tr>\n<tr>\n<td>3 &#8211; 4<\/td>\n<td>40,99 \u20ac<\/td>\n<\/tr>\n<tr>\n<td>5 &#8211; 20<\/td>\n<td>39,99 \u20ac<\/td>\n<\/tr>\n<\/tbody>\n<\/table>\n<p>&nbsp;<\/p>\n","protected":false},"featured_media":3793,"template":"","meta":[],"product_brand":[],"product_cat":[410,409],"product_tag":[],"class_list":{"0":"post-3171","1":"product","2":"type-product","3":"status-publish","4":"has-post-thumbnail","6":"product_cat-kampfrichterinnen","7":"product_cat-leichtathletik-verband","8":"description-off","10":"first","11":"instock","12":"sale","13":"taxable","14":"shipping-taxable","15":"purchasable","16":"product-type-variable"},"_links":{"self":[{"href":"https:\/\/sport-goslar.de\/verein-shop\/wp-json\/wp\/v2\/product\/3171","targetHints":{"allow":["GET"]}}],"collection":[{"href":"https:\/\/sport-goslar.de\/verein-shop\/wp-json\/wp\/v2\/product"}],"about":[{"href":"https:\/\/sport-goslar.de\/verein-shop\/wp-json\/wp\/v2\/types\/product"}],"wp:featuredmedia":[{"embeddable":true,"href":"https:\/\/sport-goslar.de\/verein-shop\/wp-json\/wp\/v2\/media\/3793"}],"wp:attachment":[{"href":"https:\/\/sport-goslar.de\/verein-shop\/wp-json\/wp\/v2\/media?parent=3171"}],"wp:term":[{"taxonomy":"product_brand","embeddable":true,"href":"https:\/\/sport-goslar.de\/verein-shop\/wp-json\/wp\/v2\/product_brand?post=3171"},{"taxonomy":"product_cat","embeddable":true,"href":"https:\/\/sport-goslar.de\/verein-shop\/wp-json\/wp\/v2\/product_cat?post=3171"},{"taxonomy":"product_tag","embeddable":true,"href":"https:\/\/sport-goslar.de\/verein-shop\/wp-json\/wp\/v2\/product_tag?post=3171"}],"curies":[{"name":"wp","href":"https:\/\/api.w.org\/{rel}","templated":true}]}}