{"id":3159,"date":"2023-05-11T20:20:47","date_gmt":"2023-05-11T18:20:47","guid":{"rendered":"https:\/\/sport-goslar.de\/verein-shop\/?post_type=product&#038;p=3159"},"modified":"2025-02-21T13:39:37","modified_gmt":"2025-02-21T12:39:37","slug":"funktions-kampfrichterin-t-shirt","status":"publish","type":"product","link":"https:\/\/sport-goslar.de\/verein-shop\/produkt\/funktions-kampfrichterin-t-shirt\/","title":{"rendered":"Funktions Kampfrichterin T-Shirt"},"content":{"rendered":"<p>Hallo Leichtathletikfans und Kampfrichter des nieders\u00e4chsischen Leichtathletikverbandes!<\/p>\n<p>Wisst ihr schon von unserem neuen Onlineshop? Hier findet ihr nicht nur die besten Produkte f\u00fcr eure Teams, sondern auch eine spezielle Auswahl f\u00fcr die Kampfrichter und Kampfrichterinnen! Alle Artikel sind mit dem NLV Kampfrichter Logo personalisiert, um eure Zugeh\u00f6rigkeit zu unterstreichen.<\/p>\n<p>Doch das ist noch nicht alles \u2013 auch anderen Leichtathletikvereinen und Landesverb\u00e4nden m\u00f6chten wir die M\u00f6glichkeit geben, ihre eigenen individuellen Shops zu erhalten! Unser Team steht bereit, um euch bei der Erstellung eures eigenen Onlineshops zu unterst\u00fctzen \u2013 und das alles ohne zus\u00e4tzliche Kosten f\u00fcr euren Verband!<\/p>\n<p>Egal, ob ihr dem nieders\u00e4chsischen Leichtathletikverband angeh\u00f6rt oder einem anderen Verband, wir sind hier, um euch alle zu unterst\u00fctzen und sicherzustellen, dass ihr euer Team und eure Kampfrichter mit Stolz repr\u00e4sentieren k\u00f6nnt.<\/p>\n<p>Dank unserer starken Partnerschaften in der Sportartikelindustrie k\u00f6nnen wir euch erstklassige Konditionen und attraktive Sponsoring-Vereinbarungen bieten. Kontaktiert uns noch heute, um mehr \u00fcber die Erstellung eures eigenen Onlineshops zu erfahren.<\/p>\n<p>&nbsp;<\/p>\n<p>Wir freuen uns darauf, von euch zu h\u00f6ren und gemeinsam mit euch durchzustarten!<\/p>\n<p>&nbsp;<\/p>\n<p>&nbsp;<\/p>\n","protected":false},"excerpt":{"rendered":"<p><strong>Herren Funtkions T-Shirt NLV Kampfrichter<br \/>\n<\/strong><\/p>\n<p>Das Kampfrichter Shirt begeistert durch seine strapazierf\u00e4higes Obermaterial. Das leichte Funktionsmaterial zeichnet sich durch beste Atmungsaktivit\u00e4t und einen perfekten Feuchtigkeitstransport von innen nach au\u00dfen aus. Die passgenaue Form ist auf die Bewegungsphasen im Teamsport abgestimmt und unterst\u00fctzt dich optimal bei s\u00e4mtlichen Aktivit\u00e4tan. Perfekt kombinierbar mit vielen Teilen aus der aktuellern Erima Kollektion, diese findet ihr zu tollen Sonderpreisen im neuen <strong>NLV-Flyer<\/strong> (senden wir sehr gern zu)<\/p>\n<p>Gerade Herren\/Unisexschnittform<\/p>\n<p>Gr\u00f6\u00dfe S-3XL\u00a0 UVP 25,99 Euro inklusive Druckkosten<\/p>\n<p>WICHTIG; dieser Artikel ist nur f\u00fcr vom NLV autorisierte Kampfrichter. Ware die invividuell f\u00fcr euch veredelt wird (also z.B. mit Verbandslogo, individuelle Textzus\u00e4tze z.B. Kampfrichter\/Kampfrichterrin) gilt als Sonderanfertigung und ist von einem Umtausch leider ausgeschlossen.<\/p>\n<p>Lieferzeit: ca 2-4 Wochen<\/p>\n<p>&nbsp;<\/p>\n<table border=\"1\" cellspacing=\"0\" cellpadding=\"0\">\n<tbody>\n<tr>\n<td><strong>Menge<\/strong><\/td>\n<td><strong>Preis<\/strong><\/td>\n<\/tr>\n<tr>\n<td>1 &#8211; 2<\/td>\n<td>21,99 \u20ac<\/td>\n<\/tr>\n<tr>\n<td>3 &#8211; 4<\/td>\n<td>19,99 \u20ac<\/td>\n<\/tr>\n<tr>\n<td>5 &#8211; 20<\/td>\n<td>17,99 \u20ac<\/td>\n<\/tr>\n<\/tbody>\n<\/table>\n<p><strong>Unisex Funtkions T-Shirt NLV Kampfrichterin<br \/>\n<\/strong><\/p>\n<p>Das Kampfrichter Shirt begeistert durch seine strapazierf\u00e4higes Obermaterial. Das leichte Funktionsmaterial zeichnet sich durch beste Atmungsaktivit\u00e4t und einen perfekten Feuchtigkeitstransport von innen nach au\u00dfen aus. Die passgenaue Form ist auf die Bewegungsphasen im Teamsport abgestimmt und unterst\u00fctzt dich optimal bei s\u00e4mtlichen Aktivit\u00e4tan. Perfekt kombinierbar mit vielen Teilen aus der aktuellern Erima Kollektion, diese findet ihr zu tollen Sonderpreisen im neuen <strong>NLV-Flyer<\/strong> (senden wir sehr gern zu)<\/p>\n<p>Gerade Herren\/Unisexschnittform<\/p>\n<p>Gr\u00f6\u00dfe S-3XL\u00a0 UVP 25,99 Euro inklusive Druckkosten<\/p>\n<p>WICHTIG; dieser Artikel ist nur f\u00fcr vom NLV autorisierte Kampfrichter<\/p>\n<p>Lieferzeit: ca 2-4 Wochen<\/p>\n<p>&nbsp;<\/p>\n<table border=\"1\" cellspacing=\"0\" cellpadding=\"0\">\n<tbody>\n<tr>\n<td><strong>Menge<\/strong><\/td>\n<td><strong>Preis<\/strong><\/td>\n<\/tr>\n<tr>\n<td>1 &#8211; 2<\/td>\n<td>21,99 \u20ac<\/td>\n<\/tr>\n<tr>\n<td>3 &#8211; 4<\/td>\n<td>19,99 \u20ac<\/td>\n<\/tr>\n<tr>\n<td>5 &#8211; 20<\/td>\n<td>17,99 \u20ac<\/td>\n<\/tr>\n<\/tbody>\n<\/table>\n<p>&nbsp;<\/p>\n<p>&nbsp;<\/p>\n","protected":false},"featured_media":2782,"template":"","meta":[],"product_brand":[],"product_cat":[410,409],"product_tag":[],"class_list":{"0":"post-3159","1":"product","2":"type-product","3":"status-publish","4":"has-post-thumbnail","6":"product_cat-kampfrichterinnen","7":"product_cat-leichtathletik-verband","8":"description-off","10":"first","11":"instock","12":"sale","13":"taxable","14":"shipping-taxable","15":"purchasable","16":"product-type-variable"},"_links":{"self":[{"href":"https:\/\/sport-goslar.de\/verein-shop\/wp-json\/wp\/v2\/product\/3159","targetHints":{"allow":["GET"]}}],"collection":[{"href":"https:\/\/sport-goslar.de\/verein-shop\/wp-json\/wp\/v2\/product"}],"about":[{"href":"https:\/\/sport-goslar.de\/verein-shop\/wp-json\/wp\/v2\/types\/product"}],"wp:featuredmedia":[{"embeddable":true,"href":"https:\/\/sport-goslar.de\/verein-shop\/wp-json\/wp\/v2\/media\/2782"}],"wp:attachment":[{"href":"https:\/\/sport-goslar.de\/verein-shop\/wp-json\/wp\/v2\/media?parent=3159"}],"wp:term":[{"taxonomy":"product_brand","embeddable":true,"href":"https:\/\/sport-goslar.de\/verein-shop\/wp-json\/wp\/v2\/product_brand?post=3159"},{"taxonomy":"product_cat","embeddable":true,"href":"https:\/\/sport-goslar.de\/verein-shop\/wp-json\/wp\/v2\/product_cat?post=3159"},{"taxonomy":"product_tag","embeddable":true,"href":"https:\/\/sport-goslar.de\/verein-shop\/wp-json\/wp\/v2\/product_tag?post=3159"}],"curies":[{"name":"wp","href":"https:\/\/api.w.org\/{rel}","templated":true}]}}