{"id":3147,"date":"2024-01-20T21:42:42","date_gmt":"2024-01-20T20:42:42","guid":{"rendered":"https:\/\/sport-goslar.de\/verein-shop\/?post_type=product&#038;p=3147"},"modified":"2025-01-10T17:38:56","modified_gmt":"2025-01-10T16:38:56","slug":"herren-performance-t-shirt-inkl-brustwappen-tus-zetel","status":"publish","type":"product","link":"https:\/\/sport-goslar.de\/verein-shop\/produkt\/herren-performance-t-shirt-inkl-brustwappen-tus-zetel\/","title":{"rendered":"Herren Performance T-Shirt inkl. Brustwappen TuS Zetel"},"content":{"rendered":"<p>Bitte beachtet das es sich bei individualisierten Artikeln die mit Namen, Nummern oder Sponsorenlogos versehen sind um Sonderanfertigungen handelt. Diese Artikel k\u00f6nnen leider nicht umgetauscht werden.<\/p>\n<p>Da es sich um Sonderanfertigungen handelt die extra noch gedruckt werden m\u00fcssen, betr\u00e4gt je nach Saison die Lieferzeit: ca 3 &#8211; 6 Wochen<\/p>\n<p>&nbsp;<\/p>\n<p>Hallo Sportsfreunde des <strong>TuS Zetel<\/strong>!<\/p>\n<p>Es ist an der Zeit, dass auch euer Verein im digitalen Zeitalter ankommt! Unser brandneuer Onlineshop ist daf\u00fcr genau das Richtige.<\/p>\n<p>Hier k\u00f6nnt ihr nicht nur eure Vereinskollektionen pr\u00e4sentieren, sondern auch die besten Produkte f\u00fcr euer Team sichern. Und das Beste? Wir bieten auch anderen Sportvereinen die M\u00f6glichkeit, ihre eigenen individuellen Shops zu erhalten! Unser Team steht bereit, um euch bei der Gestaltung eures Shops zu unterst\u00fctzen \u2013 und das alles ohne zus\u00e4tzliche Kosten f\u00fcr euren Verein!<\/p>\n<p>Egal, ob Fu\u00dfball, Handball, Volleyball oder eine andere Sportart, wir sind hier, um euch alle zu unterst\u00fctzen und sicherzustellen, dass ihr euer Team mit Stolz repr\u00e4sentieren k\u00f6nnt. Dank unserer starken Partnerschaften in der Sportartikelindustrie k\u00f6nnen wir euch erstklassige Konditionen und attraktive Sponsoring-Vereinbarungen bieten. Kontaktiert uns noch heute, um mehr zu erfahren. Wir k\u00f6nnen es kaum erwarten, von euch zu h\u00f6ren und gemeinsam mit euch durchzustarten!&#8220;<\/p>\n","protected":false},"excerpt":{"rendered":"<div class=\"woocommerce-product-details__short-description\">\n<p><strong>\u00a0Erima Performance Funktions-Shirt inklusive Brustwappen TUS ZETEL f\u00fcr Herren<br \/>\n<\/strong><\/p>\n<div class=\"product--description\">\n<div class=\"product--description\">\n<p>Tolles Preis-Leistungverh\u00e4ltnis, sehr angenehmes, leichtes, schnelltrocknendes und feuchtigkeitsregulierendes Material, Flachn\u00e4hte f\u00fcr geringe Reibung und h\u00f6chsten Tragekomfort, Mesheins\u00e4tze an der Seite und am Schl\u00fcsselbein. Es ist aus leichtem, dehnbarem Material und folgt dadurch deinen Bewegungen. Gleichzeitig sorgt das integrierte Feuchtigkeitsmanagement und bel\u00fcftendes Mesh f\u00fcr ein angenehm k\u00fchles Tragegef\u00fchl. Lieferbar als Unisex -oder taillierter Damenschnitt.<\/p>\n<p>Gr\u00f6\u00dfe S-XXL UVP 41,99 Euro<\/p>\n<\/div>\n<\/div>\n<\/div>\n<p>Da es sich um Sonderanfertigungen handelt die extra noch gedruckt werden m\u00fcssen, betr\u00e4gt je nach Saison die Lieferzeit: ca 3 &#8211; 6 Wochen<\/p>\n<table border=\"1\" cellspacing=\"0\" cellpadding=\"0\">\n<tbody>\n<tr>\n<td><strong>Menge<\/strong><\/td>\n<td><strong>Preis<\/strong><\/td>\n<\/tr>\n<tr>\n<td>\u00a01 &#8211; 2<\/td>\n<td>29,99 \u20ac<\/td>\n<\/tr>\n<tr>\n<td>3 &#8211; 9<\/td>\n<td>27,99 \u20ac<\/td>\n<\/tr>\n<tr>\n<td>10 &#8211; 50<\/td>\n<td>24,99 \u20ac<\/td>\n<\/tr>\n<\/tbody>\n<\/table>\n<p>&nbsp;<\/p>\n","protected":false},"featured_media":3101,"template":"","meta":[],"product_brand":[],"product_cat":[215,234,419,15],"product_tag":[],"class_list":{"0":"post-3147","1":"product","2":"type-product","3":"status-publish","4":"has-post-thumbnail","6":"product_cat-erima","7":"product_cat-la-wettkampfbekleidung-erima","8":"product_cat-shirts-oberteile-tus-zetel","9":"product_cat-vereine","10":"description-off","12":"first","13":"instock","14":"sale","15":"taxable","16":"shipping-taxable","17":"purchasable","18":"product-type-variable"},"_links":{"self":[{"href":"https:\/\/sport-goslar.de\/verein-shop\/wp-json\/wp\/v2\/product\/3147","targetHints":{"allow":["GET"]}}],"collection":[{"href":"https:\/\/sport-goslar.de\/verein-shop\/wp-json\/wp\/v2\/product"}],"about":[{"href":"https:\/\/sport-goslar.de\/verein-shop\/wp-json\/wp\/v2\/types\/product"}],"wp:featuredmedia":[{"embeddable":true,"href":"https:\/\/sport-goslar.de\/verein-shop\/wp-json\/wp\/v2\/media\/3101"}],"wp:attachment":[{"href":"https:\/\/sport-goslar.de\/verein-shop\/wp-json\/wp\/v2\/media?parent=3147"}],"wp:term":[{"taxonomy":"product_brand","embeddable":true,"href":"https:\/\/sport-goslar.de\/verein-shop\/wp-json\/wp\/v2\/product_brand?post=3147"},{"taxonomy":"product_cat","embeddable":true,"href":"https:\/\/sport-goslar.de\/verein-shop\/wp-json\/wp\/v2\/product_cat?post=3147"},{"taxonomy":"product_tag","embeddable":true,"href":"https:\/\/sport-goslar.de\/verein-shop\/wp-json\/wp\/v2\/product_tag?post=3147"}],"curies":[{"name":"wp","href":"https:\/\/api.w.org\/{rel}","templated":true}]}}