{"id":3140,"date":"2024-01-20T21:14:48","date_gmt":"2024-01-20T20:14:48","guid":{"rendered":"https:\/\/sport-goslar.de\/verein-shop\/?post_type=product&#038;p=3140"},"modified":"2025-01-10T13:33:11","modified_gmt":"2025-01-10T12:33:11","slug":"basic-t-shirt-inkl-brustwappen-tus-zetel","status":"publish","type":"product","link":"https:\/\/sport-goslar.de\/verein-shop\/produkt\/basic-t-shirt-inkl-brustwappen-tus-zetel\/","title":{"rendered":"Basic T-Shirt inkl. Brustwappen TuS Zetel"},"content":{"rendered":"<p>Bitte beachtet das es sich bei individualisierten Artikeln die mit Namen, Nummern oder Sponsorenlogos versehen sind um Sonderanfertigungen handelt. Diese Artikel k\u00f6nnen leider nicht umgetauscht werden.<\/p>\n<p>Da es sich um Sonderanfertigungen handelt die extra noch gedruckt werden m\u00fcssen, betr\u00e4gt je nach Saison die Lieferzeit: ca 3 &#8211; 6 Wochen<\/p>\n<p>&nbsp;<\/p>\n<p>&nbsp;<\/p>\n<p><strong>Euer Verein. Eure Farben. Euer Onlineshop.<\/strong><\/p>\n<p>Der TuS Zetel zeigt, wie\u2019s gemacht wird: Mit einem individuellen Vereins-Onlineshop sind Trikots, Hoodies und Fanartikel nur einen Klick entfernt. Unser Service bietet:<\/p>\n<ul>\n<li><strong>Kostenfreie Erstellung und Pflege<\/strong> des Shops.<\/li>\n<li><strong>Einheitlichen Look<\/strong>, der Teamgeist st\u00e4rkt.<\/li>\n<li><strong>Attraktive Konditionen<\/strong> durch starke Partner.<\/li>\n<\/ul>\n<p>&nbsp;<\/p>\n<p>Jetzt ist euer Verein an der Reihe! Wir gestalten euren Shop nach euren Bed\u00fcrfnissen \u2013 professionell, individuell und ohne Kosten. <strong>Sichert euch euren Onlineauftritt wie der TuS Zetel!<\/strong><\/p>\n","protected":false},"excerpt":{"rendered":"<div class=\"woocommerce-product-details__short-description\">\n<p><strong> T-Shirt inklusive Brustwappen TUS ZETEL<br \/>\n<\/strong><\/p>\n<div class=\"product--description\">\n<div class=\"product--description\">\n<p>Klassisches Baumwoll T-Shirt in bew\u00e4hrter Erima Markenqualit\u00e4t. Bequemes T-Shirt f\u00fcr den Teamsport und Alltag. So sportlich und doch alltagstauglich: Das TEAMSPORT T-SHIRT ist das perfekte Basic f\u00fcrs ganze Jahr. Es ist aus weicher, strapazierf\u00e4higer Baumwolle und hat einen bequemen Rundhalsausschnitt. Im betont schlichten Design l\u00e4sst sich das Kurzarm-Shirt leicht kombinieren \u2013 und auch gut solo tragen. Verf\u00fcgbar als Unisex- oder taillierter Damenschnitt.. Passt perfekt zu allen Erima Teamsportserien. Verf\u00fcgbar als Unisexschnitt. Das T-Shirt gibt es in der Farbe navy nicht in tailliertem Damenschnitt.<\/p>\n<\/div>\n<\/div>\n<div class=\"product--description\">\n<div class=\"product--description\">\n<p>Gr\u00f6\u00dfe S &#8211; 4XL UVP 29,99 Euro<\/p>\n<p>Achtung Bildoptik kann t\u00e4uschen; <strong>Farbe: new navy = sehr dunkles blau &#8211; NICHT schwarz !<\/strong><\/p>\n<\/div>\n<\/div>\n<\/div>\n<p>Da es sich um Sonderanfertigungen handelt die extra noch gedruckt werden m\u00fcssen, betr\u00e4gt je nach Saison die Lieferzeit: ca 3 &#8211; 6 Wochen<\/p>\n<table border=\"1\" cellspacing=\"0\" cellpadding=\"0\">\n<tbody>\n<tr>\n<td><strong>Menge<\/strong><\/td>\n<td><strong>Preis<\/strong><\/td>\n<\/tr>\n<tr>\n<td>\u00a01 &#8211; 2<\/td>\n<td>22,99 \u20ac<\/td>\n<\/tr>\n<tr>\n<td>3 &#8211; 9<\/td>\n<td>19,99 \u20ac<\/td>\n<\/tr>\n<tr>\n<td>10 &#8211; 50<\/td>\n<td>17,99 \u20ac<\/td>\n<\/tr>\n<\/tbody>\n<\/table>\n<p>&nbsp;<\/p>\n","protected":false},"featured_media":3103,"template":"","meta":[],"product_brand":[],"product_cat":[215,419,15],"product_tag":[],"class_list":{"0":"post-3140","1":"product","2":"type-product","3":"status-publish","4":"has-post-thumbnail","6":"product_cat-erima","7":"product_cat-shirts-oberteile-tus-zetel","8":"product_cat-vereine","9":"description-off","11":"first","12":"instock","13":"sale","14":"taxable","15":"shipping-taxable","16":"purchasable","17":"product-type-variable"},"_links":{"self":[{"href":"https:\/\/sport-goslar.de\/verein-shop\/wp-json\/wp\/v2\/product\/3140","targetHints":{"allow":["GET"]}}],"collection":[{"href":"https:\/\/sport-goslar.de\/verein-shop\/wp-json\/wp\/v2\/product"}],"about":[{"href":"https:\/\/sport-goslar.de\/verein-shop\/wp-json\/wp\/v2\/types\/product"}],"wp:featuredmedia":[{"embeddable":true,"href":"https:\/\/sport-goslar.de\/verein-shop\/wp-json\/wp\/v2\/media\/3103"}],"wp:attachment":[{"href":"https:\/\/sport-goslar.de\/verein-shop\/wp-json\/wp\/v2\/media?parent=3140"}],"wp:term":[{"taxonomy":"product_brand","embeddable":true,"href":"https:\/\/sport-goslar.de\/verein-shop\/wp-json\/wp\/v2\/product_brand?post=3140"},{"taxonomy":"product_cat","embeddable":true,"href":"https:\/\/sport-goslar.de\/verein-shop\/wp-json\/wp\/v2\/product_cat?post=3140"},{"taxonomy":"product_tag","embeddable":true,"href":"https:\/\/sport-goslar.de\/verein-shop\/wp-json\/wp\/v2\/product_tag?post=3140"}],"curies":[{"name":"wp","href":"https:\/\/api.w.org\/{rel}","templated":true}]}}