{"id":3136,"date":"2024-01-20T20:56:59","date_gmt":"2024-01-20T19:56:59","guid":{"rendered":"https:\/\/sport-goslar.de\/verein-shop\/?post_type=product&#038;p=3136"},"modified":"2025-01-10T17:10:43","modified_gmt":"2025-01-10T16:10:43","slug":"kinder-kapuzensweat-inkl-edlem-3d-wappen","status":"publish","type":"product","link":"https:\/\/sport-goslar.de\/verein-shop\/produkt\/kinder-kapuzensweat-inkl-edlem-3d-wappen\/","title":{"rendered":"Kinder Kapuzensweat inkl. edlem 3D- Wappen"},"content":{"rendered":"<p>Bitte beachtet das es sich bei individualisierten Artikeln die mit Namen, Nummern oder Sponsorenlogos versehen sind um Sonderanfertigungen handelt. Diese Artikel k\u00f6nnen leider nicht umgetauscht werden.<\/p>\n<p>Da es sich um Sonderanfertigungen handelt die extra noch gedruckt werden m\u00fcssen, betr\u00e4gt je nach Saison die Lieferzeit: ca 3 &#8211; 6 Wochen<\/p>\n<p>&nbsp;<\/p>\n<p><strong>TUS Zetel Onlineshop<\/strong><\/p>\n<p>Individuell, professionell, einzigartig \u2013 so macht Sport Goslar Vereine stark!<br \/>\nStellt euch vor: Euer Verein l\u00e4uft in Trikots auf, die nicht nur optisch beeindrucken, sondern zu 100 % individuell gestaltet sind. Genau das macht Sport Goslar m\u00f6glich! Wir sind Spezialisten f\u00fcr individuelle Spielbekleidung, bei der Sponsorenlogos, Vereinswappen und Designelemente im Preis inbegriffen sind.<\/p>\n<p>Doch damit nicht genug: Wir bieten auch einen ma\u00dfgeschneiderten Onlineshop f\u00fcr eure Vereinskollektion. Mitglieder und Fans k\u00f6nnen ihre Lieblingsartikel ganz einfach online bestellen \u2013 jederzeit und \u00fcberall.<\/p>\n<p>Warum Sport Goslar?<br \/>\n\u2022 Unvergleichliche Flexibilit\u00e4t: Wir gestalten eure Spielbekleidung nach euren Vorstellungen \u2013 einzigartig wie euer Verein!<br \/>\n\u2022 Perfekter Service: Neben der Bekleidung erstellen wir kostenlos einen Onlineshop f\u00fcr eure Vereinskollektion.<br \/>\n\u2022 Sensationelle Preise: Qualit\u00e4t und Individualit\u00e4t m\u00fcssen nicht teuer sein \u2013 bei uns ist alles inklusive, von Sponsorenlogos bis zum Wappen.<\/p>\n<p>Mit Sport Goslar ist euer Verein bestens ausgestattet \u2013 f\u00fcr das Spielfeld, die Fans und dar\u00fcber hinaus. Lasst uns gemeinsam etwas Gro\u00dfes schaffen!<\/p>\n","protected":false},"excerpt":{"rendered":"<div class=\"woocommerce-product-details__short-description\">\n<p><strong>Kinder Hoodie inklusive edlem 3D-Brustwappen TUS ZETEL<br \/>\n<\/strong><\/p>\n<div class=\"product--description\">\n<div class=\"product--description\">\n<p>Basic Hoodie in bew\u00e4hrter erima Markenqualit\u00e4t. Weicher Baumwollmix, Rippb\u00fcndchen an \u00c4rmel und Saum, aufgesetzte K\u00e4ngurutaschen, Als Unisex- oder taillierter Damenschnitt. Passt perfekt zu allen erima Teamsportserien.<\/p>\n<\/div>\n<\/div>\n<p>Gr\u00f6\u00dfe 128-164 UVP 62,99 Euro<\/p>\n<p>Farbe: new navy = sehr dunkles blau<\/p>\n<\/div>\n<p>Da es sich um Sonderanfertigungen handelt die extra noch gedruckt werden m\u00fcssen, betr\u00e4gt je nach Saison die Lieferzeit: ca 3 &#8211; 6 Wochen<\/p>\n<table border=\"1\" cellspacing=\"0\" cellpadding=\"0\">\n<tbody>\n<tr>\n<td><strong>Menge<\/strong><\/td>\n<td><strong>Preis<\/strong><\/td>\n<\/tr>\n<tr>\n<td>\u00a01 &#8211; 2<\/td>\n<td>43,99 \u20ac<\/td>\n<\/tr>\n<tr>\n<td>3 &#8211; 9<\/td>\n<td>41,99 \u20ac<\/td>\n<\/tr>\n<tr>\n<td>10 &#8211; 50<\/td>\n<td>39,99 \u20ac<\/td>\n<\/tr>\n<\/tbody>\n<\/table>\n<p>&nbsp;<\/p>\n","protected":false},"featured_media":3096,"template":"","meta":[],"product_brand":[],"product_cat":[420,215,229,15],"product_tag":[],"class_list":{"0":"post-3136","1":"product","2":"type-product","3":"status-publish","4":"has-post-thumbnail","6":"product_cat-3d-kollektion-tus-zetel","7":"product_cat-erima","8":"product_cat-jacken-oberteile-lg-erima","9":"product_cat-vereine","10":"description-off","12":"first","13":"instock","14":"sale","15":"taxable","16":"shipping-taxable","17":"purchasable","18":"product-type-variable"},"_links":{"self":[{"href":"https:\/\/sport-goslar.de\/verein-shop\/wp-json\/wp\/v2\/product\/3136","targetHints":{"allow":["GET"]}}],"collection":[{"href":"https:\/\/sport-goslar.de\/verein-shop\/wp-json\/wp\/v2\/product"}],"about":[{"href":"https:\/\/sport-goslar.de\/verein-shop\/wp-json\/wp\/v2\/types\/product"}],"wp:featuredmedia":[{"embeddable":true,"href":"https:\/\/sport-goslar.de\/verein-shop\/wp-json\/wp\/v2\/media\/3096"}],"wp:attachment":[{"href":"https:\/\/sport-goslar.de\/verein-shop\/wp-json\/wp\/v2\/media?parent=3136"}],"wp:term":[{"taxonomy":"product_brand","embeddable":true,"href":"https:\/\/sport-goslar.de\/verein-shop\/wp-json\/wp\/v2\/product_brand?post=3136"},{"taxonomy":"product_cat","embeddable":true,"href":"https:\/\/sport-goslar.de\/verein-shop\/wp-json\/wp\/v2\/product_cat?post=3136"},{"taxonomy":"product_tag","embeddable":true,"href":"https:\/\/sport-goslar.de\/verein-shop\/wp-json\/wp\/v2\/product_tag?post=3136"}],"curies":[{"name":"wp","href":"https:\/\/api.w.org\/{rel}","templated":true}]}}