{"id":3134,"date":"2024-01-20T20:53:42","date_gmt":"2024-01-20T19:53:42","guid":{"rendered":"https:\/\/sport-goslar.de\/verein-shop\/?post_type=product&#038;p=3134"},"modified":"2025-01-10T17:13:22","modified_gmt":"2025-01-10T16:13:22","slug":"damen-kapuzensweat-inkl-edlem-3d-wappen","status":"publish","type":"product","link":"https:\/\/sport-goslar.de\/verein-shop\/produkt\/damen-kapuzensweat-inkl-edlem-3d-wappen\/","title":{"rendered":"Damen Kapuzensweat inkl. edlem 3D- Wappen"},"content":{"rendered":"<p>Bitte beachtet das es sich bei individualisierten Artikeln die mit Namen, Nummern oder Sponsorenlogos versehen sind um Sonderanfertigungen handelt. Diese Artikel k\u00f6nnen leider nicht umgetauscht werden.<\/p>\n<p>Da es sich um Sonderanfertigungen handelt die extra noch gedruckt werden m\u00fcssen, betr\u00e4gt je nach Saison die Lieferzeit: ca 3 &#8211; 6 Wochen<\/p>\n<p>&nbsp;<\/p>\n<p>&nbsp;<\/p>\n<p><strong>Sport Goslar \u2013 die Experten f\u00fcr individuelle Spielbekleidung und Vereinskollektionen des TuS Zetel!<\/strong><br \/>\nEin professioneller Auftritt beginnt mit der richtigen Ausstattung \u2013 und Sport Goslar macht es m\u00f6glich! Egal, ob ihr individuelle Trikots f\u00fcr euer Team sucht oder eine vollst\u00e4ndige Vereinskollektion, die eure Mitglieder und Fans begeistert: Wir haben die perfekte L\u00f6sung.<\/p>\n<p>Unser Highlight: Trikots, die euren Verein widerspiegeln.<\/p>\n<p>Unsere Trikots sind so individuell wie ihr selbst. Mit Sport Goslar gestaltet ihr die Spielbekleidung nach euren Vorstellungen \u2013 von den Vereinsfarben \u00fcber das Design bis hin zu Sponsorenlogos und Wappen. Und das Beste? Alles ist im Preis inbegriffen, ohne versteckte Kosten!<\/p>\n<p><strong>Zus\u00e4tzlich bieten wir:<\/strong><br \/>\n<strong>\u2022 Ma\u00dfgeschneiderte Vereinskollektionen: Perfekt abgestimmt auf euren Verein.<\/strong><br \/>\n<strong>\u2022 Einen kostenlosen Onlineshop: F\u00fcr Fans und Mitglieder, die bequem online bestellen k\u00f6nnen.<\/strong><br \/>\n<strong>\u2022 Pers\u00f6nliche Betreuung: Unser Team steht euch von der Idee bis zur Lieferung zur Seite.<\/strong><\/p>\n<p><strong>Setzt auf die Expertise von Sport Goslar \u2013 dem Spezialisten f\u00fcr Vereine, die mehr wollen. Individuell, professionell und bezahlbar!<\/strong><\/p>\n<p>&nbsp;<\/p>\n","protected":false},"excerpt":{"rendered":"<div class=\"woocommerce-product-details__short-description\">\n<p><strong>Damen Hoodie inklusive edlem 3D-Brustwappen TUS ZETEL<br \/>\n<\/strong><\/p>\n<div class=\"product--description\">\n<div class=\"product--description\">\n<p>Basic Hoodie in bew\u00e4hrter erima Markenqualit\u00e4t. Weicher Baumwollmix, Rippb\u00fcndchen an \u00c4rmel und Saum, aufgesetzte K\u00e4ngurutaschen, Als Unisex- oder taillierter Damenschnitt. Passt perfekt zu allen erima Teamsportserien.<\/p>\n<\/div>\n<\/div>\n<p>Gr\u00f6\u00dfe S &#8211; 3XL UVP 67,99 Euro<\/p>\n<p>Farbe: new navy = sehr dunkles blau<\/p>\n<\/div>\n<p>Da es sich um Sonderanfertigungen handelt die extra noch gedruckt werden m\u00fcssen, betr\u00e4gt je nach Saison die Lieferzeit: ca 3 &#8211; 6 Wochen<\/p>\n<table border=\"1\" cellspacing=\"0\" cellpadding=\"0\">\n<tbody>\n<tr>\n<td><strong>Menge<\/strong><\/td>\n<td><strong>Preis<\/strong><\/td>\n<\/tr>\n<tr>\n<td>\u00a01 &#8211; 2<\/td>\n<td>46,99 \u20ac<\/td>\n<\/tr>\n<tr>\n<td>3 &#8211; 9<\/td>\n<td>44,99 \u20ac<\/td>\n<\/tr>\n<tr>\n<td>10 &#8211; 50<\/td>\n<td>42,99 \u20ac<\/td>\n<\/tr>\n<\/tbody>\n<\/table>\n<p>&nbsp;<\/p>\n","protected":false},"featured_media":3095,"template":"","meta":[],"product_brand":[],"product_cat":[420,215,229,15],"product_tag":[],"class_list":{"0":"post-3134","1":"product","2":"type-product","3":"status-publish","4":"has-post-thumbnail","6":"product_cat-3d-kollektion-tus-zetel","7":"product_cat-erima","8":"product_cat-jacken-oberteile-lg-erima","9":"product_cat-vereine","10":"description-off","12":"first","13":"instock","14":"sale","15":"taxable","16":"shipping-taxable","17":"purchasable","18":"product-type-variable"},"_links":{"self":[{"href":"https:\/\/sport-goslar.de\/verein-shop\/wp-json\/wp\/v2\/product\/3134","targetHints":{"allow":["GET"]}}],"collection":[{"href":"https:\/\/sport-goslar.de\/verein-shop\/wp-json\/wp\/v2\/product"}],"about":[{"href":"https:\/\/sport-goslar.de\/verein-shop\/wp-json\/wp\/v2\/types\/product"}],"wp:featuredmedia":[{"embeddable":true,"href":"https:\/\/sport-goslar.de\/verein-shop\/wp-json\/wp\/v2\/media\/3095"}],"wp:attachment":[{"href":"https:\/\/sport-goslar.de\/verein-shop\/wp-json\/wp\/v2\/media?parent=3134"}],"wp:term":[{"taxonomy":"product_brand","embeddable":true,"href":"https:\/\/sport-goslar.de\/verein-shop\/wp-json\/wp\/v2\/product_brand?post=3134"},{"taxonomy":"product_cat","embeddable":true,"href":"https:\/\/sport-goslar.de\/verein-shop\/wp-json\/wp\/v2\/product_cat?post=3134"},{"taxonomy":"product_tag","embeddable":true,"href":"https:\/\/sport-goslar.de\/verein-shop\/wp-json\/wp\/v2\/product_tag?post=3134"}],"curies":[{"name":"wp","href":"https:\/\/api.w.org\/{rel}","templated":true}]}}