{"id":3129,"date":"2024-01-20T20:20:15","date_gmt":"2024-01-20T19:20:15","guid":{"rendered":"https:\/\/sport-goslar.de\/verein-shop\/?post_type=product&#038;p=3129"},"modified":"2025-01-10T17:33:11","modified_gmt":"2025-01-10T16:33:11","slug":"kapuzensweatjacke-kinder-inkl-3d-wappen-kopie","status":"publish","type":"product","link":"https:\/\/sport-goslar.de\/verein-shop\/produkt\/kapuzensweatjacke-kinder-inkl-3d-wappen-kopie\/","title":{"rendered":"Polo inkl. edlem 3D- Wappen TuS Zetel"},"content":{"rendered":"<p>Bitte beachtet das es sich bei individualisierten Artikeln die mit Namen, Nummern oder Sponsorenlogos versehen sind um Sonderanfertigungen handelt. Diese Artikel k\u00f6nnen leider nicht umgetauscht werden.<\/p>\n<p>Da es sich um Sonderanfertigungen handelt die extra noch gedruckt werden m\u00fcssen, betr\u00e4gt je nach Saison die Lieferzeit: ca 3 &#8211; 6 Wochen<\/p>\n<p>&nbsp;<\/p>\n<p><strong>Hallo liebe Sportsfreunde und Mitglieder des TuS Zetel!<\/strong><\/p>\n<p>Habt ihr schon von unserem coolen neuen Onlineshop geh\u00f6rt? Wir haben ihn speziell f\u00fcr euren Verein entwickelt, damit ihr eure Vereinskollektionen online pr\u00e4sentieren und die besten Produkte f\u00fcr euer Team sichern k\u00f6nnt. Aber wisst ihr was? Das gilt nicht nur f\u00fcr euch! Auch andere Sportvereine k\u00f6nnen von unserem Service profitieren und ihre eigenen individuellen Shops erhalten! Unser Team steht bereit, um euch bei der Gestaltung eures Shops zu unterst\u00fctzen \u2013 und das alles ohne zus\u00e4tzliche Kosten f\u00fcr euren Verein! Egal, ob Fu\u00dfball, Handball, Volleyball oder eine andere Sportart, wir sind hier, um euch alle zu unterst\u00fctzen und sicherzustellen, dass ihr euer Team mit Stolz repr\u00e4sentieren k\u00f6nnt. Dank unserer starken Partnerschaften in der Sportartikelindustrie k\u00f6nnen wir euch erstklassige Konditionen und attraktive Sponsoring-Vereinbarungen bieten. Lasst uns gemeinsam euren Teamgeist st\u00e4rken und eure Vereinskollektionen auf ein neues Level bringen! Kontaktiert uns noch heute, um mehr dar\u00fcber zu erfahren, wie wir euch bei der Erstellung eures eigenen Onlineshops unterst\u00fctzen k\u00f6nnen. Wir freuen uns darauf, von euch zu h\u00f6ren und mit euch zusammen durchzustarten!<\/p>\n","protected":false},"excerpt":{"rendered":"<div class=\"woocommerce-product-details__short-description\">\n<p><strong>Polohemd inklusive edlem 3D-Brustwappen TUS ZETEL<br \/>\n<\/strong><\/p>\n<div class=\"product--description\">\n<div class=\"product--description\">\n<p>Klassisches Baumwoll-Polo-Pique des Reutlinger Markenhersteller Erima. Sehr hochwertiges Polohemd mit Ripp-Kragen. Gewicht ca. 210 g\/m\u00b2, modisches \u00c4rmelb\u00fcndchen, angenehmes und hautfreundliches Tragegef\u00fchl, 95% Baumwolle, 5% Elasthan. Verf\u00fcgbar als Unisexschnitt. Das Polo gibt es in der Farbe navy nicht in tailliertem Damenschnitt.<\/p>\n<\/div>\n<\/div>\n<p>Gr\u00f6\u00dfe S &#8211; 4XL UVP 46,99 Euro<\/p>\n<p>Achtung Bildoptik kann t\u00e4uschen; <strong>Farbe: new navy = sehr dunkles blau &#8211; NICHT schwarz !<\/strong><\/p>\n<\/div>\n<p>Da es sich um Sonderanfertigungen handelt die extra noch gedruckt werden m\u00fcssen, betr\u00e4gt je nach Saison die Lieferzeit: ca 3 &#8211; 6 Wochen<\/p>\n<table border=\"1\" cellspacing=\"0\" cellpadding=\"0\">\n<tbody>\n<tr>\n<td><strong>Menge<\/strong><\/td>\n<td><strong>Preis<\/strong><\/td>\n<\/tr>\n<tr>\n<td>\u00a01 &#8211; 2<\/td>\n<td>34,99 \u20ac<\/td>\n<\/tr>\n<tr>\n<td>3 &#8211; 9<\/td>\n<td>32,99 \u20ac<\/td>\n<\/tr>\n<tr>\n<td>10 &#8211; 50<\/td>\n<td>31,99 \u20ac<\/td>\n<\/tr>\n<\/tbody>\n<\/table>\n<p>&nbsp;<\/p>\n","protected":false},"featured_media":3094,"template":"","meta":[],"product_brand":[],"product_cat":[420,215,229,419,15],"product_tag":[],"class_list":{"0":"post-3129","1":"product","2":"type-product","3":"status-publish","4":"has-post-thumbnail","6":"product_cat-3d-kollektion-tus-zetel","7":"product_cat-erima","8":"product_cat-jacken-oberteile-lg-erima","9":"product_cat-shirts-oberteile-tus-zetel","10":"product_cat-vereine","11":"description-off","13":"first","14":"instock","15":"sale","16":"taxable","17":"shipping-taxable","18":"purchasable","19":"product-type-variable"},"_links":{"self":[{"href":"https:\/\/sport-goslar.de\/verein-shop\/wp-json\/wp\/v2\/product\/3129","targetHints":{"allow":["GET"]}}],"collection":[{"href":"https:\/\/sport-goslar.de\/verein-shop\/wp-json\/wp\/v2\/product"}],"about":[{"href":"https:\/\/sport-goslar.de\/verein-shop\/wp-json\/wp\/v2\/types\/product"}],"wp:featuredmedia":[{"embeddable":true,"href":"https:\/\/sport-goslar.de\/verein-shop\/wp-json\/wp\/v2\/media\/3094"}],"wp:attachment":[{"href":"https:\/\/sport-goslar.de\/verein-shop\/wp-json\/wp\/v2\/media?parent=3129"}],"wp:term":[{"taxonomy":"product_brand","embeddable":true,"href":"https:\/\/sport-goslar.de\/verein-shop\/wp-json\/wp\/v2\/product_brand?post=3129"},{"taxonomy":"product_cat","embeddable":true,"href":"https:\/\/sport-goslar.de\/verein-shop\/wp-json\/wp\/v2\/product_cat?post=3129"},{"taxonomy":"product_tag","embeddable":true,"href":"https:\/\/sport-goslar.de\/verein-shop\/wp-json\/wp\/v2\/product_tag?post=3129"}],"curies":[{"name":"wp","href":"https:\/\/api.w.org\/{rel}","templated":true}]}}