{"id":3127,"date":"2024-01-20T20:04:50","date_gmt":"2024-01-20T19:04:50","guid":{"rendered":"https:\/\/sport-goslar.de\/verein-shop\/?post_type=product&#038;p=3127"},"modified":"2025-01-10T16:38:00","modified_gmt":"2025-01-10T15:38:00","slug":"kapuzensweatjacke-kinder-inkl-3d-wappen","status":"publish","type":"product","link":"https:\/\/sport-goslar.de\/verein-shop\/produkt\/kapuzensweatjacke-kinder-inkl-3d-wappen\/","title":{"rendered":"Kapuzensweatjacke Kinder inkl. 3D- Wappen"},"content":{"rendered":"<p>Bitte beachtet das es sich bei individualisierten Artikeln die mit Namen, Nummern oder Sponsorenlogos versehen sind um Sonderanfertigungen handelt. Diese Artikel k\u00f6nnen leider nicht umgetauscht werden.<\/p>\n<p>Da es sich um Sonderanfertigungen handelt die extra noch gedruckt werden m\u00fcssen, betr\u00e4gt je nach Saison die Lieferzeit: ca 3 &#8211; 6 Wochen<\/p>\n<p>&nbsp;<\/p>\n<p>Der TUS Zetel hat ihn schon \u2013 jetzt seid ihr dran!<br \/>\nIhr m\u00f6chtet eure Vereinskollektion modern und einfach zug\u00e4nglich machen? Dann braucht ihr einen Onlineshop, der \u00fcberzeugt. Der TuS Zetel nutzt bereits unseren kostenlosen Service und bietet Mitgliedern und Fans eine Plattform, um Produkte schnell und bequem zu bestellen.<\/p>\n<p>Das bieten wir:<br \/>\n\u2022 Ein Shop, individuell f\u00fcr euren Verein entwickelt.<br \/>\n\u2022 Pflege, Programmierung und Sonderpreise \u2013 alles inklusive.<br \/>\n\u2022 Einheitlicher Auftritt f\u00fcr Teamgeist und Identifikation.<\/p>\n<p>Kontaktieren Sie uns noch heute, und wir setzen Ihren Verein ins beste Licht \u2013 online, kostenlos und professionell!<\/p>\n<p>&nbsp;<\/p>\n","protected":false},"excerpt":{"rendered":"<div class=\"woocommerce-product-details__short-description\">\n<p><strong>Kinder Kapuzenjacke Change inklusive edlem 3D-Brustwappen TUS ZETEL<br \/>\n<\/strong><\/p>\n<div class=\"product--description\">\n<div class=\"product--description\">\n<p>L\u00e4ssige Kapuzenjacke aus der neuen Erima Teamline Change die aus nachhaltigen Materialien produziert wird. Die Erima CHANGE TRAININGSJACKE MIT KAPUZE besteht aus weichem, elastischen Funktionsmaterial. Dadurch bietet sie beim Sport die n\u00f6tige Bewegungsfreiheit. Trotzdem f\u00fchlt sich die Trainingsjacke baumwollweich an. Rippb\u00fcndchen am Saum und den \u00c4rmeln erg\u00e4nzen die bequeme Passform. Rei\u00dfverschlusstaschen an der Seite bieten Stauraum f\u00fcr kleine Dinge.<\/p>\n<\/div>\n<\/div>\n<p>Gr\u00f6\u00dfe 128 &#8211; 164 UVP 76,99 Euro<\/p>\n<\/div>\n<p>Da es sich um Sonderanfertigungen handelt die extra noch gedruckt werden m\u00fcssen, betr\u00e4gt je nach Saison die Lieferzeit: ca 3 &#8211; 6 Wochen<\/p>\n<table border=\"1\" cellspacing=\"0\" cellpadding=\"0\">\n<tbody>\n<tr>\n<td><strong>Menge<\/strong><\/td>\n<td><strong>Preis<\/strong><\/td>\n<\/tr>\n<tr>\n<td>\u00a01 &#8211; 2<\/td>\n<td>52,99 \u20ac<\/td>\n<\/tr>\n<tr>\n<td>3 &#8211; 9<\/td>\n<td>50,99 \u20ac<\/td>\n<\/tr>\n<tr>\n<td>10 &#8211; 50<\/td>\n<td>49,99 \u20ac<\/td>\n<\/tr>\n<\/tbody>\n<\/table>\n<p>&nbsp;<\/p>\n","protected":false},"featured_media":3156,"template":"","meta":[],"product_brand":[],"product_cat":[420,215,229,419,15],"product_tag":[],"class_list":{"0":"post-3127","1":"product","2":"type-product","3":"status-publish","4":"has-post-thumbnail","6":"product_cat-3d-kollektion-tus-zetel","7":"product_cat-erima","8":"product_cat-jacken-oberteile-lg-erima","9":"product_cat-shirts-oberteile-tus-zetel","10":"product_cat-vereine","11":"description-off","13":"first","14":"instock","15":"sale","16":"taxable","17":"shipping-taxable","18":"purchasable","19":"product-type-variable"},"_links":{"self":[{"href":"https:\/\/sport-goslar.de\/verein-shop\/wp-json\/wp\/v2\/product\/3127","targetHints":{"allow":["GET"]}}],"collection":[{"href":"https:\/\/sport-goslar.de\/verein-shop\/wp-json\/wp\/v2\/product"}],"about":[{"href":"https:\/\/sport-goslar.de\/verein-shop\/wp-json\/wp\/v2\/types\/product"}],"wp:featuredmedia":[{"embeddable":true,"href":"https:\/\/sport-goslar.de\/verein-shop\/wp-json\/wp\/v2\/media\/3156"}],"wp:attachment":[{"href":"https:\/\/sport-goslar.de\/verein-shop\/wp-json\/wp\/v2\/media?parent=3127"}],"wp:term":[{"taxonomy":"product_brand","embeddable":true,"href":"https:\/\/sport-goslar.de\/verein-shop\/wp-json\/wp\/v2\/product_brand?post=3127"},{"taxonomy":"product_cat","embeddable":true,"href":"https:\/\/sport-goslar.de\/verein-shop\/wp-json\/wp\/v2\/product_cat?post=3127"},{"taxonomy":"product_tag","embeddable":true,"href":"https:\/\/sport-goslar.de\/verein-shop\/wp-json\/wp\/v2\/product_tag?post=3127"}],"curies":[{"name":"wp","href":"https:\/\/api.w.org\/{rel}","templated":true}]}}