{"id":3125,"date":"2024-01-20T19:57:24","date_gmt":"2024-01-20T18:57:24","guid":{"rendered":"https:\/\/sport-goslar.de\/verein-shop\/?post_type=product&#038;p=3125"},"modified":"2025-01-10T13:32:06","modified_gmt":"2025-01-10T12:32:06","slug":"kapuzensweatjacke-damen-inkl-3d-wappen","status":"publish","type":"product","link":"https:\/\/sport-goslar.de\/verein-shop\/produkt\/kapuzensweatjacke-damen-inkl-3d-wappen\/","title":{"rendered":"Kapuzensweatjacke Damen inkl. 3D- Wappen"},"content":{"rendered":"<p>Bitte beachtet das es sich bei individualisierten Artikeln die mit Namen, Nummern oder Sponsorenlogos versehen sind um Sonderanfertigungen handelt. Diese Artikel k\u00f6nnen leider nicht umgetauscht werden.<\/p>\n<p>Da es sich um Sonderanfertigungen handelt die extra noch gedruckt werden m\u00fcssen, betr\u00e4gt je nach Saison die Lieferzeit: ca 3 &#8211; 6 Wochen<\/p>\n<p>&nbsp;<\/p>\n<p>Euer Verein m\u00f6chte professionell auftreten? Dann seid ihr hier genau richtig. Der<strong> TuS Zetel<\/strong> nutzt bereits unseren kostenlosen Onlineshop, um seine Vereinskollektion online zu pr\u00e4sentieren \u2013 individuell, modern und passgenau f\u00fcr Mitglieder und Fans.<\/p>\n<p>&nbsp;<\/p>\n<p>Was wir bieten:<\/p>\n<ul>\n<li><strong>Kostenloser Shop-Service<\/strong>: Wir erstellen und pflegen euren Shop.<\/li>\n<li><strong>Beste Preise<\/strong>: Dank Partnerschaften mit f\u00fchrenden Herstellern.<\/li>\n<li><strong>Pers\u00f6nliche Betreuung<\/strong>: Von der Artikelauswahl bis zur Beflockung.<\/li>\n<\/ul>\n<p>&nbsp;<\/p>\n<p>Jetzt seid ihr dran! Kontaktiert uns und startet mit eurem eigenen Vereins-Onlineshop \u2013 wie der TuS Zetel es vorgemacht hat.<\/p>\n","protected":false},"excerpt":{"rendered":"<div class=\"woocommerce-product-details__short-description\">\n<p><strong>Damen Kapuzenjacke Change inklusive edlem 3D-Brustwappen TUS ZETEL<br \/>\n<\/strong><\/p>\n<div class=\"product--description\">\n<div class=\"product--description\">\n<p>L\u00e4ssige Kapuzenjacke aus der neuen Erima Teamline Change die aus nachhaltigen Materialien produziert wird. Die Erima CHANGE TRAININGSJACKE MIT KAPUZE besteht aus weichem, elastischen Funktionsmaterial. Dadurch bietet sie beim Sport die n\u00f6tige Bewegungsfreiheit. Trotzdem f\u00fchlt sich die Trainingsjacke baumwollweich an. Rippb\u00fcndchen am Saum und den \u00c4rmeln erg\u00e4nzen die bequeme Passform. Rei\u00dfverschlusstaschen an der Seite bieten Stauraum f\u00fcr kleine Dinge. Taillierter Damenschnitt!<\/p>\n<\/div>\n<\/div>\n<p>Gr\u00f6\u00dfe 34-44 bis 3XL UVP 82,99 Euro<\/p>\n<\/div>\n<p>Da es sich um Sonderanfertigungen handelt die extra noch gedruckt werden m\u00fcssen, betr\u00e4gt je nach Saison die Lieferzeit: ca 3 &#8211; 6 Wochen<\/p>\n<table border=\"1\" cellspacing=\"0\" cellpadding=\"0\">\n<tbody>\n<tr>\n<td><strong>Menge<\/strong><\/td>\n<td><strong>Preis<\/strong><\/td>\n<\/tr>\n<tr>\n<td>\u00a01 &#8211; 2<\/td>\n<td>57,99 \u20ac<\/td>\n<\/tr>\n<tr>\n<td>3 &#8211; 9<\/td>\n<td>54,99 \u20ac<\/td>\n<\/tr>\n<tr>\n<td>10 &#8211; 50<\/td>\n<td>52,99 \u20ac<\/td>\n<\/tr>\n<\/tbody>\n<\/table>\n<p>&nbsp;<\/p>\n","protected":false},"featured_media":3157,"template":"","meta":[],"product_brand":[],"product_cat":[420,215,229,419,15],"product_tag":[],"class_list":{"0":"post-3125","1":"product","2":"type-product","3":"status-publish","4":"has-post-thumbnail","6":"product_cat-3d-kollektion-tus-zetel","7":"product_cat-erima","8":"product_cat-jacken-oberteile-lg-erima","9":"product_cat-shirts-oberteile-tus-zetel","10":"product_cat-vereine","11":"description-off","13":"first","14":"instock","15":"sale","16":"taxable","17":"shipping-taxable","18":"purchasable","19":"product-type-variable"},"_links":{"self":[{"href":"https:\/\/sport-goslar.de\/verein-shop\/wp-json\/wp\/v2\/product\/3125","targetHints":{"allow":["GET"]}}],"collection":[{"href":"https:\/\/sport-goslar.de\/verein-shop\/wp-json\/wp\/v2\/product"}],"about":[{"href":"https:\/\/sport-goslar.de\/verein-shop\/wp-json\/wp\/v2\/types\/product"}],"wp:featuredmedia":[{"embeddable":true,"href":"https:\/\/sport-goslar.de\/verein-shop\/wp-json\/wp\/v2\/media\/3157"}],"wp:attachment":[{"href":"https:\/\/sport-goslar.de\/verein-shop\/wp-json\/wp\/v2\/media?parent=3125"}],"wp:term":[{"taxonomy":"product_brand","embeddable":true,"href":"https:\/\/sport-goslar.de\/verein-shop\/wp-json\/wp\/v2\/product_brand?post=3125"},{"taxonomy":"product_cat","embeddable":true,"href":"https:\/\/sport-goslar.de\/verein-shop\/wp-json\/wp\/v2\/product_cat?post=3125"},{"taxonomy":"product_tag","embeddable":true,"href":"https:\/\/sport-goslar.de\/verein-shop\/wp-json\/wp\/v2\/product_tag?post=3125"}],"curies":[{"name":"wp","href":"https:\/\/api.w.org\/{rel}","templated":true}]}}