{"id":3122,"date":"2024-01-20T19:38:45","date_gmt":"2024-01-20T18:38:45","guid":{"rendered":"https:\/\/sport-goslar.de\/verein-shop\/?post_type=product&#038;p=3122"},"modified":"2025-01-10T16:39:12","modified_gmt":"2025-01-10T15:39:12","slug":"kapuzensweatjacke-herren-inkl-3d-wappen","status":"publish","type":"product","link":"https:\/\/sport-goslar.de\/verein-shop\/produkt\/kapuzensweatjacke-herren-inkl-3d-wappen\/","title":{"rendered":"Kapuzensweatjacke Herren inkl. 3D- Wappen"},"content":{"rendered":"<p>Bitte beachtet das es sich bei individualisierten Artikeln die mit Namen, Nummern oder Sponsorenlogos versehen sind um Sonderanfertigungen handelt. Diese Artikel k\u00f6nnen leider nicht umgetauscht werden.<\/p>\n<p>Da es sich um Sonderanfertigungen handelt die extra noch gedruckt werden m\u00fcssen, betr\u00e4gt je nach Saison die Lieferzeit: ca 3 &#8211; 6 Wochen<\/p>\n<p>&nbsp;<\/p>\n<p><strong>Gemeinsam mehr erreichen \u2013 mit einem Onlineshop wie beim TuS Zetel!<\/strong><br \/>\nEin Verein ist mehr als nur Sport \u2013 er steht f\u00fcr Gemeinschaft, Teamgeist und Identifikation. Genau deshalb hat der <strong>TuS Zetel<\/strong> auf uns gesetzt: Mit einem individuellen Onlineshop wird die Vereinskollektion f\u00fcr jedes Mitglied einfach zug\u00e4nglich.<\/p>\n<p>Was uns ausmacht:<br \/>\n\u2022 Ma\u00dfgeschneiderte Designs, perfekt auf euren Verein abgestimmt.<br \/>\n\u2022 Zeitersparnis: Mitglieder bestellen direkt, Ehrenamtliche haben weniger Aufwand.<br \/>\n\u2022 Stolz und Zusammenhalt: Einheitliche Outfits st\u00e4rken den Teamgeist.<\/p>\n<p>Werdet Teil dieser Erfolgsgeschichte und pr\u00e4sentiert euren Verein online genauso professionell wie auf dem Spielfeld. <strong>TuS Zetel<\/strong> macht\u2019s vor \u2013 wann startet ihr?<\/p>\n","protected":false},"excerpt":{"rendered":"<div class=\"woocommerce-product-details__short-description\">\n<p><strong>Herren Kapuzenjacke Change inklusive edlem 3D-Brustwappen TUS ZETEL<br \/>\n<\/strong><\/p>\n<div class=\"product--description\">\n<div class=\"product--description\">\n<p>L\u00e4ssige Kapuzenjacke aus der neuen Erima Teamline Change die aus nachhaltigen Materialien produziert wird. Die Erima CHANGE TRAININGSJACKE MIT KAPUZE besteht aus weichem, elastischen Funktionsmaterial. Dadurch bietet sie beim Sport die n\u00f6tige Bewegungsfreiheit. Trotzdem f\u00fchlt sich die Trainingsjacke baumwollweich an. Rippb\u00fcndchen am Saum und den \u00c4rmeln erg\u00e4nzen die bequeme Passform. Rei\u00dfverschlusstaschen an der Seite bieten Stauraum f\u00fcr kleine Dinge. Als Unisexschnittform f\u00fcr Herren und Kinder oder als taillierter Damenschnitt.<\/p>\n<\/div>\n<\/div>\n<p>Gr\u00f6\u00dfe S bis 3XL UVP 82,99 Euro<\/p>\n<\/div>\n<p>Da es sich um Sonderanfertigungen handelt die extra noch gedruckt werden m\u00fcssen, betr\u00e4gt je nach Saison die Lieferzeit: ca 3 &#8211; 6 Wochen<\/p>\n<table border=\"1\" cellspacing=\"0\" cellpadding=\"0\">\n<tbody>\n<tr>\n<td><strong>Menge<\/strong><\/td>\n<td><strong>Preis<\/strong><\/td>\n<\/tr>\n<tr>\n<td>\u00a01 &#8211; 2<\/td>\n<td>57,99 \u20ac<\/td>\n<\/tr>\n<tr>\n<td>3 &#8211; 9<\/td>\n<td>54,99 \u20ac<\/td>\n<\/tr>\n<tr>\n<td>10 &#8211; 50<\/td>\n<td>52,99 \u20ac<\/td>\n<\/tr>\n<\/tbody>\n<\/table>\n<p>&nbsp;<\/p>\n","protected":false},"featured_media":3156,"template":"","meta":[],"product_brand":[],"product_cat":[420,215,229,419,15],"product_tag":[],"class_list":{"0":"post-3122","1":"product","2":"type-product","3":"status-publish","4":"has-post-thumbnail","6":"product_cat-3d-kollektion-tus-zetel","7":"product_cat-erima","8":"product_cat-jacken-oberteile-lg-erima","9":"product_cat-shirts-oberteile-tus-zetel","10":"product_cat-vereine","11":"description-off","13":"first","14":"instock","15":"sale","16":"taxable","17":"shipping-taxable","18":"purchasable","19":"product-type-variable"},"_links":{"self":[{"href":"https:\/\/sport-goslar.de\/verein-shop\/wp-json\/wp\/v2\/product\/3122","targetHints":{"allow":["GET"]}}],"collection":[{"href":"https:\/\/sport-goslar.de\/verein-shop\/wp-json\/wp\/v2\/product"}],"about":[{"href":"https:\/\/sport-goslar.de\/verein-shop\/wp-json\/wp\/v2\/types\/product"}],"wp:featuredmedia":[{"embeddable":true,"href":"https:\/\/sport-goslar.de\/verein-shop\/wp-json\/wp\/v2\/media\/3156"}],"wp:attachment":[{"href":"https:\/\/sport-goslar.de\/verein-shop\/wp-json\/wp\/v2\/media?parent=3122"}],"wp:term":[{"taxonomy":"product_brand","embeddable":true,"href":"https:\/\/sport-goslar.de\/verein-shop\/wp-json\/wp\/v2\/product_brand?post=3122"},{"taxonomy":"product_cat","embeddable":true,"href":"https:\/\/sport-goslar.de\/verein-shop\/wp-json\/wp\/v2\/product_cat?post=3122"},{"taxonomy":"product_tag","embeddable":true,"href":"https:\/\/sport-goslar.de\/verein-shop\/wp-json\/wp\/v2\/product_tag?post=3122"}],"curies":[{"name":"wp","href":"https:\/\/api.w.org\/{rel}","templated":true}]}}