{"id":3120,"date":"2024-01-20T18:01:32","date_gmt":"2024-01-20T17:01:32","guid":{"rendered":"https:\/\/sport-goslar.de\/verein-shop\/?post_type=product&#038;p=3120"},"modified":"2025-01-10T17:42:06","modified_gmt":"2025-01-10T16:42:06","slug":"erima-racing-t-shirt-inkl-vereinswappen-kinder-2","status":"publish","type":"product","link":"https:\/\/sport-goslar.de\/verein-shop\/produkt\/erima-racing-t-shirt-inkl-vereinswappen-kinder-2\/","title":{"rendered":"Erima Racing T-Shirt inkl. Vereinswappen Kinder"},"content":{"rendered":"<p>Bitte beachtet das es sich bei individualisierten Artikeln die mit Namen, Nummern oder Sponsorenlogos versehen sind um Sonderanfertigungen handelt. Diese Artikel k\u00f6nnen leider nicht umgetauscht werden.<\/p>\n<p>Da es sich um Sonderanfertigungen handelt die extra noch gedruckt werden m\u00fcssen, betr\u00e4gt je nach Saison die Lieferzeit: ca 3 &#8211; 6 Wochen<\/p>\n<p>&nbsp;<\/p>\n<p><strong>Hallo Sportfreunde und Mitglieder des TuS Zetel!<\/strong><\/p>\n<p>Wir freuen uns, euch unseren neuen Onlineshop pr\u00e4sentieren zu k\u00f6nnen, der speziell f\u00fcr euren Verein konzipiert wurde! Hier habt ihr die M\u00f6glichkeit, eure Vereinskollektionen online zu pr\u00e4sentieren und die besten Produkte f\u00fcr euer Team zu sichern. Und das Beste daran? Wir bieten auch anderen Sportvereinen die M\u00f6glichkeit, einen individuellen Shop zu erhalten!<\/p>\n<p>Unser erfahrenes Team steht bereit, um euren Verein oder euer Team pers\u00f6nlich zu beraten und den perfekten Onlineshop zu gestalten. Dabei entstehen f\u00fcr euch keinerlei zus\u00e4tzliche Kosten! Egal, ob Fu\u00dfball, Handball, Volleyball oder eine andere Sportart, wir sind hier, um euch alle zu unterst\u00fctzen und sicherzustellen, dass ihr euer Team mit Stolz repr\u00e4sentieren k\u00f6nnt. Dank unserer langj\u00e4hrigen Partnerschaften in der Sportartikelindustrie k\u00f6nnen wir euch erstklassige Konditionen und attraktive Sponsoring-Vereinbarungen bieten.<\/p>\n<p>Lasst uns gemeinsam euren Teamgeist st\u00e4rken und eure Vereinskollektionen auf ein neues Level bringen! Kontaktiert uns noch heute, um mehr \u00fcber die Erstellung eures eigenen Onlineshops zu erfahren. Wir freuen uns darauf, von euch zu h\u00f6ren und gemeinsam mit euch durchzustarten!<\/p>\n","protected":false},"excerpt":{"rendered":"<div class=\"woocommerce-product-details__short-description\">\n<p><strong>Kinder LA Shirt inkl. Brustwappen TuS Zetel<br \/>\n<\/strong><\/p>\n<p>Ob Aufw\u00e4rmen, Weitsprung oder Speerwurf, in dem RACING T-SHIRT BY ERIMA \u00fcberzeugst du auf jeder Kampfbahn. Das zu 91% recycelte Polyester leitet die Feuchtigkeit ab und trocknet ebenso schnell. Flache N\u00e4hte und vorverlegte Schultern\u00e4hte sorgen f\u00fcr reibungslose Bewegungsfreiheit. Nachlieferbar bis 2026 und perfekt kombinierbar mit dem Erima Racing Longsleeve , T-Shirt, Singlet, Bra oder Sprinteranzug. F\u00fcr eine perfekte Passform sorgen der funktionelle Schnitt. Der reflektierende Print f\u00fcr bessere Sichtbarkeit runden perfekte Gesamtbild ab. Als Unisexschnittform f\u00fcr Herren und Kinder oder als taillierter Damenschnitt in sechs sch\u00f6nen Farben lieferbar.<\/p>\n<p>Gr\u00f6\u00dfe 128 bis 164 UVP 51,99 Euro<\/p>\n<\/div>\n<p>Da es sich um Sonderanfertigungen handelt die extra noch gedruckt werden m\u00fcssen, betr\u00e4gt je nach Saison die Lieferzeit: ca 3 &#8211; 6 Wochen<\/p>\n<table border=\"1\" cellspacing=\"0\" cellpadding=\"0\">\n<tbody>\n<tr>\n<td><strong>Menge<\/strong><\/td>\n<td><strong>Preis<\/strong><\/td>\n<\/tr>\n<tr>\n<td>\u00a01 &#8211; 4<\/td>\n<td>35,99 \u20ac<\/td>\n<\/tr>\n<tr>\n<td>5 &#8211; 19<\/td>\n<td>31,99 \u20ac<\/td>\n<\/tr>\n<tr>\n<td>20 &#8211; 50<\/td>\n<td>29,99 \u20ac<\/td>\n<\/tr>\n<\/tbody>\n<\/table>\n<p>&nbsp;<\/p>\n","protected":false},"featured_media":3107,"template":"","meta":[],"product_brand":[],"product_cat":[215,234,419,15,422],"product_tag":[],"class_list":{"0":"post-3120","1":"product","2":"type-product","3":"status-publish","4":"has-post-thumbnail","6":"product_cat-erima","7":"product_cat-la-wettkampfbekleidung-erima","8":"product_cat-shirts-oberteile-tus-zetel","9":"product_cat-vereine","10":"product_cat-wettkampfbekleidung-tus-zetel","11":"description-off","13":"first","14":"instock","15":"sale","16":"taxable","17":"shipping-taxable","18":"purchasable","19":"product-type-variable"},"_links":{"self":[{"href":"https:\/\/sport-goslar.de\/verein-shop\/wp-json\/wp\/v2\/product\/3120","targetHints":{"allow":["GET"]}}],"collection":[{"href":"https:\/\/sport-goslar.de\/verein-shop\/wp-json\/wp\/v2\/product"}],"about":[{"href":"https:\/\/sport-goslar.de\/verein-shop\/wp-json\/wp\/v2\/types\/product"}],"wp:featuredmedia":[{"embeddable":true,"href":"https:\/\/sport-goslar.de\/verein-shop\/wp-json\/wp\/v2\/media\/3107"}],"wp:attachment":[{"href":"https:\/\/sport-goslar.de\/verein-shop\/wp-json\/wp\/v2\/media?parent=3120"}],"wp:term":[{"taxonomy":"product_brand","embeddable":true,"href":"https:\/\/sport-goslar.de\/verein-shop\/wp-json\/wp\/v2\/product_brand?post=3120"},{"taxonomy":"product_cat","embeddable":true,"href":"https:\/\/sport-goslar.de\/verein-shop\/wp-json\/wp\/v2\/product_cat?post=3120"},{"taxonomy":"product_tag","embeddable":true,"href":"https:\/\/sport-goslar.de\/verein-shop\/wp-json\/wp\/v2\/product_tag?post=3120"}],"curies":[{"name":"wp","href":"https:\/\/api.w.org\/{rel}","templated":true}]}}